{"id":111844,"date":"2025-05-29T13:14:32","date_gmt":"2025-05-29T11:14:32","guid":{"rendered":"https:\/\/abinox-chr-clim.com\/index.php\/product\/couteaux-a-steak-arrondis-olympia-avec-manches-en-pp-imitation-bois-lot-de-12\/"},"modified":"2025-08-26T15:10:19","modified_gmt":"2025-08-26T13:10:19","slug":"couteaux-a-steak-arrondis-olympia-avec-manches-en-pp-imitation-bois-lot-de-12","status":"publish","type":"product","link":"https:\/\/abinox-chr-clim.com\/index.php\/product\/couteaux-a-steak-arrondis-olympia-avec-manches-en-pp-imitation-bois-lot-de-12\/","title":{"rendered":"Couteaux \u00e0 steak arrondis Olympia avec manches en PP imitation bois (lot de 12)"},"content":{"rendered":"<p>Acier inoxydable tr\u00e8s r\u00e9sistant. Les manches ont une finition en polypropyl\u00e8ne imitation bois pour un aspect rustique.<\/p>\n<p>\u2022 Lame dentel\u00e9e coupant facilement les steaks<br \/>\u2022 Manches effet bois rustique pour un look classique de steakhouse<br \/>\u2022 Manche fix\u00e9 avec des rivets pour une durabilit\u00e9 accrue<br \/>\u2022 L&rsquo;acier inoxydable assure une utilisation durable sans dommages<br \/>\u2022 Passe au lave-vaisselle pour un nettoyage facile<\/p>\n<p><b><u>Caract\u00e9ristiques du produit :<\/u><\/b><br \/>\u2022 Lot : 12.0<br \/>\u2022 Dim. : 217(L)x 20(P)x 15(H)mm<br \/>\u2022 Mati\u00e8re : Inox<br \/>\u2022 Poids : 47 g.<\/p>\n","protected":false},"excerpt":{"rendered":"<p>Longueur : 217mm. Mat\u00e9riau : Acier inoxydable et polypropyl\u00e8ne<\/p>\n","protected":false},"featured_media":107742,"comment_status":"open","ping_status":"closed","template":"","meta":[],"product_brand":[],"product_cat":[1023,1035,1031,1297],"product_tag":[],"class_list":{"0":"post-111844","1":"product","2":"type-product","3":"status-publish","4":"has-post-thumbnail","6":"product_cat-art-de-la-table","7":"product_cat-couteaux-et-fourchettes-a-steak","8":"product_cat-couverts","9":"product_cat-non-palettisable","10":"product_shipping_class-free-shipping","12":"first","13":"outofstock","14":"featured","15":"taxable","16":"shipping-taxable","17":"purchasable","18":"product-type-simple"},"_links":{"self":[{"href":"https:\/\/abinox-chr-clim.com\/index.php\/wp-json\/wp\/v2\/product\/111844","targetHints":{"allow":["GET"]}}],"collection":[{"href":"https:\/\/abinox-chr-clim.com\/index.php\/wp-json\/wp\/v2\/product"}],"about":[{"href":"https:\/\/abinox-chr-clim.com\/index.php\/wp-json\/wp\/v2\/types\/product"}],"replies":[{"embeddable":true,"href":"https:\/\/abinox-chr-clim.com\/index.php\/wp-json\/wp\/v2\/comments?post=111844"}],"wp:featuredmedia":[{"embeddable":true,"href":"https:\/\/abinox-chr-clim.com\/index.php\/wp-json\/wp\/v2\/media\/107742"}],"wp:attachment":[{"href":"https:\/\/abinox-chr-clim.com\/index.php\/wp-json\/wp\/v2\/media?parent=111844"}],"wp:term":[{"taxonomy":"product_brand","embeddable":true,"href":"https:\/\/abinox-chr-clim.com\/index.php\/wp-json\/wp\/v2\/product_brand?post=111844"},{"taxonomy":"product_cat","embeddable":true,"href":"https:\/\/abinox-chr-clim.com\/index.php\/wp-json\/wp\/v2\/product_cat?post=111844"},{"taxonomy":"product_tag","embeddable":true,"href":"https:\/\/abinox-chr-clim.com\/index.php\/wp-json\/wp\/v2\/product_tag?post=111844"}],"curies":[{"name":"wp","href":"https:\/\/api.w.org\/{rel}","templated":true}]}}