{"id":111841,"date":"2025-05-29T13:13:17","date_gmt":"2025-05-29T11:13:17","guid":{"rendered":"https:\/\/abinox-chr-clim.com\/index.php\/product\/coupelles-obliques-en-bois-fsc-sier-disposables-50ml-lot-de-50\/"},"modified":"2026-04-14T11:49:13","modified_gmt":"2026-04-14T09:49:13","slug":"coupelles-obliques-en-bois-fsc-sier-disposables-50ml-lot-de-50","status":"publish","type":"product","link":"https:\/\/abinox-chr-clim.com\/index.php\/product\/coupelles-obliques-en-bois-fsc-sier-disposables-50ml-lot-de-50\/","title":{"rendered":"Coupelles obliques en bois FSC\u00ae Sier Disposables 50ml (lot de 50)"},"content":{"rendered":"<p>\u2022 Diam\u00e8tre 32 mm<br \/>\u2022 Fabriqu\u00e9 en bois FSC\u00ae<br \/>\u2022 Peut \u00eatre utilis\u00e9 de -20 \u00e0 150 \u00b0C<br \/>\u2022 Belle forme oblique <\/p>\n","protected":false},"excerpt":{"rendered":"<p>En bois FSC\u00ae. 32(\u00d8) x 75\/35(H)mm. Lot de 50<\/p>\n","protected":false},"featured_media":111829,"comment_status":"open","ping_status":"closed","template":"","meta":[],"product_brand":[],"product_cat":[1277,1297],"product_tag":[],"class_list":{"0":"post-111841","1":"product","2":"type-product","3":"status-publish","4":"has-post-thumbnail","6":"product_cat-divers-principal","7":"product_cat-non-palettisable","8":"product_shipping_class-free-shipping","10":"first","11":"instock","12":"featured","13":"taxable","14":"shipping-taxable","15":"purchasable","16":"product-type-simple"},"_links":{"self":[{"href":"https:\/\/abinox-chr-clim.com\/index.php\/wp-json\/wp\/v2\/product\/111841","targetHints":{"allow":["GET"]}}],"collection":[{"href":"https:\/\/abinox-chr-clim.com\/index.php\/wp-json\/wp\/v2\/product"}],"about":[{"href":"https:\/\/abinox-chr-clim.com\/index.php\/wp-json\/wp\/v2\/types\/product"}],"replies":[{"embeddable":true,"href":"https:\/\/abinox-chr-clim.com\/index.php\/wp-json\/wp\/v2\/comments?post=111841"}],"wp:featuredmedia":[{"embeddable":true,"href":"https:\/\/abinox-chr-clim.com\/index.php\/wp-json\/wp\/v2\/media\/111829"}],"wp:attachment":[{"href":"https:\/\/abinox-chr-clim.com\/index.php\/wp-json\/wp\/v2\/media?parent=111841"}],"wp:term":[{"taxonomy":"product_brand","embeddable":true,"href":"https:\/\/abinox-chr-clim.com\/index.php\/wp-json\/wp\/v2\/product_brand?post=111841"},{"taxonomy":"product_cat","embeddable":true,"href":"https:\/\/abinox-chr-clim.com\/index.php\/wp-json\/wp\/v2\/product_cat?post=111841"},{"taxonomy":"product_tag","embeddable":true,"href":"https:\/\/abinox-chr-clim.com\/index.php\/wp-json\/wp\/v2\/product_tag?post=111841"}],"curies":[{"name":"wp","href":"https:\/\/api.w.org\/{rel}","templated":true}]}}