{"id":111834,"date":"2025-05-29T13:07:01","date_gmt":"2025-05-29T11:07:01","guid":{"rendered":"https:\/\/abinox-chr-clim.com\/index.php\/product\/couteaux-en-bambou-sier-disposables-170-mm-lot-de-50\/"},"modified":"2026-04-14T11:49:23","modified_gmt":"2026-04-14T09:49:23","slug":"couteaux-en-bambou-sier-disposables-170-mm-lot-de-50","status":"publish","type":"product","link":"https:\/\/abinox-chr-clim.com\/index.php\/product\/couteaux-en-bambou-sier-disposables-170-mm-lot-de-50\/","title":{"rendered":"Couteaux en bambou Sier Disposables 170 mm (lot de 50)"},"content":{"rendered":"<p>\u2022 170 mm (L)<br \/>\u2022 Fabriqu\u00e9 en bambou, 100% naturel<br \/>\u2022 Ne lib\u00e8re pas de saveurs d\u00e9sagr\u00e9ables<br \/>\u2022 \u00c9cologique <\/p>\n","protected":false},"excerpt":{"rendered":"<p>170 mm. Lot de 50<\/p>\n","protected":false},"featured_media":111831,"comment_status":"open","ping_status":"closed","template":"","meta":[],"product_brand":[],"product_cat":[1277,1297],"product_tag":[],"class_list":{"0":"post-111834","1":"product","2":"type-product","3":"status-publish","4":"has-post-thumbnail","6":"product_cat-divers-principal","7":"product_cat-non-palettisable","8":"product_shipping_class-free-shipping","10":"first","11":"instock","12":"featured","13":"taxable","14":"shipping-taxable","15":"purchasable","16":"product-type-simple"},"_links":{"self":[{"href":"https:\/\/abinox-chr-clim.com\/index.php\/wp-json\/wp\/v2\/product\/111834","targetHints":{"allow":["GET"]}}],"collection":[{"href":"https:\/\/abinox-chr-clim.com\/index.php\/wp-json\/wp\/v2\/product"}],"about":[{"href":"https:\/\/abinox-chr-clim.com\/index.php\/wp-json\/wp\/v2\/types\/product"}],"replies":[{"embeddable":true,"href":"https:\/\/abinox-chr-clim.com\/index.php\/wp-json\/wp\/v2\/comments?post=111834"}],"wp:featuredmedia":[{"embeddable":true,"href":"https:\/\/abinox-chr-clim.com\/index.php\/wp-json\/wp\/v2\/media\/111831"}],"wp:attachment":[{"href":"https:\/\/abinox-chr-clim.com\/index.php\/wp-json\/wp\/v2\/media?parent=111834"}],"wp:term":[{"taxonomy":"product_brand","embeddable":true,"href":"https:\/\/abinox-chr-clim.com\/index.php\/wp-json\/wp\/v2\/product_brand?post=111834"},{"taxonomy":"product_cat","embeddable":true,"href":"https:\/\/abinox-chr-clim.com\/index.php\/wp-json\/wp\/v2\/product_cat?post=111834"},{"taxonomy":"product_tag","embeddable":true,"href":"https:\/\/abinox-chr-clim.com\/index.php\/wp-json\/wp\/v2\/product_tag?post=111834"}],"curies":[{"name":"wp","href":"https:\/\/api.w.org\/{rel}","templated":true}]}}