{"id":111824,"date":"2025-05-29T12:53:23","date_gmt":"2025-05-29T10:53:23","guid":{"rendered":"https:\/\/abinox-chr-clim.com\/index.php\/product\/franges-en-microfibre-jantex-pour-balai-en-v-1-paire\/"},"modified":"2026-04-24T11:26:03","modified_gmt":"2026-04-24T09:26:03","slug":"franges-en-microfibre-jantex-pour-balai-en-v-1-paire","status":"publish","type":"product","link":"https:\/\/abinox-chr-clim.com\/index.php\/product\/franges-en-microfibre-jantex-pour-balai-en-v-1-paire\/","title":{"rendered":"Franges en microfibre Jantex pour balai en V (1 paire)"},"content":{"rendered":"<p>Cet outil de nettoyage polyvalent peut \u00eatre utilis\u00e9 sur une grande vari\u00e9t\u00e9 de surfaces, y compris le bois dur, le carrelage et le stratifi\u00e9. Sa conception innovante en forme de V permet d&rsquo;atteindre les coins et les espaces restreints.<\/p>\n<p>\u2022 Con\u00e7ues pour \u00eatre utilis\u00e9 avec le balai en V Jantex (HZ844)<br \/>\u2022 Offrent une couverture de sol allant de 450mm \u00e0 1600mm<br \/>\u2022 Adapt\u00e9es pour le bois dur, le carrelage, le stratifi\u00e9 et d&rsquo;autres surfaces<br \/>\u2022 Mat\u00e9riau en microfibre pour attirer et capturer la poussi\u00e8re et les d\u00e9bris<\/p>\n<p><b><u>Caract\u00e9ristiques du produit :<\/u><\/b><br \/>\u2022 Dim. : 80(H) x 225(L) x 540(P) mm<br \/>\u2022 Mati\u00e8re : Microfibre<br \/>\u2022 Couleur : Blanc.<\/p>\n","protected":false},"excerpt":{"rendered":"<p>Paire de franges pour le blai en V Jantex (vendu s\u00e9par\u00e9ment &#8211; code HZ844)<\/p>\n","protected":false},"featured_media":106832,"comment_status":"open","ping_status":"closed","template":"","meta":[],"product_brand":[],"product_cat":[1227,1297,1216],"product_tag":[],"class_list":{"0":"post-111824","1":"product","2":"type-product","3":"status-publish","4":"has-post-thumbnail","6":"product_cat-nettoyage","7":"product_cat-non-palettisable","8":"product_cat-usage-unique-et-entretien","9":"product_shipping_class-free-shipping","11":"first","12":"outofstock","13":"featured","14":"taxable","15":"shipping-taxable","16":"purchasable","17":"product-type-simple"},"_links":{"self":[{"href":"https:\/\/abinox-chr-clim.com\/index.php\/wp-json\/wp\/v2\/product\/111824","targetHints":{"allow":["GET"]}}],"collection":[{"href":"https:\/\/abinox-chr-clim.com\/index.php\/wp-json\/wp\/v2\/product"}],"about":[{"href":"https:\/\/abinox-chr-clim.com\/index.php\/wp-json\/wp\/v2\/types\/product"}],"replies":[{"embeddable":true,"href":"https:\/\/abinox-chr-clim.com\/index.php\/wp-json\/wp\/v2\/comments?post=111824"}],"wp:featuredmedia":[{"embeddable":true,"href":"https:\/\/abinox-chr-clim.com\/index.php\/wp-json\/wp\/v2\/media\/106832"}],"wp:attachment":[{"href":"https:\/\/abinox-chr-clim.com\/index.php\/wp-json\/wp\/v2\/media?parent=111824"}],"wp:term":[{"taxonomy":"product_brand","embeddable":true,"href":"https:\/\/abinox-chr-clim.com\/index.php\/wp-json\/wp\/v2\/product_brand?post=111824"},{"taxonomy":"product_cat","embeddable":true,"href":"https:\/\/abinox-chr-clim.com\/index.php\/wp-json\/wp\/v2\/product_cat?post=111824"},{"taxonomy":"product_tag","embeddable":true,"href":"https:\/\/abinox-chr-clim.com\/index.php\/wp-json\/wp\/v2\/product_tag?post=111824"}],"curies":[{"name":"wp","href":"https:\/\/api.w.org\/{rel}","templated":true}]}}