{"id":111823,"date":"2025-05-29T12:53:21","date_gmt":"2025-05-29T10:53:21","guid":{"rendered":"https:\/\/abinox-chr-clim.com\/index.php\/product\/balai-en-v-jantex\/"},"modified":"2026-04-24T11:26:03","modified_gmt":"2026-04-24T09:26:03","slug":"balai-en-v-jantex","status":"publish","type":"product","link":"https:\/\/abinox-chr-clim.com\/index.php\/product\/balai-en-v-jantex\/","title":{"rendered":"Balai en V Jantex"},"content":{"rendered":"<p>Cet outil de nettoyage polyvalent peut \u00eatre utilis\u00e9 sur une grande vari\u00e9t\u00e9 de surfaces, y compris le bois dur, le carrelage et le stratifi\u00e9. Sa conception innovante en forme de V permet d&rsquo;atteindre les coins et les espaces restreints.<\/p>\n<p>\u2022 Convient pour nettoyer les surfaces en bois dur, carrelage et stratifi\u00e9<br \/>\u2022 Le design en forme de V atteint les coins et les espaces restreints<br \/>\u2022 La t\u00eate en microfibre capture efficacement la poussi\u00e8re, la salet\u00e9 et les d\u00e9bris<br \/>\u2022 La t\u00eate r\u00e9glable offre une couverture du sol de 450mm \u00e0 1600mm, id\u00e9ale pour les grands espaces<br \/>\u2022 L&rsquo;action en ciseaux garantit que toute la salet\u00e9 et les d\u00e9bris soient ramass\u00e9s, des gros morceaux jusqu&rsquo;\u00e0 la fine poussi\u00e8re<br \/>\u2022 Fournie avec deux franges. Pi\u00e8ces de rechange disponibles s\u00e9par\u00e9ment sous le code HZ845<\/p>\n<p><b><u>Caract\u00e9ristiques du produit :<\/u><\/b><br \/>\u2022 Dim. : 1350(H) x 1950(L) mm<br \/>\u2022 Mati\u00e8re : Inox<br \/>\u2022 Couleur : Bleu.<\/p>\n","protected":false},"excerpt":{"rendered":"<p>1350(H)x1950(L)mm. Livr\u00e9 avec deux franges en microfibre<\/p>\n","protected":false},"featured_media":109237,"comment_status":"open","ping_status":"closed","template":"","meta":[],"product_brand":[],"product_cat":[1227,1297,1216],"product_tag":[],"class_list":{"0":"post-111823","1":"product","2":"type-product","3":"status-publish","4":"has-post-thumbnail","6":"product_cat-nettoyage","7":"product_cat-non-palettisable","8":"product_cat-usage-unique-et-entretien","9":"product_shipping_class-free-shipping","11":"first","12":"instock","13":"featured","14":"taxable","15":"shipping-taxable","16":"purchasable","17":"product-type-simple"},"_links":{"self":[{"href":"https:\/\/abinox-chr-clim.com\/index.php\/wp-json\/wp\/v2\/product\/111823","targetHints":{"allow":["GET"]}}],"collection":[{"href":"https:\/\/abinox-chr-clim.com\/index.php\/wp-json\/wp\/v2\/product"}],"about":[{"href":"https:\/\/abinox-chr-clim.com\/index.php\/wp-json\/wp\/v2\/types\/product"}],"replies":[{"embeddable":true,"href":"https:\/\/abinox-chr-clim.com\/index.php\/wp-json\/wp\/v2\/comments?post=111823"}],"wp:featuredmedia":[{"embeddable":true,"href":"https:\/\/abinox-chr-clim.com\/index.php\/wp-json\/wp\/v2\/media\/109237"}],"wp:attachment":[{"href":"https:\/\/abinox-chr-clim.com\/index.php\/wp-json\/wp\/v2\/media?parent=111823"}],"wp:term":[{"taxonomy":"product_brand","embeddable":true,"href":"https:\/\/abinox-chr-clim.com\/index.php\/wp-json\/wp\/v2\/product_brand?post=111823"},{"taxonomy":"product_cat","embeddable":true,"href":"https:\/\/abinox-chr-clim.com\/index.php\/wp-json\/wp\/v2\/product_cat?post=111823"},{"taxonomy":"product_tag","embeddable":true,"href":"https:\/\/abinox-chr-clim.com\/index.php\/wp-json\/wp\/v2\/product_tag?post=111823"}],"curies":[{"name":"wp","href":"https:\/\/api.w.org\/{rel}","templated":true}]}}