{"id":111820,"date":"2025-05-29T12:53:15","date_gmt":"2025-05-29T10:53:15","guid":{"rendered":"https:\/\/abinox-chr-clim.com\/index.php\/product\/ensemble-pelle-et-balayette-jantex-vert\/"},"modified":"2026-04-24T11:25:59","modified_gmt":"2026-04-24T09:25:59","slug":"ensemble-pelle-et-balayette-jantex-vert","status":"publish","type":"product","link":"https:\/\/abinox-chr-clim.com\/index.php\/product\/ensemble-pelle-et-balayette-jantex-vert\/","title":{"rendered":"Ensemble pelle et balayette Jantex vert"},"content":{"rendered":"<p>Balayez facilement les salet\u00e9s fines. La brosse est dot\u00e9e de poils robustes et d&rsquo;un long manche. Le rebord en caoutchouc de la pelle assure un contact total avec le sol. Les manches s&#8217;embo\u00eetent pour faciliter le rangement. Largeur 226 mm.<\/p>\n<p>\u2022 Con\u00e7u pour les travaux de nettoyage rapides et faciles<br \/>\u2022 Aide au nettoyage par code couleur pour minimiser la contamination crois\u00e9e<br \/>\u2022 Grande ouverture pour une collecte facile de la poussi\u00e8re et des d\u00e9bris<br \/>\u2022 La pelle dispose d&rsquo;un rebord sur\u00e9lev\u00e9 et d&rsquo;un bord caoutchout\u00e9<br \/>\u2022 Des trous dans les manches de la pelle et de la balayette permettent un rangement pratique<br \/>\u2022 Le design compact aide \u00e0 \u00e9conomiser un pr\u00e9cieux espace de rangement<\/p>\n<p><b><u>Caract\u00e9ristiques du produit :<\/u><\/b><br \/>\u2022 Dim. : 82(H) x 226(L) x 321(P) mm<br \/>\u2022 Mati\u00e8re : Plastique<br \/>\u2022 Couleur : Vert.<\/p>\n","protected":false},"excerpt":{"rendered":"<p>Largeur 226mm. Couleur : Vert. Les manches s&rsquo;imbriquent pour un rangement facile<\/p>\n","protected":false},"featured_media":109235,"comment_status":"open","ping_status":"closed","template":"","meta":[],"product_brand":[],"product_cat":[1227,1297,1216],"product_tag":[],"class_list":{"0":"post-111820","1":"product","2":"type-product","3":"status-publish","4":"has-post-thumbnail","6":"product_cat-nettoyage","7":"product_cat-non-palettisable","8":"product_cat-usage-unique-et-entretien","9":"product_shipping_class-free-shipping","11":"first","12":"instock","13":"featured","14":"taxable","15":"shipping-taxable","16":"purchasable","17":"product-type-simple"},"_links":{"self":[{"href":"https:\/\/abinox-chr-clim.com\/index.php\/wp-json\/wp\/v2\/product\/111820","targetHints":{"allow":["GET"]}}],"collection":[{"href":"https:\/\/abinox-chr-clim.com\/index.php\/wp-json\/wp\/v2\/product"}],"about":[{"href":"https:\/\/abinox-chr-clim.com\/index.php\/wp-json\/wp\/v2\/types\/product"}],"replies":[{"embeddable":true,"href":"https:\/\/abinox-chr-clim.com\/index.php\/wp-json\/wp\/v2\/comments?post=111820"}],"wp:featuredmedia":[{"embeddable":true,"href":"https:\/\/abinox-chr-clim.com\/index.php\/wp-json\/wp\/v2\/media\/109235"}],"wp:attachment":[{"href":"https:\/\/abinox-chr-clim.com\/index.php\/wp-json\/wp\/v2\/media?parent=111820"}],"wp:term":[{"taxonomy":"product_brand","embeddable":true,"href":"https:\/\/abinox-chr-clim.com\/index.php\/wp-json\/wp\/v2\/product_brand?post=111820"},{"taxonomy":"product_cat","embeddable":true,"href":"https:\/\/abinox-chr-clim.com\/index.php\/wp-json\/wp\/v2\/product_cat?post=111820"},{"taxonomy":"product_tag","embeddable":true,"href":"https:\/\/abinox-chr-clim.com\/index.php\/wp-json\/wp\/v2\/product_tag?post=111820"}],"curies":[{"name":"wp","href":"https:\/\/api.w.org\/{rel}","templated":true}]}}