{"id":111816,"date":"2025-05-29T12:53:08","date_gmt":"2025-05-29T10:53:08","guid":{"rendered":"https:\/\/abinox-chr-clim.com\/index.php\/product\/agitateurs-en-bambou-sier-disposables-lot-de-1000\/"},"modified":"2026-04-14T11:49:29","modified_gmt":"2026-04-14T09:49:29","slug":"agitateurs-en-bambou-sier-disposables-lot-de-1000","status":"publish","type":"product","link":"https:\/\/abinox-chr-clim.com\/index.php\/product\/agitateurs-en-bambou-sier-disposables-lot-de-1000\/","title":{"rendered":"Agitateurs en bambou Sier Disposables (lot de 1000)"},"content":{"rendered":"<p>\u2022 140 mm (L)<br \/>\u2022 Fait de bambou, 100% naturel<br \/>\u2022 Ne lib\u00e8re pas de saveurs d\u00e9sagr\u00e9ables<br \/>\u2022 \u00c9cologique <\/p>\n","protected":false},"excerpt":{"rendered":"<p>En bambou. 140 x 5 x 1mm. Lot de 1000<\/p>\n","protected":false},"featured_media":105741,"comment_status":"open","ping_status":"closed","template":"","meta":[],"product_brand":[],"product_cat":[1277,1297],"product_tag":[],"class_list":{"0":"post-111816","1":"product","2":"type-product","3":"status-publish","4":"has-post-thumbnail","6":"product_cat-divers-principal","7":"product_cat-non-palettisable","8":"product_shipping_class-free-shipping","10":"first","11":"instock","12":"featured","13":"taxable","14":"shipping-taxable","15":"purchasable","16":"product-type-simple"},"_links":{"self":[{"href":"https:\/\/abinox-chr-clim.com\/index.php\/wp-json\/wp\/v2\/product\/111816","targetHints":{"allow":["GET"]}}],"collection":[{"href":"https:\/\/abinox-chr-clim.com\/index.php\/wp-json\/wp\/v2\/product"}],"about":[{"href":"https:\/\/abinox-chr-clim.com\/index.php\/wp-json\/wp\/v2\/types\/product"}],"replies":[{"embeddable":true,"href":"https:\/\/abinox-chr-clim.com\/index.php\/wp-json\/wp\/v2\/comments?post=111816"}],"wp:featuredmedia":[{"embeddable":true,"href":"https:\/\/abinox-chr-clim.com\/index.php\/wp-json\/wp\/v2\/media\/105741"}],"wp:attachment":[{"href":"https:\/\/abinox-chr-clim.com\/index.php\/wp-json\/wp\/v2\/media?parent=111816"}],"wp:term":[{"taxonomy":"product_brand","embeddable":true,"href":"https:\/\/abinox-chr-clim.com\/index.php\/wp-json\/wp\/v2\/product_brand?post=111816"},{"taxonomy":"product_cat","embeddable":true,"href":"https:\/\/abinox-chr-clim.com\/index.php\/wp-json\/wp\/v2\/product_cat?post=111816"},{"taxonomy":"product_tag","embeddable":true,"href":"https:\/\/abinox-chr-clim.com\/index.php\/wp-json\/wp\/v2\/product_tag?post=111816"}],"curies":[{"name":"wp","href":"https:\/\/api.w.org\/{rel}","templated":true}]}}