{"id":111810,"date":"2025-05-29T12:52:51","date_gmt":"2025-05-29T10:52:51","guid":{"rendered":"https:\/\/abinox-chr-clim.com\/index.php\/product\/papier-ingraissable-imprime-journal-2-cotes-ouverts-170-x-170-mm-lot-de-300\/"},"modified":"2026-04-14T11:49:18","modified_gmt":"2026-04-14T09:49:18","slug":"papier-ingraissable-imprime-journal-2-cotes-ouverts-170-x-170-mm-lot-de-300","status":"publish","type":"product","link":"https:\/\/abinox-chr-clim.com\/index.php\/product\/papier-ingraissable-imprime-journal-2-cotes-ouverts-170-x-170-mm-lot-de-300\/","title":{"rendered":"Papier ingraissable imprim\u00e9 journal 2 c\u00f4t\u00e9s ouverts 170 x 170 mm (lot de 300)"},"content":{"rendered":"<p>\u2022 170 mm x 170 mm<br \/>\u2022 Ingraissable<br \/>\u2022 2 c\u00f4t\u00e9s ouverts<br \/>\u2022 Avec impression de journal <\/p>\n","protected":false},"excerpt":{"rendered":"<p>Motif journal 170 x 170mm. Lot de 300<\/p>\n","protected":false},"featured_media":109232,"comment_status":"open","ping_status":"closed","template":"","meta":[],"product_brand":[],"product_cat":[1277,1297],"product_tag":[],"class_list":{"0":"post-111810","1":"product","2":"type-product","3":"status-publish","4":"has-post-thumbnail","6":"product_cat-divers-principal","7":"product_cat-non-palettisable","8":"product_shipping_class-free-shipping","10":"first","11":"instock","12":"featured","13":"taxable","14":"shipping-taxable","15":"purchasable","16":"product-type-simple"},"_links":{"self":[{"href":"https:\/\/abinox-chr-clim.com\/index.php\/wp-json\/wp\/v2\/product\/111810","targetHints":{"allow":["GET"]}}],"collection":[{"href":"https:\/\/abinox-chr-clim.com\/index.php\/wp-json\/wp\/v2\/product"}],"about":[{"href":"https:\/\/abinox-chr-clim.com\/index.php\/wp-json\/wp\/v2\/types\/product"}],"replies":[{"embeddable":true,"href":"https:\/\/abinox-chr-clim.com\/index.php\/wp-json\/wp\/v2\/comments?post=111810"}],"wp:featuredmedia":[{"embeddable":true,"href":"https:\/\/abinox-chr-clim.com\/index.php\/wp-json\/wp\/v2\/media\/109232"}],"wp:attachment":[{"href":"https:\/\/abinox-chr-clim.com\/index.php\/wp-json\/wp\/v2\/media?parent=111810"}],"wp:term":[{"taxonomy":"product_brand","embeddable":true,"href":"https:\/\/abinox-chr-clim.com\/index.php\/wp-json\/wp\/v2\/product_brand?post=111810"},{"taxonomy":"product_cat","embeddable":true,"href":"https:\/\/abinox-chr-clim.com\/index.php\/wp-json\/wp\/v2\/product_cat?post=111810"},{"taxonomy":"product_tag","embeddable":true,"href":"https:\/\/abinox-chr-clim.com\/index.php\/wp-json\/wp\/v2\/product_tag?post=111810"}],"curies":[{"name":"wp","href":"https:\/\/api.w.org\/{rel}","templated":true}]}}