{"id":111807,"date":"2025-05-29T12:52:42","date_gmt":"2025-05-29T10:52:42","guid":{"rendered":"https:\/\/abinox-chr-clim.com\/index.php\/product\/cure-dents-en-bois-fsc-sier-disposables-65mm-lot-de-1000\/"},"modified":"2026-04-14T11:49:12","modified_gmt":"2026-04-14T09:49:12","slug":"cure-dents-en-bois-fsc-sier-disposables-65mm-lot-de-1000","status":"publish","type":"product","link":"https:\/\/abinox-chr-clim.com\/index.php\/product\/cure-dents-en-bois-fsc-sier-disposables-65mm-lot-de-1000\/","title":{"rendered":"Cure-dents en bois FSC\u00ae Sier Disposables 65mm (lot de 1000)"},"content":{"rendered":"<p>\u2022 65 mm (L)<br \/>\u2022 Fabriqu\u00e9 en bois FSC\u00ae<br \/>\u2022 Emballages individuels en papier<br \/>\u2022 Pointu des deux c\u00f4t\u00e9s <\/p>\n","protected":false},"excerpt":{"rendered":"<p>Bois FSC\u00ae. Pointus des deux c\u00f4t\u00e9s. Emball\u00e9s individuellement<\/p>\n","protected":false},"featured_media":105944,"comment_status":"open","ping_status":"closed","template":"","meta":[],"product_brand":[],"product_cat":[1277,1297],"product_tag":[],"class_list":{"0":"post-111807","1":"product","2":"type-product","3":"status-publish","4":"has-post-thumbnail","6":"product_cat-divers-principal","7":"product_cat-non-palettisable","8":"product_shipping_class-free-shipping","10":"first","11":"instock","12":"featured","13":"taxable","14":"shipping-taxable","15":"purchasable","16":"product-type-simple"},"_links":{"self":[{"href":"https:\/\/abinox-chr-clim.com\/index.php\/wp-json\/wp\/v2\/product\/111807","targetHints":{"allow":["GET"]}}],"collection":[{"href":"https:\/\/abinox-chr-clim.com\/index.php\/wp-json\/wp\/v2\/product"}],"about":[{"href":"https:\/\/abinox-chr-clim.com\/index.php\/wp-json\/wp\/v2\/types\/product"}],"replies":[{"embeddable":true,"href":"https:\/\/abinox-chr-clim.com\/index.php\/wp-json\/wp\/v2\/comments?post=111807"}],"wp:featuredmedia":[{"embeddable":true,"href":"https:\/\/abinox-chr-clim.com\/index.php\/wp-json\/wp\/v2\/media\/105944"}],"wp:attachment":[{"href":"https:\/\/abinox-chr-clim.com\/index.php\/wp-json\/wp\/v2\/media?parent=111807"}],"wp:term":[{"taxonomy":"product_brand","embeddable":true,"href":"https:\/\/abinox-chr-clim.com\/index.php\/wp-json\/wp\/v2\/product_brand?post=111807"},{"taxonomy":"product_cat","embeddable":true,"href":"https:\/\/abinox-chr-clim.com\/index.php\/wp-json\/wp\/v2\/product_cat?post=111807"},{"taxonomy":"product_tag","embeddable":true,"href":"https:\/\/abinox-chr-clim.com\/index.php\/wp-json\/wp\/v2\/product_tag?post=111807"}],"curies":[{"name":"wp","href":"https:\/\/api.w.org\/{rel}","templated":true}]}}