{"id":111805,"date":"2025-05-29T12:52:38","date_gmt":"2025-05-29T10:52:38","guid":{"rendered":"https:\/\/abinox-chr-clim.com\/index.php\/product\/piques-noeuds-en-bambou-sier-disposables-180mm-lot-de-250\/"},"modified":"2026-04-14T11:49:10","modified_gmt":"2026-04-14T09:49:10","slug":"piques-noeuds-en-bambou-sier-disposables-180mm-lot-de-250","status":"publish","type":"product","link":"https:\/\/abinox-chr-clim.com\/index.php\/product\/piques-noeuds-en-bambou-sier-disposables-180mm-lot-de-250\/","title":{"rendered":"Piques n\u0153uds en bambou Sier Disposables 180mm (lot de 250)"},"content":{"rendered":"<p>\u2022 180 mm (L)<br \/>\u2022 Fabriqu\u00e9 \u00e0 partir de bambou, 100% naturel<br \/>\u2022 Ne d\u00e9gage pas de saveurs d\u00e9sagr\u00e9ables<br \/>\u2022 Avec un beau n\u0153ud <\/p>\n","protected":false},"excerpt":{"rendered":"<p>Bambou. 180mm. Lot de 250<\/p>\n","protected":false},"featured_media":106627,"comment_status":"open","ping_status":"closed","template":"","meta":[],"product_brand":[],"product_cat":[1277,1297],"product_tag":[],"class_list":{"0":"post-111805","1":"product","2":"type-product","3":"status-publish","4":"has-post-thumbnail","6":"product_cat-divers-principal","7":"product_cat-non-palettisable","8":"product_shipping_class-free-shipping","10":"first","11":"instock","12":"featured","13":"taxable","14":"shipping-taxable","15":"purchasable","16":"product-type-simple"},"_links":{"self":[{"href":"https:\/\/abinox-chr-clim.com\/index.php\/wp-json\/wp\/v2\/product\/111805","targetHints":{"allow":["GET"]}}],"collection":[{"href":"https:\/\/abinox-chr-clim.com\/index.php\/wp-json\/wp\/v2\/product"}],"about":[{"href":"https:\/\/abinox-chr-clim.com\/index.php\/wp-json\/wp\/v2\/types\/product"}],"replies":[{"embeddable":true,"href":"https:\/\/abinox-chr-clim.com\/index.php\/wp-json\/wp\/v2\/comments?post=111805"}],"wp:featuredmedia":[{"embeddable":true,"href":"https:\/\/abinox-chr-clim.com\/index.php\/wp-json\/wp\/v2\/media\/106627"}],"wp:attachment":[{"href":"https:\/\/abinox-chr-clim.com\/index.php\/wp-json\/wp\/v2\/media?parent=111805"}],"wp:term":[{"taxonomy":"product_brand","embeddable":true,"href":"https:\/\/abinox-chr-clim.com\/index.php\/wp-json\/wp\/v2\/product_brand?post=111805"},{"taxonomy":"product_cat","embeddable":true,"href":"https:\/\/abinox-chr-clim.com\/index.php\/wp-json\/wp\/v2\/product_cat?post=111805"},{"taxonomy":"product_tag","embeddable":true,"href":"https:\/\/abinox-chr-clim.com\/index.php\/wp-json\/wp\/v2\/product_tag?post=111805"}],"curies":[{"name":"wp","href":"https:\/\/api.w.org\/{rel}","templated":true}]}}