{"id":111802,"date":"2025-05-29T12:52:32","date_gmt":"2025-05-29T10:52:32","guid":{"rendered":"https:\/\/abinox-chr-clim.com\/index.php\/product\/fauteuils-dexterieur-bolero-santiago-noirs-lot-de-4\/"},"modified":"2025-08-26T15:09:50","modified_gmt":"2025-08-26T13:09:50","slug":"fauteuils-dexterieur-bolero-santiago-noirs-lot-de-4","status":"publish","type":"product","link":"https:\/\/abinox-chr-clim.com\/index.php\/product\/fauteuils-dexterieur-bolero-santiago-noirs-lot-de-4\/","title":{"rendered":"Fauteuils d&rsquo;ext\u00e9rieur Bolero Santiago noirs (lot de 4)"},"content":{"rendered":"<p>\u2022 Parfait pour les terrasses de brasseries, les caf\u00e9s et les espaces commerciaux<br \/>\u2022 Peut \u00eatre nettoy\u00e9 avec un chiffon, recommande l&rsquo;utilisation d&rsquo;un nettoyeur haute pression pour un nettoyage en profondeur<br \/>\u2022 Pieds avec patins noirs pour \u00e9viter de rayer les sols<br \/>\u2022 Enti\u00e8rement assembl\u00e9s et fournis par lot de quatre<br \/>\u2022 L\u00e9gers et faciles \u00e0 d\u00e9placer entre le service\/int\u00e9rieur et l&rsquo;ext\u00e9rieur<br \/>\u2022 R\u00e9sistant aux UV pour pr\u00e9venir la d\u00e9coloration et les dommages caus\u00e9s par le soleil<br \/>\u2022 Conception empilable pour \u00e9conomiser de l&rsquo;espace<br \/>\u2022 Convient pour une utilisation int\u00e9rieure et ext\u00e9rieure<br \/>\u2022 Cadre solide et robuste avec rev\u00eatement en poudre noire<br \/>\u2022 Cadre en aluminium avec dossier au style en maille<\/p>\n<p><b><u>Caract\u00e9ristiques du produit :<\/u><\/b><br \/>\u2022 Lot : 4.0<br \/>\u2022 Dim. : 776(H) x 603(L) x 560(P)mm<br \/>\u2022 Mati\u00e8re : Aluminium et textil\u00e8ne<br \/>\u2022 Poids : 2,9 kg<br \/>\u2022 Couleur : Noir.<\/p>\n","protected":false},"excerpt":{"rendered":"<p>Enti\u00e8rement assembl\u00e9s. Cadre en aluminium. 776(H)x603(L)x560(P)mm<\/p>\n","protected":false},"featured_media":109230,"comment_status":"open","ping_status":"closed","template":"","meta":[],"product_brand":[],"product_cat":[1208,1201,1296,1212],"product_tag":[],"class_list":{"0":"post-111802","1":"product","2":"type-product","3":"status-publish","4":"has-post-thumbnail","6":"product_cat-interieur","7":"product_cat-mobilier","8":"product_cat-palettisable","9":"product_cat-tables-interieur","10":"product_shipping_class-free-shipping","12":"first","13":"outofstock","14":"featured","15":"taxable","16":"shipping-taxable","17":"purchasable","18":"product-type-simple"},"_links":{"self":[{"href":"https:\/\/abinox-chr-clim.com\/index.php\/wp-json\/wp\/v2\/product\/111802","targetHints":{"allow":["GET"]}}],"collection":[{"href":"https:\/\/abinox-chr-clim.com\/index.php\/wp-json\/wp\/v2\/product"}],"about":[{"href":"https:\/\/abinox-chr-clim.com\/index.php\/wp-json\/wp\/v2\/types\/product"}],"replies":[{"embeddable":true,"href":"https:\/\/abinox-chr-clim.com\/index.php\/wp-json\/wp\/v2\/comments?post=111802"}],"wp:featuredmedia":[{"embeddable":true,"href":"https:\/\/abinox-chr-clim.com\/index.php\/wp-json\/wp\/v2\/media\/109230"}],"wp:attachment":[{"href":"https:\/\/abinox-chr-clim.com\/index.php\/wp-json\/wp\/v2\/media?parent=111802"}],"wp:term":[{"taxonomy":"product_brand","embeddable":true,"href":"https:\/\/abinox-chr-clim.com\/index.php\/wp-json\/wp\/v2\/product_brand?post=111802"},{"taxonomy":"product_cat","embeddable":true,"href":"https:\/\/abinox-chr-clim.com\/index.php\/wp-json\/wp\/v2\/product_cat?post=111802"},{"taxonomy":"product_tag","embeddable":true,"href":"https:\/\/abinox-chr-clim.com\/index.php\/wp-json\/wp\/v2\/product_tag?post=111802"}],"curies":[{"name":"wp","href":"https:\/\/api.w.org\/{rel}","templated":true}]}}