{"id":111800,"date":"2025-05-29T12:52:29","date_gmt":"2025-05-29T10:52:29","guid":{"rendered":"https:\/\/abinox-chr-clim.com\/index.php\/product\/fauteuils-dexterieur-en-rotin-pe-tresse-bolero-bay-miel-lot-de-2\/"},"modified":"2025-08-26T15:09:48","modified_gmt":"2025-08-26T13:09:48","slug":"fauteuils-dexterieur-en-rotin-pe-tresse-bolero-bay-miel-lot-de-2","status":"publish","type":"product","link":"https:\/\/abinox-chr-clim.com\/index.php\/product\/fauteuils-dexterieur-en-rotin-pe-tresse-bolero-bay-miel-lot-de-2\/","title":{"rendered":"Fauteuils d&rsquo;ext\u00e9rieur en rotin PE tress\u00e9 Bolero Bay miel (lot de 2)"},"content":{"rendered":"<p>\u2022 Convient pour une utilisation int\u00e9rieure et ext\u00e9rieure<br \/>\u2022 R\u00e9sistant aux UV pour prot\u00e9ger la couleur de la d\u00e9coloration au soleil, assurant une apparence vive et durable<br \/>\u2022 Cadre en aluminium avec rev\u00eatement poudr\u00e9<br \/>\u2022 Design incurv\u00e9, rond et \u00e9l\u00e9gant du dossier<br \/>\u2022 Inclut un coussin en polyester pour plus de confort<br \/>\u2022 Si\u00e8ge et dossier en rotin PE \u00e9l\u00e9gant et robuste avec finition tress\u00e9e<br \/>\u2022 Pieds en plastique noir fournis pour aider \u00e0 prot\u00e9ger les sols et \u00e9viter les marques de rayures<br \/>\u2022 S&rsquo;essuient facilement ; il est recommand\u00e9 d&rsquo;utiliser un nettoyeur haute pression pour nettoyer entre les fils de rotin PE si n\u00e9cessaire<\/p>\n<p><b><u>Caract\u00e9ristiques du produit :<\/u><\/b><br \/>\u2022 Lot : 2.0<br \/>\u2022 Dim. : 805(H) x 675(L) x 552(P)mm<br \/>\u2022 Mati\u00e8re : Rotin<br \/>\u2022 Poids : 4,18 kg<br \/>\u2022 Couleur : Marron.<\/p>\n","protected":false},"excerpt":{"rendered":"<p>Cadre en aluminium. 805(H)x675(L)x552(P)mm. Quantit\u00e9 : 2<\/p>\n","protected":false},"featured_media":105943,"comment_status":"open","ping_status":"closed","template":"","meta":[],"product_brand":[],"product_cat":[1208,1201,1296,1212],"product_tag":[],"class_list":{"0":"post-111800","1":"product","2":"type-product","3":"status-publish","4":"has-post-thumbnail","6":"product_cat-interieur","7":"product_cat-mobilier","8":"product_cat-palettisable","9":"product_cat-tables-interieur","10":"product_shipping_class-free-shipping","12":"first","13":"outofstock","14":"featured","15":"taxable","16":"shipping-taxable","17":"purchasable","18":"product-type-simple"},"_links":{"self":[{"href":"https:\/\/abinox-chr-clim.com\/index.php\/wp-json\/wp\/v2\/product\/111800","targetHints":{"allow":["GET"]}}],"collection":[{"href":"https:\/\/abinox-chr-clim.com\/index.php\/wp-json\/wp\/v2\/product"}],"about":[{"href":"https:\/\/abinox-chr-clim.com\/index.php\/wp-json\/wp\/v2\/types\/product"}],"replies":[{"embeddable":true,"href":"https:\/\/abinox-chr-clim.com\/index.php\/wp-json\/wp\/v2\/comments?post=111800"}],"wp:featuredmedia":[{"embeddable":true,"href":"https:\/\/abinox-chr-clim.com\/index.php\/wp-json\/wp\/v2\/media\/105943"}],"wp:attachment":[{"href":"https:\/\/abinox-chr-clim.com\/index.php\/wp-json\/wp\/v2\/media?parent=111800"}],"wp:term":[{"taxonomy":"product_brand","embeddable":true,"href":"https:\/\/abinox-chr-clim.com\/index.php\/wp-json\/wp\/v2\/product_brand?post=111800"},{"taxonomy":"product_cat","embeddable":true,"href":"https:\/\/abinox-chr-clim.com\/index.php\/wp-json\/wp\/v2\/product_cat?post=111800"},{"taxonomy":"product_tag","embeddable":true,"href":"https:\/\/abinox-chr-clim.com\/index.php\/wp-json\/wp\/v2\/product_tag?post=111800"}],"curies":[{"name":"wp","href":"https:\/\/api.w.org\/{rel}","templated":true}]}}