{"id":111799,"date":"2025-05-29T12:52:27","date_gmt":"2025-05-29T10:52:27","guid":{"rendered":"https:\/\/abinox-chr-clim.com\/index.php\/product\/tabourets-de-bar-dexterieur-en-rotin-pe-tresse-bolero-eden-verts-lot-de-2\/"},"modified":"2026-04-13T08:40:12","modified_gmt":"2026-04-13T06:40:12","slug":"tabourets-de-bar-dexterieur-en-rotin-pe-tresse-bolero-eden-verts-lot-de-2","status":"publish","type":"product","link":"https:\/\/abinox-chr-clim.com\/index.php\/product\/tabourets-de-bar-dexterieur-en-rotin-pe-tresse-bolero-eden-verts-lot-de-2\/","title":{"rendered":"Tabourets de bar d&rsquo;ext\u00e9rieur en rotin PE tress\u00e9 Bolero Eden verts (lot de 2)"},"content":{"rendered":"<p>Renouvelez les si\u00e8ges de votre restaurant avec les tabourets de bar Bolero Eden. Dot\u00e9s d&rsquo;une structure en aluminium, d&rsquo;une assise en rotin PE finition corde tress\u00e9e, ces tabourets constituent une option \u00e9l\u00e9gante et durable pour les espaces d&rsquo;accueil.<\/p>\n<p>\u2022 Convient pour une utilisation int\u00e9rieure et ext\u00e9rieure<br \/>\u2022 Mat\u00e9riaux r\u00e9sistants aux UV &#8211; pour prot\u00e9ger la couleur vive de la d\u00e9coloration au soleil, garantissant une apparence durable<br \/>\u2022 Cadre en aluminium avec rev\u00eatement poudr\u00e9 gris fonc\u00e9<br \/>\u2022 Si\u00e8ge et dossier en rotin PE \u00e9l\u00e9gant et robuste avec finition tress\u00e9e<br \/>\u2022 Conception empilable permettant un stockage efficace et installation et rangement faciles pour les \u00e9v\u00e9nements et les op\u00e9rations quotidiennes<br \/>\u2022 Pieds en plastique noir fournis pour aider \u00e0 prot\u00e9ger les sols et \u00e9viter les marques de rayures<br \/>\u2022 Fauteuils assortis disponibles<\/p>\n<p><b><u>Caract\u00e9ristiques du produit :<\/u><\/b><br \/>\u2022 Lot : 2.0<br \/>\u2022 Dim. : 1040(H) x 577(L) x 459(P)mm<br \/>\u2022 Mati\u00e8re : Rotin<br \/>\u2022 Poids : 3,15 kg<br \/>\u2022 Couleur : Vert.<\/p>\n","protected":false},"excerpt":{"rendered":"<p>Cadre en aluminium. 1040(H)x577(L)x459(P)mm. Quantit\u00e9 par lot : 2<\/p>\n","protected":false},"featured_media":109228,"comment_status":"open","ping_status":"closed","template":"","meta":[],"product_brand":[],"product_cat":[1208,1201,1296,1212],"product_tag":[],"class_list":{"0":"post-111799","1":"product","2":"type-product","3":"status-publish","4":"has-post-thumbnail","6":"product_cat-interieur","7":"product_cat-mobilier","8":"product_cat-palettisable","9":"product_cat-tables-interieur","10":"product_shipping_class-free-shipping","12":"first","13":"instock","14":"featured","15":"taxable","16":"shipping-taxable","17":"purchasable","18":"product-type-simple"},"_links":{"self":[{"href":"https:\/\/abinox-chr-clim.com\/index.php\/wp-json\/wp\/v2\/product\/111799","targetHints":{"allow":["GET"]}}],"collection":[{"href":"https:\/\/abinox-chr-clim.com\/index.php\/wp-json\/wp\/v2\/product"}],"about":[{"href":"https:\/\/abinox-chr-clim.com\/index.php\/wp-json\/wp\/v2\/types\/product"}],"replies":[{"embeddable":true,"href":"https:\/\/abinox-chr-clim.com\/index.php\/wp-json\/wp\/v2\/comments?post=111799"}],"wp:featuredmedia":[{"embeddable":true,"href":"https:\/\/abinox-chr-clim.com\/index.php\/wp-json\/wp\/v2\/media\/109228"}],"wp:attachment":[{"href":"https:\/\/abinox-chr-clim.com\/index.php\/wp-json\/wp\/v2\/media?parent=111799"}],"wp:term":[{"taxonomy":"product_brand","embeddable":true,"href":"https:\/\/abinox-chr-clim.com\/index.php\/wp-json\/wp\/v2\/product_brand?post=111799"},{"taxonomy":"product_cat","embeddable":true,"href":"https:\/\/abinox-chr-clim.com\/index.php\/wp-json\/wp\/v2\/product_cat?post=111799"},{"taxonomy":"product_tag","embeddable":true,"href":"https:\/\/abinox-chr-clim.com\/index.php\/wp-json\/wp\/v2\/product_tag?post=111799"}],"curies":[{"name":"wp","href":"https:\/\/api.w.org\/{rel}","templated":true}]}}