{"id":111795,"date":"2025-05-29T12:52:19","date_gmt":"2025-05-29T10:52:19","guid":{"rendered":"https:\/\/abinox-chr-clim.com\/index.php\/product\/fauteuils-dexterieur-en-rotin-pe-tresse-bolero-eden-naturels-lot-de-4\/"},"modified":"2026-04-13T08:40:08","modified_gmt":"2026-04-13T06:40:08","slug":"fauteuils-dexterieur-en-rotin-pe-tresse-bolero-eden-naturels-lot-de-4","status":"publish","type":"product","link":"https:\/\/abinox-chr-clim.com\/index.php\/product\/fauteuils-dexterieur-en-rotin-pe-tresse-bolero-eden-naturels-lot-de-4\/","title":{"rendered":"Fauteuils d&rsquo;ext\u00e9rieur en rotin PE tress\u00e9 Bolero Eden naturels (lot de 4)"},"content":{"rendered":"<p>\u2022 Convient pour une utilisation int\u00e9rieure et ext\u00e9rieure<br \/>\u2022 Mat\u00e9riaux r\u00e9sistants aux UV &#8211; pour prot\u00e9ger la couleur vive de la d\u00e9coloration au soleil, garantissant une apparence durable<br \/>\u2022 Cadre en aluminium avec rev\u00eatement poudr\u00e9 gris fonc\u00e9<br \/>\u2022 Si\u00e8ge et dossier en rotin PE \u00e9l\u00e9gant et robuste avec finition tress\u00e9e<br \/>\u2022 Conception empilable permettant un stockage efficace et installation et rangement faciles pour les \u00e9v\u00e9nements et les op\u00e9rations quotidiennes<br \/>\u2022 Pieds en plastique noir fournis pour aider \u00e0 prot\u00e9ger les sols et \u00e9viter les marques de rayures<br \/>\u2022 L\u00e9ger et facile \u00e0 transporter, permettant au personnel de d\u00e9placer et r\u00e9organiser facilement les fauteuils comme n\u00e9cessaire pendant le service<br \/>\u2022 Fournis enti\u00e8rement assembl\u00e9s par lot de 4 pour une utilisation imm\u00e9diate d\u00e8s la sortie du carton<\/p>\n<p><b><u>Caract\u00e9ristiques du produit :<\/u><\/b><br \/>\u2022 Lot : 4.0<br \/>\u2022 Dim. : 768(H) x 595(L) x 572(P)mm<br \/>\u2022 Mati\u00e8re : Rotin<br \/>\u2022 Poids : 3,22 kg<br \/>\u2022 Couleur : Marron.<\/p>\n","protected":false},"excerpt":{"rendered":"<p>Cadre en aluminium. 768(H)x595(L)x572(P)mm. Quantit\u00e9: 4<\/p>\n","protected":false},"featured_media":109225,"comment_status":"open","ping_status":"closed","template":"","meta":[],"product_brand":[],"product_cat":[1209,1208,1201,1296],"product_tag":[],"class_list":{"0":"post-111795","1":"product","2":"type-product","3":"status-publish","4":"has-post-thumbnail","6":"product_cat-chaises-interieur","7":"product_cat-interieur","8":"product_cat-mobilier","9":"product_cat-palettisable","10":"product_shipping_class-free-shipping","12":"first","13":"instock","14":"featured","15":"taxable","16":"shipping-taxable","17":"purchasable","18":"product-type-simple"},"_links":{"self":[{"href":"https:\/\/abinox-chr-clim.com\/index.php\/wp-json\/wp\/v2\/product\/111795","targetHints":{"allow":["GET"]}}],"collection":[{"href":"https:\/\/abinox-chr-clim.com\/index.php\/wp-json\/wp\/v2\/product"}],"about":[{"href":"https:\/\/abinox-chr-clim.com\/index.php\/wp-json\/wp\/v2\/types\/product"}],"replies":[{"embeddable":true,"href":"https:\/\/abinox-chr-clim.com\/index.php\/wp-json\/wp\/v2\/comments?post=111795"}],"wp:featuredmedia":[{"embeddable":true,"href":"https:\/\/abinox-chr-clim.com\/index.php\/wp-json\/wp\/v2\/media\/109225"}],"wp:attachment":[{"href":"https:\/\/abinox-chr-clim.com\/index.php\/wp-json\/wp\/v2\/media?parent=111795"}],"wp:term":[{"taxonomy":"product_brand","embeddable":true,"href":"https:\/\/abinox-chr-clim.com\/index.php\/wp-json\/wp\/v2\/product_brand?post=111795"},{"taxonomy":"product_cat","embeddable":true,"href":"https:\/\/abinox-chr-clim.com\/index.php\/wp-json\/wp\/v2\/product_cat?post=111795"},{"taxonomy":"product_tag","embeddable":true,"href":"https:\/\/abinox-chr-clim.com\/index.php\/wp-json\/wp\/v2\/product_tag?post=111795"}],"curies":[{"name":"wp","href":"https:\/\/api.w.org\/{rel}","templated":true}]}}