{"id":111791,"date":"2025-05-29T12:52:12","date_gmt":"2025-05-29T10:52:12","guid":{"rendered":"https:\/\/abinox-chr-clim.com\/index.php\/product\/deboucheur-jantex-440mm\/"},"modified":"2026-01-12T09:41:16","modified_gmt":"2026-01-12T08:41:16","slug":"deboucheur-jantex-440mm","status":"publish","type":"product","link":"https:\/\/abinox-chr-clim.com\/index.php\/product\/deboucheur-jantex-440mm\/","title":{"rendered":"D\u00e9boucheur Jantex 440mm"},"content":{"rendered":"<p>Manche ergonomique en bois et ventouse flexible en caoutchouc \u00e9pais. Extr\u00eamement durable. Convient \u00e0 un usage intensif.<\/p>\n<p>\u2022 D\u00e9bouche efficacement les \u00e9viers, les canalisations et les toilettes<br \/>\u2022 La ventouse en caoutchouc flexible maximise l&rsquo;aspiration et rel\u00e2che la pression facilement<br \/>\u2022 Le manche ergonomique assure une prise en main s\u00fbre et confortable<\/p>\n<p><b><u>Caract\u00e9ristiques du produit :<\/u><\/b><br \/>\u2022 Dim. : 440(L) x 152(\u00d8)mm<br \/>\u2022 Mati\u00e8re : PVC<br \/>\u2022 Couleur : Noir.<\/p>\n","protected":false},"excerpt":{"rendered":"<p>Longueur : 440mm. Manche en plastique. Ventouse en caoutchouc \u00e9pais<\/p>\n","protected":false},"featured_media":109223,"comment_status":"open","ping_status":"closed","template":"","meta":[],"product_brand":[],"product_cat":[1277,1297],"product_tag":[],"class_list":{"0":"post-111791","1":"product","2":"type-product","3":"status-publish","4":"has-post-thumbnail","6":"product_cat-divers-principal","7":"product_cat-non-palettisable","8":"product_shipping_class-free-shipping","10":"first","11":"outofstock","12":"featured","13":"taxable","14":"shipping-taxable","15":"purchasable","16":"product-type-simple"},"_links":{"self":[{"href":"https:\/\/abinox-chr-clim.com\/index.php\/wp-json\/wp\/v2\/product\/111791","targetHints":{"allow":["GET"]}}],"collection":[{"href":"https:\/\/abinox-chr-clim.com\/index.php\/wp-json\/wp\/v2\/product"}],"about":[{"href":"https:\/\/abinox-chr-clim.com\/index.php\/wp-json\/wp\/v2\/types\/product"}],"replies":[{"embeddable":true,"href":"https:\/\/abinox-chr-clim.com\/index.php\/wp-json\/wp\/v2\/comments?post=111791"}],"wp:featuredmedia":[{"embeddable":true,"href":"https:\/\/abinox-chr-clim.com\/index.php\/wp-json\/wp\/v2\/media\/109223"}],"wp:attachment":[{"href":"https:\/\/abinox-chr-clim.com\/index.php\/wp-json\/wp\/v2\/media?parent=111791"}],"wp:term":[{"taxonomy":"product_brand","embeddable":true,"href":"https:\/\/abinox-chr-clim.com\/index.php\/wp-json\/wp\/v2\/product_brand?post=111791"},{"taxonomy":"product_cat","embeddable":true,"href":"https:\/\/abinox-chr-clim.com\/index.php\/wp-json\/wp\/v2\/product_cat?post=111791"},{"taxonomy":"product_tag","embeddable":true,"href":"https:\/\/abinox-chr-clim.com\/index.php\/wp-json\/wp\/v2\/product_tag?post=111791"}],"curies":[{"name":"wp","href":"https:\/\/api.w.org\/{rel}","templated":true}]}}