{"id":111790,"date":"2025-05-29T12:52:10","date_gmt":"2025-05-29T10:52:10","guid":{"rendered":"https:\/\/abinox-chr-clim.com\/index.php\/product\/four-a-convection-avec-humidificateur-buffalo-4x-gn-1-1-triphase\/"},"modified":"2026-04-02T10:41:40","modified_gmt":"2026-04-02T08:41:40","slug":"four-a-convection-avec-humidificateur-buffalo-4x-gn-1-1-triphase","status":"publish","type":"product","link":"https:\/\/abinox-chr-clim.com\/index.php\/product\/four-a-convection-avec-humidificateur-buffalo-4x-gn-1-1-triphase\/","title":{"rendered":"Four \u00e0 convection  avec humidificateur Buffalo 4x GN 1\/1 triphas\u00e9"},"content":{"rendered":"<p>Four \u00e0 convection professionnel puissant et polyvalent avec fonction d&rsquo;humidification \u00e0 bouton-poussoir pour un meilleur contr\u00f4le de la cuisson. Conception grande capacit\u00e9 avec compatibilit\u00e9 avec les plaques GN 1\/1.<\/p>\n<p>\u2022 Ventilateur bidirectionnel pour une cuisson uniforme<br \/>\u2022 Commandes manuelles \u00e0 cadran conviviales<br \/>\u2022 Minuteur de 0 \u00e0 60 minutes et mode en continu<br \/>\u2022 La fonction d&rsquo;humidification \u00e0 bouton-poussoir aide \u00e0 maintenir la qualit\u00e9 des aliments (raccord \u00e0 l&rsquo;eau n\u00e9cessaire)<br \/>\u2022 Ouverture lat\u00e9rale avec poign\u00e9e<br \/>\u2022 Plage de temp\u00e9rature 50-250\u00b0C<br \/>\u2022 Dimensions : 550(H) x 700(L) x 790(P)mm<\/p>\n<p><b><u>Caract\u00e9ristiques du produit :<\/u><\/b><br \/>\u2022 Dim. : 550(H) x 700(L) x 790(P) mm<br \/>\u2022 Mati\u00e8re : Inox<br \/>\u2022 Voltage : 400V<br \/>\u2022 Poids : 50 kg<br \/>\u2022 Couleur : Argent.<\/p>\n","protected":false},"excerpt":{"rendered":"<p>4,6kW, 400V.<\/p>\n","protected":false},"featured_media":108342,"comment_status":"open","ping_status":"closed","template":"","meta":[],"product_brand":[],"product_cat":[1176,1160,1175,1297],"product_tag":[],"class_list":{"0":"post-111790","1":"product","2":"type-product","3":"status-publish","4":"has-post-thumbnail","6":"product_cat-fours-a-convection","7":"product_cat-materiel-electrique-et-de-cuisson","8":"product_cat-micro-ondes-et-fours","9":"product_cat-non-palettisable","10":"product_shipping_class-free-shipping","12":"first","13":"instock","14":"featured","15":"taxable","16":"shipping-taxable","17":"purchasable","18":"product-type-simple"},"_links":{"self":[{"href":"https:\/\/abinox-chr-clim.com\/index.php\/wp-json\/wp\/v2\/product\/111790","targetHints":{"allow":["GET"]}}],"collection":[{"href":"https:\/\/abinox-chr-clim.com\/index.php\/wp-json\/wp\/v2\/product"}],"about":[{"href":"https:\/\/abinox-chr-clim.com\/index.php\/wp-json\/wp\/v2\/types\/product"}],"replies":[{"embeddable":true,"href":"https:\/\/abinox-chr-clim.com\/index.php\/wp-json\/wp\/v2\/comments?post=111790"}],"wp:featuredmedia":[{"embeddable":true,"href":"https:\/\/abinox-chr-clim.com\/index.php\/wp-json\/wp\/v2\/media\/108342"}],"wp:attachment":[{"href":"https:\/\/abinox-chr-clim.com\/index.php\/wp-json\/wp\/v2\/media?parent=111790"}],"wp:term":[{"taxonomy":"product_brand","embeddable":true,"href":"https:\/\/abinox-chr-clim.com\/index.php\/wp-json\/wp\/v2\/product_brand?post=111790"},{"taxonomy":"product_cat","embeddable":true,"href":"https:\/\/abinox-chr-clim.com\/index.php\/wp-json\/wp\/v2\/product_cat?post=111790"},{"taxonomy":"product_tag","embeddable":true,"href":"https:\/\/abinox-chr-clim.com\/index.php\/wp-json\/wp\/v2\/product_tag?post=111790"}],"curies":[{"name":"wp","href":"https:\/\/api.w.org\/{rel}","templated":true}]}}