{"id":111785,"date":"2025-05-29T12:52:00","date_gmt":"2025-05-29T10:52:00","guid":{"rendered":"https:\/\/abinox-chr-clim.com\/index.php\/product\/poignee-en-silicone-jaune-olympia-pour-pichet-de-340ml\/"},"modified":"2025-08-26T14:56:41","modified_gmt":"2025-08-26T12:56:41","slug":"poignee-en-silicone-jaune-olympia-pour-pichet-de-340ml","status":"publish","type":"product","link":"https:\/\/abinox-chr-clim.com\/index.php\/product\/poignee-en-silicone-jaune-olympia-pour-pichet-de-340ml\/","title":{"rendered":"Poign\u00e9e en silicone jaune Olympia pour pichet de 340ml"},"content":{"rendered":"<p>\u2022 Rep\u00e8re de couleur pour identifier les diff\u00e9rents laits<br \/>\u2022 Aide \u00e0 prot\u00e9ger contre la chaleur<br \/>\u2022 Convient aux pichets \u00e0 lait Olympia 340 ml (vendus s\u00e9par\u00e9ment : J316, CM606, HC608)<br \/>\u2022 Aide \u00e0 pr\u00e9venir la contamination crois\u00e9e et am\u00e9liore le contr\u00f4le des allerg\u00e8nes.<br \/>\u2022 Facile \u00e0 attacher et lavable au lave-vaisselle pour un nettoyage rapide<br \/>\u2022 Couleur jaune vif facilitant l&rsquo;identification des diff\u00e9rents types de lait<br \/>\u2022 Poign\u00e9e en silicone vendue seule &#8211; pichet non inclus<\/p>\n<p><b><u>Caract\u00e9ristiques du produit :<\/u><\/b><br \/>\u2022 Dim. : 69(L) x 17(P) x 24(H)mm.<\/p>\n","protected":false},"excerpt":{"rendered":"<p>Mat\u00e9riel : Silicone. Convient aux pichets \u00e0 lait Olympia 340ml : J316, CM606, HC608<\/p>\n","protected":false},"featured_media":109221,"comment_status":"open","ping_status":"closed","template":"","meta":[],"product_brand":[],"product_cat":[1277,1297],"product_tag":[],"class_list":{"0":"post-111785","1":"product","2":"type-product","3":"status-publish","4":"has-post-thumbnail","6":"product_cat-divers-principal","7":"product_cat-non-palettisable","8":"product_shipping_class-free-shipping","10":"first","11":"outofstock","12":"featured","13":"taxable","14":"shipping-taxable","15":"purchasable","16":"product-type-simple"},"_links":{"self":[{"href":"https:\/\/abinox-chr-clim.com\/index.php\/wp-json\/wp\/v2\/product\/111785","targetHints":{"allow":["GET"]}}],"collection":[{"href":"https:\/\/abinox-chr-clim.com\/index.php\/wp-json\/wp\/v2\/product"}],"about":[{"href":"https:\/\/abinox-chr-clim.com\/index.php\/wp-json\/wp\/v2\/types\/product"}],"replies":[{"embeddable":true,"href":"https:\/\/abinox-chr-clim.com\/index.php\/wp-json\/wp\/v2\/comments?post=111785"}],"wp:featuredmedia":[{"embeddable":true,"href":"https:\/\/abinox-chr-clim.com\/index.php\/wp-json\/wp\/v2\/media\/109221"}],"wp:attachment":[{"href":"https:\/\/abinox-chr-clim.com\/index.php\/wp-json\/wp\/v2\/media?parent=111785"}],"wp:term":[{"taxonomy":"product_brand","embeddable":true,"href":"https:\/\/abinox-chr-clim.com\/index.php\/wp-json\/wp\/v2\/product_brand?post=111785"},{"taxonomy":"product_cat","embeddable":true,"href":"https:\/\/abinox-chr-clim.com\/index.php\/wp-json\/wp\/v2\/product_cat?post=111785"},{"taxonomy":"product_tag","embeddable":true,"href":"https:\/\/abinox-chr-clim.com\/index.php\/wp-json\/wp\/v2\/product_tag?post=111785"}],"curies":[{"name":"wp","href":"https:\/\/api.w.org\/{rel}","templated":true}]}}