{"id":111781,"date":"2025-05-29T12:51:50","date_gmt":"2025-05-29T10:51:50","guid":{"rendered":"https:\/\/abinox-chr-clim.com\/index.php\/product\/table-ronde-de-terrasse-bolero-perth-jaune-600mm\/"},"modified":"2025-09-17T16:02:38","modified_gmt":"2025-09-17T14:02:38","slug":"table-ronde-de-terrasse-bolero-perth-jaune-600mm","status":"publish","type":"product","link":"https:\/\/abinox-chr-clim.com\/index.php\/product\/table-ronde-de-terrasse-bolero-perth-jaune-600mm\/","title":{"rendered":"Table ronde de terrasse Bolero Perth jaune 600mm"},"content":{"rendered":"<p>\u2022 La construction l\u00e9g\u00e8re rend la table facile \u00e0 transporter<br \/>\u2022 Parfaite pour les petits espaces terrasse gr\u00e2ce \u00e0 son design compact<br \/>\u2022 Convient pour des plats chauds jusqu&rsquo;\u00e0 180 degr\u00e9s<br \/>\u2022 Les embouts de pied prot\u00e8gent le sol et aident \u00e0 r\u00e9duire le risque de glisse<br \/>\u2022 Convient \u00e0 une utilisation en int\u00e9rieur ou en ext\u00e9rieur<br \/>\u2022 Le style industriel donnera une touche fra\u00eeche \u00e0 vos espaces<br \/>\u2022 Le cadre \u00e0 rev\u00eatement poudr\u00e9 avec traitement par \u00e9lectrophor\u00e8se offre une excellente durabilit\u00e9<br \/>\u2022 Le design pliable aide \u00e0 \u00e9conomiser de l&rsquo;espace de stockage<br \/>\u2022 Le coloris vif offre un style dynamique et accrocheur<br \/>\u2022 R\u00e9sistante aux UV, aux rayures et aux taches<\/p>\n<p><b><u>Caract\u00e9ristiques du produit :<\/u><\/b><br \/>\u2022 Dim. : 710(H) x 600(\u00d8)mm<br \/>\u2022 Mati\u00e8re : Acier rev\u00eatu de poudre<br \/>\u2022 Poids : 5,6 kg<br \/>\u2022 Couleur : Jaune.<\/p>\n","protected":false},"excerpt":{"rendered":"<p>Mat\u00e9riau : acier poudr\u00e9. Dimensions : 710(H)x600(\u00d8)mm<\/p>\n","protected":false},"featured_media":106828,"comment_status":"open","ping_status":"closed","template":"","meta":[],"product_brand":[],"product_cat":[1208,1201,1296,1212],"product_tag":[],"class_list":{"0":"post-111781","1":"product","2":"type-product","3":"status-publish","4":"has-post-thumbnail","6":"product_cat-interieur","7":"product_cat-mobilier","8":"product_cat-palettisable","9":"product_cat-tables-interieur","10":"product_shipping_class-free-shipping","12":"first","13":"outofstock","14":"featured","15":"taxable","16":"shipping-taxable","17":"purchasable","18":"product-type-simple"},"_links":{"self":[{"href":"https:\/\/abinox-chr-clim.com\/index.php\/wp-json\/wp\/v2\/product\/111781","targetHints":{"allow":["GET"]}}],"collection":[{"href":"https:\/\/abinox-chr-clim.com\/index.php\/wp-json\/wp\/v2\/product"}],"about":[{"href":"https:\/\/abinox-chr-clim.com\/index.php\/wp-json\/wp\/v2\/types\/product"}],"replies":[{"embeddable":true,"href":"https:\/\/abinox-chr-clim.com\/index.php\/wp-json\/wp\/v2\/comments?post=111781"}],"wp:featuredmedia":[{"embeddable":true,"href":"https:\/\/abinox-chr-clim.com\/index.php\/wp-json\/wp\/v2\/media\/106828"}],"wp:attachment":[{"href":"https:\/\/abinox-chr-clim.com\/index.php\/wp-json\/wp\/v2\/media?parent=111781"}],"wp:term":[{"taxonomy":"product_brand","embeddable":true,"href":"https:\/\/abinox-chr-clim.com\/index.php\/wp-json\/wp\/v2\/product_brand?post=111781"},{"taxonomy":"product_cat","embeddable":true,"href":"https:\/\/abinox-chr-clim.com\/index.php\/wp-json\/wp\/v2\/product_cat?post=111781"},{"taxonomy":"product_tag","embeddable":true,"href":"https:\/\/abinox-chr-clim.com\/index.php\/wp-json\/wp\/v2\/product_tag?post=111781"}],"curies":[{"name":"wp","href":"https:\/\/api.w.org\/{rel}","templated":true}]}}