{"id":111773,"date":"2025-05-29T12:51:37","date_gmt":"2025-05-29T10:51:37","guid":{"rendered":"https:\/\/abinox-chr-clim.com\/index.php\/product\/table-carree-en-acier-bolero-adeline-700mm-bleu-ardoise\/"},"modified":"2026-04-14T11:48:58","modified_gmt":"2026-04-14T09:48:58","slug":"table-carree-en-acier-bolero-adeline-700mm-bleu-ardoise","status":"publish","type":"product","link":"https:\/\/abinox-chr-clim.com\/index.php\/product\/table-carree-en-acier-bolero-adeline-700mm-bleu-ardoise\/","title":{"rendered":"Table carr\u00e9e en acier Bolero Adeline 700mm bleu ardoise"},"content":{"rendered":"<p>Am\u00e9liorez votre espace de restauration int\u00e9rieur ou ext\u00e9rieur avec la table carr\u00e9e Bolero Adeline. Fabriqu\u00e9e en acier thermolaqu\u00e9 r\u00e9sistant \u00e0 la chaleur, aux taches et aux rayures, elle est parfaite pour les espaces tr\u00e8s fr\u00e9quent\u00e9s. Facile \u00e0 assembler et \u00e0 entretenir.<\/p>\n<p>\u2022 Convient pour une utilisation int\u00e9rieure et ext\u00e9rieure<br \/>\u2022 Capacit\u00e9 de charge maximum 125kg<br \/>\u2022 R\u00e9sistant \u00e0 la chaleur &#8211; plateau r\u00e9sistant \u00e0 des temp\u00e9ratures de plats chauds jusqu&rsquo;\u00e0 180 degr\u00e9s<br \/>\u2022 Cadre en acier \u00e0 rev\u00eatement poudr\u00e9 avec e-coating<br \/>\u2022 R\u00e9sistant aux taches et aux rayures &#8211; con\u00e7u pour supporter l&rsquo;usure quotidienne<br \/>\u2022 Assemblage facile &#8211; instructions et pi\u00e8ces fournies<br \/>\u2022 Entretien facile &#8211; surface nettoyable pour un entretien rapide et facile entre les services<br \/>\u2022 Coloris vert clair tendance<br \/>\u2022 Conforme \u00e0 la norme EN 15372 niveau 2<\/p>\n<p><b><u>Caract\u00e9ristiques du produit :<\/u><\/b><br \/>\u2022 Dim. : 736(H) x 700(L) x 700(P)mm<br \/>\u2022 Mati\u00e8re : Acier<br \/>\u2022 Poids : 10,3 kg<br \/>\u2022 Couleur : Bleu.<\/p>\n","protected":false},"excerpt":{"rendered":"<p>Cadre en acier rev\u00eatu par poudre. 736(H)x700(L)x700(P)mm<\/p>\n","protected":false},"featured_media":109216,"comment_status":"open","ping_status":"closed","template":"","meta":[],"product_brand":[],"product_cat":[1208,1201,1296,1212],"product_tag":[],"class_list":{"0":"post-111773","1":"product","2":"type-product","3":"status-publish","4":"has-post-thumbnail","6":"product_cat-interieur","7":"product_cat-mobilier","8":"product_cat-palettisable","9":"product_cat-tables-interieur","10":"product_shipping_class-free-shipping","12":"first","13":"instock","14":"featured","15":"taxable","16":"shipping-taxable","17":"purchasable","18":"product-type-simple"},"_links":{"self":[{"href":"https:\/\/abinox-chr-clim.com\/index.php\/wp-json\/wp\/v2\/product\/111773","targetHints":{"allow":["GET"]}}],"collection":[{"href":"https:\/\/abinox-chr-clim.com\/index.php\/wp-json\/wp\/v2\/product"}],"about":[{"href":"https:\/\/abinox-chr-clim.com\/index.php\/wp-json\/wp\/v2\/types\/product"}],"replies":[{"embeddable":true,"href":"https:\/\/abinox-chr-clim.com\/index.php\/wp-json\/wp\/v2\/comments?post=111773"}],"wp:featuredmedia":[{"embeddable":true,"href":"https:\/\/abinox-chr-clim.com\/index.php\/wp-json\/wp\/v2\/media\/109216"}],"wp:attachment":[{"href":"https:\/\/abinox-chr-clim.com\/index.php\/wp-json\/wp\/v2\/media?parent=111773"}],"wp:term":[{"taxonomy":"product_brand","embeddable":true,"href":"https:\/\/abinox-chr-clim.com\/index.php\/wp-json\/wp\/v2\/product_brand?post=111773"},{"taxonomy":"product_cat","embeddable":true,"href":"https:\/\/abinox-chr-clim.com\/index.php\/wp-json\/wp\/v2\/product_cat?post=111773"},{"taxonomy":"product_tag","embeddable":true,"href":"https:\/\/abinox-chr-clim.com\/index.php\/wp-json\/wp\/v2\/product_tag?post=111773"}],"curies":[{"name":"wp","href":"https:\/\/api.w.org\/{rel}","templated":true}]}}