{"id":111766,"date":"2025-05-29T12:51:23","date_gmt":"2025-05-29T10:51:23","guid":{"rendered":"https:\/\/abinox-chr-clim.com\/index.php\/product\/photophores-en-verre-pour-bougie-chauffe-plat-olympia-geo-64x57mm-lot-de-6\/"},"modified":"2025-08-26T15:09:24","modified_gmt":"2025-08-26T13:09:24","slug":"photophores-en-verre-pour-bougie-chauffe-plat-olympia-geo-64x57mm-lot-de-6","status":"publish","type":"product","link":"https:\/\/abinox-chr-clim.com\/index.php\/product\/photophores-en-verre-pour-bougie-chauffe-plat-olympia-geo-64x57mm-lot-de-6\/","title":{"rendered":"Photophores en verre pour bougie chauffe-plat Olympia Geo 64x57mm (lot de 6)"},"content":{"rendered":"<p>Photophore \/ bougeoir en verre \u00e0 la fois simple et \u00e9l\u00e9gant. Id\u00e9al comme centre de table dans les caf\u00e9s et les restaurants. Lot de 6.<\/p>\n<p>\u2022 Design en verre nervur\u00e9 simple et \u00e9l\u00e9gant<br \/>\u2022 Id\u00e9al comme centre de table styl\u00e9 dans les caf\u00e9s et restaurants<br \/>\u2022 Contient des bougies chauffe-plat standard 38(\u00d8)mm<\/p>\n<p><b><u>Caract\u00e9ristiques du produit :<\/u><\/b><br \/>\u2022 Lot : 6.0<br \/>\u2022 Dim. : 63,5(\u00d8) x 57(H)mm<br \/>\u2022 Mati\u00e8re : Savon<br \/>\u2022 Poids : 162 g<br \/>\u2022 Couleur : Transparent.<\/p>\n","protected":false},"excerpt":{"rendered":"<p>63,5(\u00d8)x57(H)mm. Pour bougies chauffe-plat standard 38(\u00d8)mm. Quantit\u00e9 : 6<\/p>\n","protected":false},"featured_media":106322,"comment_status":"open","ping_status":"closed","template":"","meta":[],"product_brand":[],"product_cat":[1024,1023,1025,1297],"product_tag":[],"class_list":{"0":"post-111766","1":"product","2":"type-product","3":"status-publish","4":"has-post-thumbnail","6":"product_cat-accessoires-de-table","7":"product_cat-art-de-la-table","8":"product_cat-bougies-et-photophores","9":"product_cat-non-palettisable","10":"product_shipping_class-free-shipping","12":"first","13":"outofstock","14":"featured","15":"taxable","16":"shipping-taxable","17":"purchasable","18":"product-type-simple"},"_links":{"self":[{"href":"https:\/\/abinox-chr-clim.com\/index.php\/wp-json\/wp\/v2\/product\/111766","targetHints":{"allow":["GET"]}}],"collection":[{"href":"https:\/\/abinox-chr-clim.com\/index.php\/wp-json\/wp\/v2\/product"}],"about":[{"href":"https:\/\/abinox-chr-clim.com\/index.php\/wp-json\/wp\/v2\/types\/product"}],"replies":[{"embeddable":true,"href":"https:\/\/abinox-chr-clim.com\/index.php\/wp-json\/wp\/v2\/comments?post=111766"}],"wp:featuredmedia":[{"embeddable":true,"href":"https:\/\/abinox-chr-clim.com\/index.php\/wp-json\/wp\/v2\/media\/106322"}],"wp:attachment":[{"href":"https:\/\/abinox-chr-clim.com\/index.php\/wp-json\/wp\/v2\/media?parent=111766"}],"wp:term":[{"taxonomy":"product_brand","embeddable":true,"href":"https:\/\/abinox-chr-clim.com\/index.php\/wp-json\/wp\/v2\/product_brand?post=111766"},{"taxonomy":"product_cat","embeddable":true,"href":"https:\/\/abinox-chr-clim.com\/index.php\/wp-json\/wp\/v2\/product_cat?post=111766"},{"taxonomy":"product_tag","embeddable":true,"href":"https:\/\/abinox-chr-clim.com\/index.php\/wp-json\/wp\/v2\/product_tag?post=111766"}],"curies":[{"name":"wp","href":"https:\/\/api.w.org\/{rel}","templated":true}]}}