{"id":111765,"date":"2025-05-29T12:51:21","date_gmt":"2025-05-29T10:51:21","guid":{"rendered":"https:\/\/abinox-chr-clim.com\/index.php\/product\/photophores-bougeoirs-en-verre-nervure-olympia-52x52mm-lot-de-6\/"},"modified":"2025-08-26T15:09:23","modified_gmt":"2025-08-26T13:09:23","slug":"photophores-bougeoirs-en-verre-nervure-olympia-52x52mm-lot-de-6","status":"publish","type":"product","link":"https:\/\/abinox-chr-clim.com\/index.php\/product\/photophores-bougeoirs-en-verre-nervure-olympia-52x52mm-lot-de-6\/","title":{"rendered":"Photophores\/bougeoirs en verre nervur\u00e9 Olympia 52x52mm (lot de 6)"},"content":{"rendered":"<p>Photophore \/ bougeoir en verre \u00e0 la fois simple et \u00e9l\u00e9gant. Id\u00e9al comme centre de table dans les caf\u00e9s et les restaurants. Lot de 6.<\/p>\n<p>\u2022 Design en verre nervur\u00e9 simple et \u00e9l\u00e9gant<br \/>\u2022 Id\u00e9al comme centre de table \u00e9l\u00e9gant dans les caf\u00e9s et les restaurants<br \/>\u2022 Contient des bougies chauffe-plat standard de 38(\u00d8)mm<\/p>\n<p><b><u>Caract\u00e9ristiques du produit :<\/u><\/b><br \/>\u2022 Lot : 6.0<br \/>\u2022 Dim. : 52(\u00d8) x 52,5(H)mm<br \/>\u2022 Mati\u00e8re : Savon<br \/>\u2022 Poids : 146 g<br \/>\u2022 Couleur : Transparent.<\/p>\n","protected":false},"excerpt":{"rendered":"<p>52(\u00d8)x52,5(H)mm. Pour bougies chauffe-plat standard de 38(\u00d8)mm. Quantit\u00e9 : 6<\/p>\n","protected":false},"featured_media":106827,"comment_status":"open","ping_status":"closed","template":"","meta":[],"product_brand":[],"product_cat":[1024,1023,1025,1297],"product_tag":[],"class_list":{"0":"post-111765","1":"product","2":"type-product","3":"status-publish","4":"has-post-thumbnail","6":"product_cat-accessoires-de-table","7":"product_cat-art-de-la-table","8":"product_cat-bougies-et-photophores","9":"product_cat-non-palettisable","10":"product_shipping_class-free-shipping","12":"first","13":"outofstock","14":"featured","15":"taxable","16":"shipping-taxable","17":"purchasable","18":"product-type-simple"},"_links":{"self":[{"href":"https:\/\/abinox-chr-clim.com\/index.php\/wp-json\/wp\/v2\/product\/111765","targetHints":{"allow":["GET"]}}],"collection":[{"href":"https:\/\/abinox-chr-clim.com\/index.php\/wp-json\/wp\/v2\/product"}],"about":[{"href":"https:\/\/abinox-chr-clim.com\/index.php\/wp-json\/wp\/v2\/types\/product"}],"replies":[{"embeddable":true,"href":"https:\/\/abinox-chr-clim.com\/index.php\/wp-json\/wp\/v2\/comments?post=111765"}],"wp:featuredmedia":[{"embeddable":true,"href":"https:\/\/abinox-chr-clim.com\/index.php\/wp-json\/wp\/v2\/media\/106827"}],"wp:attachment":[{"href":"https:\/\/abinox-chr-clim.com\/index.php\/wp-json\/wp\/v2\/media?parent=111765"}],"wp:term":[{"taxonomy":"product_brand","embeddable":true,"href":"https:\/\/abinox-chr-clim.com\/index.php\/wp-json\/wp\/v2\/product_brand?post=111765"},{"taxonomy":"product_cat","embeddable":true,"href":"https:\/\/abinox-chr-clim.com\/index.php\/wp-json\/wp\/v2\/product_cat?post=111765"},{"taxonomy":"product_tag","embeddable":true,"href":"https:\/\/abinox-chr-clim.com\/index.php\/wp-json\/wp\/v2\/product_tag?post=111765"}],"curies":[{"name":"wp","href":"https:\/\/api.w.org\/{rel}","templated":true}]}}