{"id":111764,"date":"2025-05-29T12:51:19","date_gmt":"2025-05-29T10:51:19","guid":{"rendered":"https:\/\/abinox-chr-clim.com\/index.php\/product\/support-en-inox-pour-4-cones-de-glace-olympia-270x97x90mm\/"},"modified":"2026-04-14T11:33:45","modified_gmt":"2026-04-14T09:33:45","slug":"support-en-inox-pour-4-cones-de-glace-olympia-270x97x90mm","status":"publish","type":"product","link":"https:\/\/abinox-chr-clim.com\/index.php\/product\/support-en-inox-pour-4-cones-de-glace-olympia-270x97x90mm\/","title":{"rendered":"Support en inox pour 4 c\u00f4nes de glace Olympia 270x97x90mm"},"content":{"rendered":"<p>Support en acier inoxydable avec quatre emplacements pour c\u00f4nes de cr\u00e8me glac\u00e9e. Durable et facile \u00e0 nettoyer. Parfait pour le service ou la pr\u00e9sentation.<\/p>\n<p>\u2022 Parfait pour servir ou pr\u00e9senter des c\u00f4nes de glace<br \/>\u2022 Design simple parfait pour les comptoirs<br \/>\u2022 Pr\u00e9sente deux trous de 31(\u00d8)mm pour les grands c\u00f4nes et deux de 26(\u00d8)mm pour les c\u00f4nes de taille moyenne<br \/>\u2022 Durable et facile \u00e0 nettoyer<br \/>\u2022 Conception allant au lave-vaisselle<\/p>\n<p><b><u>Caract\u00e9ristiques du produit :<\/u><\/b><br \/>\u2022 Dim. : 270(L) x 97(P) x 89(H)mm<br \/>\u2022 Mati\u00e8re : Verre<br \/>\u2022 Poids : 425 g<br \/>\u2022 Couleur : Argent.<\/p>\n","protected":false},"excerpt":{"rendered":"<p>Mat\u00e9riau : Acier inoxydable 304. 270(L)x97(P)x89(H)mm<\/p>\n","protected":false},"featured_media":109214,"comment_status":"open","ping_status":"closed","template":"","meta":[],"product_brand":[],"product_cat":[1277,1297],"product_tag":[],"class_list":{"0":"post-111764","1":"product","2":"type-product","3":"status-publish","4":"has-post-thumbnail","6":"product_cat-divers-principal","7":"product_cat-non-palettisable","8":"product_shipping_class-free-shipping","10":"first","11":"instock","12":"featured","13":"taxable","14":"shipping-taxable","15":"purchasable","16":"product-type-simple"},"_links":{"self":[{"href":"https:\/\/abinox-chr-clim.com\/index.php\/wp-json\/wp\/v2\/product\/111764","targetHints":{"allow":["GET"]}}],"collection":[{"href":"https:\/\/abinox-chr-clim.com\/index.php\/wp-json\/wp\/v2\/product"}],"about":[{"href":"https:\/\/abinox-chr-clim.com\/index.php\/wp-json\/wp\/v2\/types\/product"}],"replies":[{"embeddable":true,"href":"https:\/\/abinox-chr-clim.com\/index.php\/wp-json\/wp\/v2\/comments?post=111764"}],"wp:featuredmedia":[{"embeddable":true,"href":"https:\/\/abinox-chr-clim.com\/index.php\/wp-json\/wp\/v2\/media\/109214"}],"wp:attachment":[{"href":"https:\/\/abinox-chr-clim.com\/index.php\/wp-json\/wp\/v2\/media?parent=111764"}],"wp:term":[{"taxonomy":"product_brand","embeddable":true,"href":"https:\/\/abinox-chr-clim.com\/index.php\/wp-json\/wp\/v2\/product_brand?post=111764"},{"taxonomy":"product_cat","embeddable":true,"href":"https:\/\/abinox-chr-clim.com\/index.php\/wp-json\/wp\/v2\/product_cat?post=111764"},{"taxonomy":"product_tag","embeddable":true,"href":"https:\/\/abinox-chr-clim.com\/index.php\/wp-json\/wp\/v2\/product_tag?post=111764"}],"curies":[{"name":"wp","href":"https:\/\/api.w.org\/{rel}","templated":true}]}}