{"id":111763,"date":"2025-05-29T12:51:17","date_gmt":"2025-05-29T10:51:17","guid":{"rendered":"https:\/\/abinox-chr-clim.com\/index.php\/product\/verre-a-melange-double-paroi-inox-olympia-139x87mm\/"},"modified":"2025-08-26T14:57:04","modified_gmt":"2025-08-26T12:57:04","slug":"verre-a-melange-double-paroi-inox-olympia-139x87mm","status":"publish","type":"product","link":"https:\/\/abinox-chr-clim.com\/index.php\/product\/verre-a-melange-double-paroi-inox-olympia-139x87mm\/","title":{"rendered":"Verre \u00e0 m\u00e9lange double paroi inox Olympia 139x87mm"},"content":{"rendered":"<p>Le verre \u00e0 m\u00e9lange en acier inoxydable \u00e0 double paroi assure un contr\u00f4le optimal de la temp\u00e9rature. S&rsquo;adapte \u00e0 toutes les passoires \u00e0 ressort et julep standards.<\/p>\n<p>\u2022 Id\u00e9al pour les bars \u00e0 cocktails et les mixologistes<br \/>\u2022 La construction double paroi offre un contr\u00f4le sup\u00e9rieur de la temp\u00e9rature<br \/>\u2022 S&rsquo;adapte aux passoires standards \u00e0 ressort et julep<br \/>\u2022 Bec incurv\u00e9 pour un versement pr\u00e9cis<br \/>\u2022 Design durable et \u00e9l\u00e9gant<br \/>\u2022 Ext\u00e9rieur motif facettes<br \/>\u2022 Compatible lave-vaisselle pour un nettoyage rapide et pratique<\/p>\n<p><b><u>Caract\u00e9ristiques du produit :<\/u><\/b><br \/>\u2022 Dim. : 138(H) x 87(L) x 104(P)mm<br \/>\u2022 Mati\u00e8re : Verre<br \/>\u2022 Poids : 360 g<br \/>\u2022 Couleur : Argent.<\/p>\n","protected":false},"excerpt":{"rendered":"<p>Mat\u00e9riau : Inox 304. 580ml. 138(H)x87(L)x104(P)mm<\/p>\n","protected":false},"featured_media":107733,"comment_status":"open","ping_status":"closed","template":"","meta":[],"product_brand":[],"product_cat":[1277,1297],"product_tag":[],"class_list":{"0":"post-111763","1":"product","2":"type-product","3":"status-publish","4":"has-post-thumbnail","6":"product_cat-divers-principal","7":"product_cat-non-palettisable","8":"product_shipping_class-free-shipping","10":"first","11":"outofstock","12":"featured","13":"taxable","14":"shipping-taxable","15":"purchasable","16":"product-type-simple"},"_links":{"self":[{"href":"https:\/\/abinox-chr-clim.com\/index.php\/wp-json\/wp\/v2\/product\/111763","targetHints":{"allow":["GET"]}}],"collection":[{"href":"https:\/\/abinox-chr-clim.com\/index.php\/wp-json\/wp\/v2\/product"}],"about":[{"href":"https:\/\/abinox-chr-clim.com\/index.php\/wp-json\/wp\/v2\/types\/product"}],"replies":[{"embeddable":true,"href":"https:\/\/abinox-chr-clim.com\/index.php\/wp-json\/wp\/v2\/comments?post=111763"}],"wp:featuredmedia":[{"embeddable":true,"href":"https:\/\/abinox-chr-clim.com\/index.php\/wp-json\/wp\/v2\/media\/107733"}],"wp:attachment":[{"href":"https:\/\/abinox-chr-clim.com\/index.php\/wp-json\/wp\/v2\/media?parent=111763"}],"wp:term":[{"taxonomy":"product_brand","embeddable":true,"href":"https:\/\/abinox-chr-clim.com\/index.php\/wp-json\/wp\/v2\/product_brand?post=111763"},{"taxonomy":"product_cat","embeddable":true,"href":"https:\/\/abinox-chr-clim.com\/index.php\/wp-json\/wp\/v2\/product_cat?post=111763"},{"taxonomy":"product_tag","embeddable":true,"href":"https:\/\/abinox-chr-clim.com\/index.php\/wp-json\/wp\/v2\/product_tag?post=111763"}],"curies":[{"name":"wp","href":"https:\/\/api.w.org\/{rel}","templated":true}]}}