{"id":111762,"date":"2025-05-29T12:51:15","date_gmt":"2025-05-29T10:51:15","guid":{"rendered":"https:\/\/abinox-chr-clim.com\/index.php\/product\/tire-bouchon-a-levier-olympia\/"},"modified":"2026-01-12T09:36:18","modified_gmt":"2026-01-12T08:36:18","slug":"tire-bouchon-a-levier-olympia","status":"publish","type":"product","link":"https:\/\/abinox-chr-clim.com\/index.php\/product\/tire-bouchon-a-levier-olympia\/","title":{"rendered":"Tire-bouchon \u00e0 levier Olympia"},"content":{"rendered":"<p>La fonction \u00e0 double levier \u00e9vite toute tension sur le goulot de la bouteille.<\/p>\n<p>\u2022 La fonction \u00e0 double levier r\u00e9duit la pression sur les cols des bouteilles pour \u00e9viter la casse<br \/>\u2022 Pratique \u00e0 transporter pour les sommeliers et les serveurs<br \/>\u2022 Compatible lave-vaisselle pour un nettoyage facile<\/p>\n<p><b><u>Caract\u00e9ristiques du produit :<\/u><\/b><br \/>\u2022 Dim. : 163(L) x 59(P) x 37(H)mm<br \/>\u2022 Poids : 117 g.<\/p>\n","protected":false},"excerpt":{"rendered":"<p>163(L) x 59(P) x 37(H)mm<\/p>\n","protected":false},"featured_media":107274,"comment_status":"open","ping_status":"closed","template":"","meta":[],"product_brand":[],"product_cat":[1277,1297],"product_tag":[],"class_list":{"0":"post-111762","1":"product","2":"type-product","3":"status-publish","4":"has-post-thumbnail","6":"product_cat-divers-principal","7":"product_cat-non-palettisable","8":"product_shipping_class-free-shipping","10":"first","11":"outofstock","12":"featured","13":"taxable","14":"shipping-taxable","15":"purchasable","16":"product-type-simple"},"_links":{"self":[{"href":"https:\/\/abinox-chr-clim.com\/index.php\/wp-json\/wp\/v2\/product\/111762","targetHints":{"allow":["GET"]}}],"collection":[{"href":"https:\/\/abinox-chr-clim.com\/index.php\/wp-json\/wp\/v2\/product"}],"about":[{"href":"https:\/\/abinox-chr-clim.com\/index.php\/wp-json\/wp\/v2\/types\/product"}],"replies":[{"embeddable":true,"href":"https:\/\/abinox-chr-clim.com\/index.php\/wp-json\/wp\/v2\/comments?post=111762"}],"wp:featuredmedia":[{"embeddable":true,"href":"https:\/\/abinox-chr-clim.com\/index.php\/wp-json\/wp\/v2\/media\/107274"}],"wp:attachment":[{"href":"https:\/\/abinox-chr-clim.com\/index.php\/wp-json\/wp\/v2\/media?parent=111762"}],"wp:term":[{"taxonomy":"product_brand","embeddable":true,"href":"https:\/\/abinox-chr-clim.com\/index.php\/wp-json\/wp\/v2\/product_brand?post=111762"},{"taxonomy":"product_cat","embeddable":true,"href":"https:\/\/abinox-chr-clim.com\/index.php\/wp-json\/wp\/v2\/product_cat?post=111762"},{"taxonomy":"product_tag","embeddable":true,"href":"https:\/\/abinox-chr-clim.com\/index.php\/wp-json\/wp\/v2\/product_tag?post=111762"}],"curies":[{"name":"wp","href":"https:\/\/api.w.org\/{rel}","templated":true}]}}