{"id":111760,"date":"2025-05-29T12:51:11","date_gmt":"2025-05-29T10:51:11","guid":{"rendered":"https:\/\/abinox-chr-clim.com\/index.php\/product\/fauteuils-design-corde-bolero-melbourne-vert-clair-lot-de-4\/"},"modified":"2025-08-26T15:09:21","modified_gmt":"2025-08-26T13:09:21","slug":"fauteuils-design-corde-bolero-melbourne-vert-clair-lot-de-4","status":"publish","type":"product","link":"https:\/\/abinox-chr-clim.com\/index.php\/product\/fauteuils-design-corde-bolero-melbourne-vert-clair-lot-de-4\/","title":{"rendered":"Fauteuils design corde Bolero Melbourne vert clair (lot de 4)"},"content":{"rendered":"<p>Apportez style et durabilit\u00e9 aux restaurants, pubs, caf\u00e9s et lieux ext\u00e9rieurs avec ce lot de quatre fauteuils Bolero Melbourne. Dot\u00e9s d&rsquo;une assise et d&rsquo;un dossier modernes design corde, ces fauteuils empilables sont l\u00e9gers et faciles \u00e0 d\u00e9placer. Conforme \u00e0 la norme BS 16139 niveau 1.<\/p>\n<p>\u2022 Convient pour une utilisation int\u00e9rieure et ext\u00e9rieure<br \/>\u2022 Compl\u00e9tez le d\u00e9cor avec la table Bolero Melbourne assortie (HZ218)<br \/>\u2022 Conforme \u00e0 la norme BS 16139 niveau 1<br \/>\u2022 Cadre en acier thermolaqu\u00e9 avec rev\u00eatement poudr\u00e9<br \/>\u2022 Design empilable permettant un rangement efficace et une installation\/d\u00e9montage faciles pour les \u00e9v\u00e9nements et op\u00e9rations quotidiennes<br \/>\u2022 Capacit\u00e9 de poids maximale : 160 kg par chaise<br \/>\u2022 Si\u00e8ge et dossier design corde r\u00e9sistants et \u00e9l\u00e9gants, ajoutent une touche moderne aux espaces int\u00e9rieurs et ext\u00e9rieurs<br \/>\u2022 Mat\u00e9riaux r\u00e9sistants aux UV &#8211; pour prot\u00e9ger la couleur de la d\u00e9coloration au soleil, assurant une apparence vibrante et durable<br \/>\u2022 Pieds en plastique noirs fournis pour aider \u00e0 prot\u00e9ger les sols et \u00e9viter les marques de rayures<br \/>\u2022 Fournis enti\u00e8rement assembl\u00e9s en lot de 4, pr\u00eats \u00e0 l&#8217;emploi d\u00e8s la sortie du carton<\/p>\n<p><b><u>Caract\u00e9ristiques du produit :<\/u><\/b><br \/>\u2022 Lot : 4.0<br \/>\u2022 Dim. : 813(H) x 593(L) x 617(P)mm<br \/>\u2022 Mati\u00e8re : Polyester\/ acier<br \/>\u2022 Poids : 3,91 kg<br \/>\u2022 Couleur : Vert.<\/p>\n","protected":false},"excerpt":{"rendered":"<p>Cadre en acier thermolaqu\u00e9. R\u00e9sistant aux UV. 813(H)x593(L)x617(P)mm<\/p>\n","protected":false},"featured_media":109213,"comment_status":"open","ping_status":"closed","template":"","meta":[],"product_brand":[],"product_cat":[1203,1202,1201,1296],"product_tag":[],"class_list":{"0":"post-111760","1":"product","2":"type-product","3":"status-publish","4":"has-post-thumbnail","6":"product_cat-chaises","7":"product_cat-exterieur","8":"product_cat-mobilier","9":"product_cat-palettisable","10":"product_shipping_class-free-shipping","12":"first","13":"outofstock","14":"featured","15":"taxable","16":"shipping-taxable","17":"purchasable","18":"product-type-simple"},"_links":{"self":[{"href":"https:\/\/abinox-chr-clim.com\/index.php\/wp-json\/wp\/v2\/product\/111760","targetHints":{"allow":["GET"]}}],"collection":[{"href":"https:\/\/abinox-chr-clim.com\/index.php\/wp-json\/wp\/v2\/product"}],"about":[{"href":"https:\/\/abinox-chr-clim.com\/index.php\/wp-json\/wp\/v2\/types\/product"}],"replies":[{"embeddable":true,"href":"https:\/\/abinox-chr-clim.com\/index.php\/wp-json\/wp\/v2\/comments?post=111760"}],"wp:featuredmedia":[{"embeddable":true,"href":"https:\/\/abinox-chr-clim.com\/index.php\/wp-json\/wp\/v2\/media\/109213"}],"wp:attachment":[{"href":"https:\/\/abinox-chr-clim.com\/index.php\/wp-json\/wp\/v2\/media?parent=111760"}],"wp:term":[{"taxonomy":"product_brand","embeddable":true,"href":"https:\/\/abinox-chr-clim.com\/index.php\/wp-json\/wp\/v2\/product_brand?post=111760"},{"taxonomy":"product_cat","embeddable":true,"href":"https:\/\/abinox-chr-clim.com\/index.php\/wp-json\/wp\/v2\/product_cat?post=111760"},{"taxonomy":"product_tag","embeddable":true,"href":"https:\/\/abinox-chr-clim.com\/index.php\/wp-json\/wp\/v2\/product_tag?post=111760"}],"curies":[{"name":"wp","href":"https:\/\/api.w.org\/{rel}","templated":true}]}}