{"id":111759,"date":"2025-05-29T12:51:09","date_gmt":"2025-05-29T10:51:09","guid":{"rendered":"https:\/\/abinox-chr-clim.com\/index.php\/product\/table-dexterieur-en-polywood-bolero-melbourne-1610x800x734mm\/"},"modified":"2025-08-26T15:09:20","modified_gmt":"2025-08-26T13:09:20","slug":"table-dexterieur-en-polywood-bolero-melbourne-1610x800x734mm","status":"publish","type":"product","link":"https:\/\/abinox-chr-clim.com\/index.php\/product\/table-dexterieur-en-polywood-bolero-melbourne-1610x800x734mm\/","title":{"rendered":"Table d&rsquo;ext\u00e9rieur en polywood Bolero Melbourne 1610x800x734mm"},"content":{"rendered":"<p>Le style contemporain rencontre la polyvalence avec la table Bolero Melbourne. Convenant \u00e0 un usage int\u00e9rieur et ext\u00e9rieur, elle est dot\u00e9e d&rsquo;un cadre en acier robuste et d&rsquo;un plateau en polywood durable, r\u00e9sistant \u00e0 la chaleur, aux taches et aux rayures.<\/p>\n<p>\u2022 Design moderne et polyvalent &#8211; adapt\u00e9 \u00e0 une utilisation int\u00e9rieure et ext\u00e9rieure<br \/>\u2022 Conforme \u00e0 la norme EN 15372 niveau 2<br \/>\u2022 Capacit\u00e9 de charge maximale de 125 kg<br \/>\u2022 R\u00e9sistant \u00e0 la chaleur &#8211; le plateau r\u00e9siste \u00e0 des temp\u00e9ratures de plats chauds jusqu&rsquo;\u00e0 100 degr\u00e9s<br \/>\u2022 Le plateau est fabriqu\u00e9 en polywood (PE imitation bois) tr\u00e8s durable, avec une finition vein\u00e9e r\u00e9aliste<br \/>\u2022 Cadre solide en tube d&rsquo;acier avec rev\u00eatement \u00e9lectrostatique et rev\u00eatement poudr\u00e9<br \/>\u2022 R\u00e9sistant aux taches et aux rayures &#8211; con\u00e7u pour r\u00e9sister \u00e0 l&rsquo;usure quotidienne<br \/>\u2022 Montage facile &#8211; instructions et pi\u00e8ces fournies<br \/>\u2022 Entretien facile &#8211; surface facile \u00e0 nettoyer assure un entretien rapide et simple entre les services, recommande l&rsquo;utilisation d&rsquo;un nettoyeur haute pression pour nettoyer entre les rainures si n\u00e9cessaire<br \/>\u2022 Pieds verts audacieux et tendance offrent une touche de couleur \u00e9l\u00e9gante qui rehausse n&rsquo;importe quel espace<\/p>\n<p><b><u>Caract\u00e9ristiques du produit :<\/u><\/b><br \/>\u2022 Dim. : 1610(L) x 800(W) x 734(H)mm<br \/>\u2022 Mati\u00e8re : Inox et polywood<br \/>\u2022 Poids : 28,7 kg<br \/>\u2022 Couleur : Vert.<\/p>\n","protected":false},"excerpt":{"rendered":"<p>Construction en acier et polywood (PE). 1610(L)x800(P)x734(H)mm<\/p>\n","protected":false},"featured_media":106826,"comment_status":"open","ping_status":"closed","template":"","meta":[],"product_brand":[],"product_cat":[1208,1201,1296,1212],"product_tag":[],"class_list":{"0":"post-111759","1":"product","2":"type-product","3":"status-publish","4":"has-post-thumbnail","6":"product_cat-interieur","7":"product_cat-mobilier","8":"product_cat-palettisable","9":"product_cat-tables-interieur","10":"product_shipping_class-free-shipping","12":"first","13":"outofstock","14":"featured","15":"taxable","16":"shipping-taxable","17":"purchasable","18":"product-type-simple"},"_links":{"self":[{"href":"https:\/\/abinox-chr-clim.com\/index.php\/wp-json\/wp\/v2\/product\/111759","targetHints":{"allow":["GET"]}}],"collection":[{"href":"https:\/\/abinox-chr-clim.com\/index.php\/wp-json\/wp\/v2\/product"}],"about":[{"href":"https:\/\/abinox-chr-clim.com\/index.php\/wp-json\/wp\/v2\/types\/product"}],"replies":[{"embeddable":true,"href":"https:\/\/abinox-chr-clim.com\/index.php\/wp-json\/wp\/v2\/comments?post=111759"}],"wp:featuredmedia":[{"embeddable":true,"href":"https:\/\/abinox-chr-clim.com\/index.php\/wp-json\/wp\/v2\/media\/106826"}],"wp:attachment":[{"href":"https:\/\/abinox-chr-clim.com\/index.php\/wp-json\/wp\/v2\/media?parent=111759"}],"wp:term":[{"taxonomy":"product_brand","embeddable":true,"href":"https:\/\/abinox-chr-clim.com\/index.php\/wp-json\/wp\/v2\/product_brand?post=111759"},{"taxonomy":"product_cat","embeddable":true,"href":"https:\/\/abinox-chr-clim.com\/index.php\/wp-json\/wp\/v2\/product_cat?post=111759"},{"taxonomy":"product_tag","embeddable":true,"href":"https:\/\/abinox-chr-clim.com\/index.php\/wp-json\/wp\/v2\/product_tag?post=111759"}],"curies":[{"name":"wp","href":"https:\/\/api.w.org\/{rel}","templated":true}]}}