{"id":111758,"date":"2025-05-29T12:51:07","date_gmt":"2025-05-29T10:51:07","guid":{"rendered":"https:\/\/abinox-chr-clim.com\/index.php\/product\/station-de-recharge-pour-lampe-de-table-olympia\/"},"modified":"2026-04-14T11:32:51","modified_gmt":"2026-04-14T09:32:51","slug":"station-de-recharge-pour-lampe-de-table-olympia","status":"publish","type":"product","link":"https:\/\/abinox-chr-clim.com\/index.php\/product\/station-de-recharge-pour-lampe-de-table-olympia\/","title":{"rendered":"Station de recharge pour lampe de table Olympia"},"content":{"rendered":"<p>La station de recharge Olympia alimente simultan\u00e9ment jusqu&rsquo;\u00e0 six lampes de table. Compatible avec tous les mod\u00e8les Siena et Lucca (200 mm et 300 mm). Elle comprend tous les c\u00e2bles et les prises pour une installation et un chargement faciles et fiables.<\/p>\n<p>\u2022 Charge jusqu&rsquo;\u00e0 six lampes de table simultan\u00e9ment<br \/>\u2022 Compatible avec toutes les lampes de table Olympia Siena et Lucca &#8211; vendues s\u00e9par\u00e9ment<br \/>\u2022 Assure une charge efficace et fiable pour vos lampes sans fil<br \/>\u2022 Temps de charge moyen de 6 heures<br \/>\u2022 Comprend tous les c\u00e2bles et prises n\u00e9cessaires pour une installation facile<br \/>\u2022 Longueur du cordon 156cm + 154cm<br \/>\u2022 4 pieds fournis avec chaque station de chargement &#8211; \u00e0 utiliser uniquement lors de l&#8217;empilement des stations de chargement<\/p>\n<p><b><u>Caract\u00e9ristiques du produit :<\/u><\/b><br \/>\u2022 Dim. : 290(H) mm<br \/>\u2022 Poids : 1,715 kg.<\/p>\n","protected":false},"excerpt":{"rendered":"<p>Convient pour 6 lampes de table Olympia Siena ou Lucca &#8211; vendues s\u00e9par\u00e9ment<\/p>\n","protected":false},"featured_media":109212,"comment_status":"open","ping_status":"closed","template":"","meta":[],"product_brand":[],"product_cat":[1024,1023,1297],"product_tag":[],"class_list":{"0":"post-111758","1":"product","2":"type-product","3":"status-publish","4":"has-post-thumbnail","6":"product_cat-accessoires-de-table","7":"product_cat-art-de-la-table","8":"product_cat-non-palettisable","9":"product_shipping_class-free-shipping","11":"first","12":"instock","13":"featured","14":"taxable","15":"shipping-taxable","16":"purchasable","17":"product-type-simple"},"_links":{"self":[{"href":"https:\/\/abinox-chr-clim.com\/index.php\/wp-json\/wp\/v2\/product\/111758","targetHints":{"allow":["GET"]}}],"collection":[{"href":"https:\/\/abinox-chr-clim.com\/index.php\/wp-json\/wp\/v2\/product"}],"about":[{"href":"https:\/\/abinox-chr-clim.com\/index.php\/wp-json\/wp\/v2\/types\/product"}],"replies":[{"embeddable":true,"href":"https:\/\/abinox-chr-clim.com\/index.php\/wp-json\/wp\/v2\/comments?post=111758"}],"wp:featuredmedia":[{"embeddable":true,"href":"https:\/\/abinox-chr-clim.com\/index.php\/wp-json\/wp\/v2\/media\/109212"}],"wp:attachment":[{"href":"https:\/\/abinox-chr-clim.com\/index.php\/wp-json\/wp\/v2\/media?parent=111758"}],"wp:term":[{"taxonomy":"product_brand","embeddable":true,"href":"https:\/\/abinox-chr-clim.com\/index.php\/wp-json\/wp\/v2\/product_brand?post=111758"},{"taxonomy":"product_cat","embeddable":true,"href":"https:\/\/abinox-chr-clim.com\/index.php\/wp-json\/wp\/v2\/product_cat?post=111758"},{"taxonomy":"product_tag","embeddable":true,"href":"https:\/\/abinox-chr-clim.com\/index.php\/wp-json\/wp\/v2\/product_tag?post=111758"}],"curies":[{"name":"wp","href":"https:\/\/api.w.org\/{rel}","templated":true}]}}