{"id":111755,"date":"2025-05-29T12:51:00","date_gmt":"2025-05-29T10:51:00","guid":{"rendered":"https:\/\/abinox-chr-clim.com\/index.php\/product\/lampe-de-table-avec-abat-jour-carre-olympia-lucca-marron-300mm\/"},"modified":"2026-04-14T11:32:49","modified_gmt":"2026-04-14T09:32:49","slug":"lampe-de-table-avec-abat-jour-carre-olympia-lucca-marron-300mm","status":"publish","type":"product","link":"https:\/\/abinox-chr-clim.com\/index.php\/product\/lampe-de-table-avec-abat-jour-carre-olympia-lucca-marron-300mm\/","title":{"rendered":"Lampe de table avec abat-jour carr\u00e9 Olympia Lucca marron 300mm"},"content":{"rendered":"<p>Illuminez votre espace avec les lampes de table Olympia Lucca. Sans fil et polyvalentes, ces lampes offrent jusqu&rsquo;\u00e0 7 heures de lumi\u00e8re chaude avec une charge compl\u00e8te, ce qui les rend parfaites pour l&rsquo;int\u00e9rieur et l&rsquo;ext\u00e9rieur. Dot\u00e9es d&rsquo;un abat-jour carr\u00e9, elles rehaussent sans effort n&rsquo;importe quel d\u00e9cor. Plusieurs coloris disponibles.<\/p>\n<p>\u2022 Design sans fil permettant un placement n&rsquo;importe o\u00f9, \u00e0 l&rsquo;int\u00e9rieur ou \u00e0 l&rsquo;ext\u00e9rieur<br \/>\u2022 Ampoules \u00e9conomes en \u00e9nergie offrant un \u00e9clairage durable<br \/>\u2022 Autonomie de la batterie prolong\u00e9e jusqu&rsquo;\u00e0 7 heures sur une charge compl\u00e8te<br \/>\u2022 Fonction m\u00e9moire int\u00e9gr\u00e9e qui conserve vos r\u00e9glages de couleur et de luminosit\u00e9 pr\u00e9f\u00e9r\u00e9s<br \/>\u2022 Id\u00e9al pour les tables de terrasse, les chambres d&rsquo;h\u00f4tel, les bars et les zones de r\u00e9ception<br \/>\u2022 Comprend une base de charge aliment\u00e9e par USB<br \/>\u2022 Longueur du c\u00e2ble 115 cm<br \/>\u2022 Compatible avec la station de charge multiple Olympia (HZ216), vendue s\u00e9par\u00e9ment<\/p>\n<p><b><u>Caract\u00e9ristiques du produit :<\/u><\/b><br \/>\u2022 Dim. : 300(H) mm<br \/>\u2022 Mati\u00e8re : Aluminium et plastique<br \/>\u2022 Poids : 745 g<br \/>\u2022 Couleur : Cuivre.<\/p>\n","protected":false},"excerpt":{"rendered":"<p>300(H)x100(L)x100(P)mm. Rechargeable, sans fil et avec variateur de lumi\u00e8re<\/p>\n","protected":false},"featured_media":107732,"comment_status":"open","ping_status":"closed","template":"","meta":[],"product_brand":[],"product_cat":[1024,1023,1297],"product_tag":[],"class_list":{"0":"post-111755","1":"product","2":"type-product","3":"status-publish","4":"has-post-thumbnail","6":"product_cat-accessoires-de-table","7":"product_cat-art-de-la-table","8":"product_cat-non-palettisable","9":"product_shipping_class-free-shipping","11":"first","12":"instock","13":"featured","14":"taxable","15":"shipping-taxable","16":"purchasable","17":"product-type-simple"},"_links":{"self":[{"href":"https:\/\/abinox-chr-clim.com\/index.php\/wp-json\/wp\/v2\/product\/111755","targetHints":{"allow":["GET"]}}],"collection":[{"href":"https:\/\/abinox-chr-clim.com\/index.php\/wp-json\/wp\/v2\/product"}],"about":[{"href":"https:\/\/abinox-chr-clim.com\/index.php\/wp-json\/wp\/v2\/types\/product"}],"replies":[{"embeddable":true,"href":"https:\/\/abinox-chr-clim.com\/index.php\/wp-json\/wp\/v2\/comments?post=111755"}],"wp:featuredmedia":[{"embeddable":true,"href":"https:\/\/abinox-chr-clim.com\/index.php\/wp-json\/wp\/v2\/media\/107732"}],"wp:attachment":[{"href":"https:\/\/abinox-chr-clim.com\/index.php\/wp-json\/wp\/v2\/media?parent=111755"}],"wp:term":[{"taxonomy":"product_brand","embeddable":true,"href":"https:\/\/abinox-chr-clim.com\/index.php\/wp-json\/wp\/v2\/product_brand?post=111755"},{"taxonomy":"product_cat","embeddable":true,"href":"https:\/\/abinox-chr-clim.com\/index.php\/wp-json\/wp\/v2\/product_cat?post=111755"},{"taxonomy":"product_tag","embeddable":true,"href":"https:\/\/abinox-chr-clim.com\/index.php\/wp-json\/wp\/v2\/product_tag?post=111755"}],"curies":[{"name":"wp","href":"https:\/\/api.w.org\/{rel}","templated":true}]}}