{"id":111740,"date":"2025-05-29T12:50:28","date_gmt":"2025-05-29T10:50:28","guid":{"rendered":"https:\/\/abinox-chr-clim.com\/index.php\/product\/tampons-a-recurer-en-acier-inoxydable-jantex-lot-de-10\/"},"modified":"2025-08-26T14:56:32","modified_gmt":"2025-08-26T12:56:32","slug":"tampons-a-recurer-en-acier-inoxydable-jantex-lot-de-10","status":"publish","type":"product","link":"https:\/\/abinox-chr-clim.com\/index.php\/product\/tampons-a-recurer-en-acier-inoxydable-jantex-lot-de-10\/","title":{"rendered":"Tampons \u00e0 r\u00e9curer en acier inoxydable Jantex (lot de 10)"},"content":{"rendered":"<p>\u00c9liminez la salet\u00e9 et la graisse tenaces avec les tampons en acier inoxydable Jantex. Le mat\u00e9riau abrasif d\u00e9compose les aliments br\u00fbl\u00e9s et laisse les surfaces propres. R\u00e9sistants \u00e0 la rouille et durables, ils peuvent \u00eatre utilis\u00e9s pour de nombreux nettoyages intensifs.<\/p>\n<p>\u2022 \u00c9limine sans effort la salet\u00e9 tenace et les r\u00e9sidus alimentaires br\u00fbl\u00e9s<br \/>\u2022 Les brins complexes nettoient les petites asp\u00e9rit\u00e9s avec facilit\u00e9<br \/>\u2022 L&rsquo;acier inoxydable durable r\u00e9siste \u00e0 la rouille et \u00e0 la corrosion<br \/>\u2022 Con\u00e7u pour une utilisation intensive r\u00e9p\u00e9t\u00e9e<br \/>\u2022 Disponible \u00e0 l&rsquo;unit\u00e9 (voir code J867)<\/p>\n<p><b><u>Caract\u00e9ristiques du produit :<\/u><\/b><br \/>\u2022 Lot : 10.0<br \/>\u2022 Dim. : 65(H) x 74(L) x 76(P) mm<br \/>\u2022 Mati\u00e8re : Inox<br \/>\u2022 Couleur : Argent.<\/p>\n","protected":false},"excerpt":{"rendered":"<p>Quantit\u00e9 du paquet : 10<\/p>\n","protected":false},"featured_media":107271,"comment_status":"open","ping_status":"closed","template":"","meta":[],"product_brand":[],"product_cat":[1277,1297],"product_tag":[],"class_list":{"0":"post-111740","1":"product","2":"type-product","3":"status-publish","4":"has-post-thumbnail","6":"product_cat-divers-principal","7":"product_cat-non-palettisable","8":"product_shipping_class-free-shipping","10":"first","11":"outofstock","12":"featured","13":"taxable","14":"shipping-taxable","15":"purchasable","16":"product-type-simple"},"_links":{"self":[{"href":"https:\/\/abinox-chr-clim.com\/index.php\/wp-json\/wp\/v2\/product\/111740","targetHints":{"allow":["GET"]}}],"collection":[{"href":"https:\/\/abinox-chr-clim.com\/index.php\/wp-json\/wp\/v2\/product"}],"about":[{"href":"https:\/\/abinox-chr-clim.com\/index.php\/wp-json\/wp\/v2\/types\/product"}],"replies":[{"embeddable":true,"href":"https:\/\/abinox-chr-clim.com\/index.php\/wp-json\/wp\/v2\/comments?post=111740"}],"wp:featuredmedia":[{"embeddable":true,"href":"https:\/\/abinox-chr-clim.com\/index.php\/wp-json\/wp\/v2\/media\/107271"}],"wp:attachment":[{"href":"https:\/\/abinox-chr-clim.com\/index.php\/wp-json\/wp\/v2\/media?parent=111740"}],"wp:term":[{"taxonomy":"product_brand","embeddable":true,"href":"https:\/\/abinox-chr-clim.com\/index.php\/wp-json\/wp\/v2\/product_brand?post=111740"},{"taxonomy":"product_cat","embeddable":true,"href":"https:\/\/abinox-chr-clim.com\/index.php\/wp-json\/wp\/v2\/product_cat?post=111740"},{"taxonomy":"product_tag","embeddable":true,"href":"https:\/\/abinox-chr-clim.com\/index.php\/wp-json\/wp\/v2\/product_tag?post=111740"}],"curies":[{"name":"wp","href":"https:\/\/api.w.org\/{rel}","templated":true}]}}