{"id":111736,"date":"2025-05-29T12:50:22","date_gmt":"2025-05-29T10:50:22","guid":{"rendered":"https:\/\/abinox-chr-clim.com\/index.php\/product\/tabourets-de-bar-en-rotin-pe-style-parisien-bolero-noirs-lot-de-2\/"},"modified":"2026-04-14T11:32:30","modified_gmt":"2026-04-14T09:32:30","slug":"tabourets-de-bar-en-rotin-pe-style-parisien-bolero-noirs-lot-de-2","status":"publish","type":"product","link":"https:\/\/abinox-chr-clim.com\/index.php\/product\/tabourets-de-bar-en-rotin-pe-style-parisien-bolero-noirs-lot-de-2\/","title":{"rendered":"Tabourets de bar en rotin PE style parisien Bolero noirs (lot de 2)"},"content":{"rendered":"<p>Ces tabourets de bar Bolero ont un design de style parisien et sont fabriqu\u00e9s en rotin PE. Ils sont l\u00e9gers, empilables, r\u00e9sistants aux UV et conviennent \u00e0 un usage int\u00e9rieur ou ext\u00e9rieur. Les tabourets sont fabriqu\u00e9s selon les normes BS EN16139.<\/p>\n<p>\u2022 Adapt\u00e9 \u00e0 une utilisation int\u00e9rieure et ext\u00e9rieure<br \/>\u2022 Chaises assorties disponibles<br \/>\u2022 Les tabourets sont conformes \u00e0 la norme BS EN16139. Cette norme sp\u00e9cifie les exigences pour la s\u00e9curit\u00e9, la solidit\u00e9 et la durabilit\u00e9 de tous types de si\u00e8ges non domestiques<br \/>\u2022 Hauteur standard de bar<br \/>\u2022 Design \u00e0 motif chevrons<br \/>\u2022 Structure en tubage d&rsquo;aluminium, bross\u00e9 peint avec finition effet bois, si\u00e8ge en rotin PE<br \/>\u2022 Conception robuste et solide, adapt\u00e9e \u00e0 une utilisation quotidienne dans un environnement CHR fr\u00e9quent\u00e9<br \/>\u2022 Conception l\u00e9g\u00e8re, 2 tabourets peuvent \u00eatre empil\u00e9s<br \/>\u2022 R\u00e9sistant aux UV<br \/>\u2022 Livr\u00e9 enti\u00e8rement assembl\u00e9 en lot de 2, pr\u00eat \u00e0 l&#8217;emploi d\u00e8s le d\u00e9ballage<br \/>\u2022 Livr\u00e9 avec des patins pour \u00e9viter les rayures\/marques sur le sol<\/p>\n<p><b><u>Caract\u00e9ristiques du produit :<\/u><\/b><br \/>\u2022 Lot : 2.0<br \/>\u2022 Dim. : 750(H) mm<br \/>\u2022 Mati\u00e8re : Poly\u00e9thyl\u00e8ne<br \/>\u2022 Poids : 2,8 kg<br \/>\u2022 Couleur : Noir.<\/p>\n","protected":false},"excerpt":{"rendered":"<p>750(H)x350(\u00d8)mm. Quantit\u00e9 par lot : 2<\/p>\n","protected":false},"featured_media":109202,"comment_status":"open","ping_status":"closed","template":"","meta":[],"product_brand":[],"product_cat":[1208,1201,1296,1212],"product_tag":[],"class_list":{"0":"post-111736","1":"product","2":"type-product","3":"status-publish","4":"has-post-thumbnail","6":"product_cat-interieur","7":"product_cat-mobilier","8":"product_cat-palettisable","9":"product_cat-tables-interieur","10":"product_shipping_class-free-shipping","12":"first","13":"instock","14":"featured","15":"taxable","16":"shipping-taxable","17":"purchasable","18":"product-type-simple"},"_links":{"self":[{"href":"https:\/\/abinox-chr-clim.com\/index.php\/wp-json\/wp\/v2\/product\/111736","targetHints":{"allow":["GET"]}}],"collection":[{"href":"https:\/\/abinox-chr-clim.com\/index.php\/wp-json\/wp\/v2\/product"}],"about":[{"href":"https:\/\/abinox-chr-clim.com\/index.php\/wp-json\/wp\/v2\/types\/product"}],"replies":[{"embeddable":true,"href":"https:\/\/abinox-chr-clim.com\/index.php\/wp-json\/wp\/v2\/comments?post=111736"}],"wp:featuredmedia":[{"embeddable":true,"href":"https:\/\/abinox-chr-clim.com\/index.php\/wp-json\/wp\/v2\/media\/109202"}],"wp:attachment":[{"href":"https:\/\/abinox-chr-clim.com\/index.php\/wp-json\/wp\/v2\/media?parent=111736"}],"wp:term":[{"taxonomy":"product_brand","embeddable":true,"href":"https:\/\/abinox-chr-clim.com\/index.php\/wp-json\/wp\/v2\/product_brand?post=111736"},{"taxonomy":"product_cat","embeddable":true,"href":"https:\/\/abinox-chr-clim.com\/index.php\/wp-json\/wp\/v2\/product_cat?post=111736"},{"taxonomy":"product_tag","embeddable":true,"href":"https:\/\/abinox-chr-clim.com\/index.php\/wp-json\/wp\/v2\/product_tag?post=111736"}],"curies":[{"name":"wp","href":"https:\/\/api.w.org\/{rel}","templated":true}]}}