{"id":111732,"date":"2025-05-29T12:50:15","date_gmt":"2025-05-29T10:50:15","guid":{"rendered":"https:\/\/abinox-chr-clim.com\/index.php\/product\/verres-long-drink-olympia-chester-370ml-lot-de-6\/"},"modified":"2025-08-26T15:03:19","modified_gmt":"2025-08-26T13:03:19","slug":"verres-long-drink-olympia-chester-370ml-lot-de-6","status":"publish","type":"product","link":"https:\/\/abinox-chr-clim.com\/index.php\/product\/verres-long-drink-olympia-chester-370ml-lot-de-6\/","title":{"rendered":"Verres long drink Olympia Chester 370ml (lot de 6)"},"content":{"rendered":"<p>Avec un design contemporain stri\u00e9, ces verres se distinguent dans tout bar ou restaurant. Fabriqu\u00e9s en verre durable et dot\u00e9s d&rsquo;une base solide, ils peuvent \u00eatre lav\u00e9s au lave-vaisselle.<\/p>\n<p>\u2022 Le design stri\u00e9 ajoute une touche contemporaine<br \/>\u2022 Am\u00e9liore la pr\u00e9sentation des spiritueux et des cocktails<br \/>\u2022 Design solide et durable &#8211; id\u00e9al pour une utilisation fr\u00e9quente<br \/>\u2022 Lavable au lave-vaisselle pour un nettoyage rapide et facile<\/p>\n<p><b><u>Caract\u00e9ristiques du produit :<\/u><\/b><br \/>\u2022 Lot : 6.0<br \/>\u2022 Capacit\u00e9 : 370ml<br \/>\u2022 Dim. : 65(\u00d8) x 136(H)mm<br \/>\u2022 Mati\u00e8re : Savon<br \/>\u2022 Poids : 200 g.<\/p>\n","protected":false},"excerpt":{"rendered":"<p>370ml. Quantit\u00e9 par paquet : 6<\/p>\n","protected":false},"featured_media":109198,"comment_status":"open","ping_status":"closed","template":"","meta":[],"product_brand":[],"product_cat":[1023,1058,1297,1051],"product_tag":[],"class_list":{"0":"post-111732","1":"product","2":"type-product","3":"status-publish","4":"has-post-thumbnail","6":"product_cat-art-de-la-table","7":"product_cat-divers-verrerie","8":"product_cat-non-palettisable","9":"product_cat-verrerie","10":"product_shipping_class-free-shipping","12":"first","13":"outofstock","14":"featured","15":"taxable","16":"shipping-taxable","17":"purchasable","18":"product-type-simple"},"_links":{"self":[{"href":"https:\/\/abinox-chr-clim.com\/index.php\/wp-json\/wp\/v2\/product\/111732","targetHints":{"allow":["GET"]}}],"collection":[{"href":"https:\/\/abinox-chr-clim.com\/index.php\/wp-json\/wp\/v2\/product"}],"about":[{"href":"https:\/\/abinox-chr-clim.com\/index.php\/wp-json\/wp\/v2\/types\/product"}],"replies":[{"embeddable":true,"href":"https:\/\/abinox-chr-clim.com\/index.php\/wp-json\/wp\/v2\/comments?post=111732"}],"wp:featuredmedia":[{"embeddable":true,"href":"https:\/\/abinox-chr-clim.com\/index.php\/wp-json\/wp\/v2\/media\/109198"}],"wp:attachment":[{"href":"https:\/\/abinox-chr-clim.com\/index.php\/wp-json\/wp\/v2\/media?parent=111732"}],"wp:term":[{"taxonomy":"product_brand","embeddable":true,"href":"https:\/\/abinox-chr-clim.com\/index.php\/wp-json\/wp\/v2\/product_brand?post=111732"},{"taxonomy":"product_cat","embeddable":true,"href":"https:\/\/abinox-chr-clim.com\/index.php\/wp-json\/wp\/v2\/product_cat?post=111732"},{"taxonomy":"product_tag","embeddable":true,"href":"https:\/\/abinox-chr-clim.com\/index.php\/wp-json\/wp\/v2\/product_tag?post=111732"}],"curies":[{"name":"wp","href":"https:\/\/api.w.org\/{rel}","templated":true}]}}