{"id":111730,"date":"2025-05-29T12:50:10","date_gmt":"2025-05-29T10:50:10","guid":{"rendered":"https:\/\/abinox-chr-clim.com\/index.php\/product\/bancs-a-lattes-bolero-valletta-gris-lot-de-2\/"},"modified":"2026-04-14T11:30:42","modified_gmt":"2026-04-14T09:30:42","slug":"bancs-a-lattes-bolero-valletta-gris-lot-de-2","status":"publish","type":"product","link":"https:\/\/abinox-chr-clim.com\/index.php\/product\/bancs-a-lattes-bolero-valletta-gris-lot-de-2\/","title":{"rendered":"Bancs \u00e0 lattes Bolero Valletta gris (lot de 2)"},"content":{"rendered":"<p>Offrez \u00e0 vos clients des si\u00e8ges confortables et durables avec le banc \u00e0 lattes Bolero Valletta. Fabriqu\u00e9 en poly\u00e9thyl\u00e8ne haute densit\u00e9 avec un plateau en r\u00e9sine effet bois, il r\u00e9siste aux rayures, aux taches et aux UV.<\/p>\n<p>\u2022 Convient pour une utilisation int\u00e9rieure et ext\u00e9rieure<br \/>\u2022 Tables assorties disponibles dans la gamme Bolero Valletta<br \/>\u2022 Fournis \u00e0 plat, assemblage n\u00e9cessaire<br \/>\u2022 Les bancs sont conformes \u00e0 EN581-1:2017 Mobilier d&rsquo;ext\u00e9rieur Si\u00e8ges et tables pour camping, usage domestique et contractuel &#8211; Partie 1: Exigences g\u00e9n\u00e9rales de s\u00e9curit\u00e9. EN581-2: 2015\/AC 2016 Mobilier d&rsquo;ext\u00e9rieur Partie 2 Exigences de s\u00e9curit\u00e9 m\u00e9canique et m\u00e9thodes d&rsquo;essai pour si\u00e8ges (usage contractuel) et EN 1022:2023 Mobilier &#8211; Si\u00e8ges &#8211; D\u00e9termination de la stabilit\u00e9<br \/>\u2022 Les patins r\u00e9sistants offrent une stabilit\u00e9 accrue et emp\u00eachent les marques<br \/>\u2022 R\u00e9sistant aux rayures, aux taches et aux UV<br \/>\u2022 Banc imitation lattes en bois, en r\u00e9sine r\u00e9sistante<br \/>\u2022 Adapt\u00e9 pour une utilisation commerciale quotidienne<br \/>\u2022 Facile \u00e0 nettoyer avec un chiffon<\/p>\n<p><b><u>Caract\u00e9ristiques du produit :<\/u><\/b><br \/>\u2022 Lot : 2.0<br \/>\u2022 Dim. : 430(H) x 285(P) x 1400(L)mm<br \/>\u2022 Poids : 6,6 kg<br \/>\u2022 Couleur : Gris.<\/p>\n","protected":false},"excerpt":{"rendered":"<p>430(H)x285(P)x1400(L)mm. Lot de 2<\/p>\n","protected":false},"featured_media":105941,"comment_status":"open","ping_status":"closed","template":"","meta":[],"product_brand":[],"product_cat":[1209,1208,1201,1296],"product_tag":[],"class_list":{"0":"post-111730","1":"product","2":"type-product","3":"status-publish","4":"has-post-thumbnail","6":"product_cat-chaises-interieur","7":"product_cat-interieur","8":"product_cat-mobilier","9":"product_cat-palettisable","10":"product_shipping_class-free-shipping","12":"first","13":"instock","14":"featured","15":"taxable","16":"shipping-taxable","17":"purchasable","18":"product-type-simple"},"_links":{"self":[{"href":"https:\/\/abinox-chr-clim.com\/index.php\/wp-json\/wp\/v2\/product\/111730","targetHints":{"allow":["GET"]}}],"collection":[{"href":"https:\/\/abinox-chr-clim.com\/index.php\/wp-json\/wp\/v2\/product"}],"about":[{"href":"https:\/\/abinox-chr-clim.com\/index.php\/wp-json\/wp\/v2\/types\/product"}],"replies":[{"embeddable":true,"href":"https:\/\/abinox-chr-clim.com\/index.php\/wp-json\/wp\/v2\/comments?post=111730"}],"wp:featuredmedia":[{"embeddable":true,"href":"https:\/\/abinox-chr-clim.com\/index.php\/wp-json\/wp\/v2\/media\/105941"}],"wp:attachment":[{"href":"https:\/\/abinox-chr-clim.com\/index.php\/wp-json\/wp\/v2\/media?parent=111730"}],"wp:term":[{"taxonomy":"product_brand","embeddable":true,"href":"https:\/\/abinox-chr-clim.com\/index.php\/wp-json\/wp\/v2\/product_brand?post=111730"},{"taxonomy":"product_cat","embeddable":true,"href":"https:\/\/abinox-chr-clim.com\/index.php\/wp-json\/wp\/v2\/product_cat?post=111730"},{"taxonomy":"product_tag","embeddable":true,"href":"https:\/\/abinox-chr-clim.com\/index.php\/wp-json\/wp\/v2\/product_tag?post=111730"}],"curies":[{"name":"wp","href":"https:\/\/api.w.org\/{rel}","templated":true}]}}