{"id":111728,"date":"2025-05-29T12:50:06","date_gmt":"2025-05-29T10:50:06","guid":{"rendered":"https:\/\/abinox-chr-clim.com\/index.php\/product\/fauteuils-a-lattes-bolero-valletta-gris-lot-de-4\/"},"modified":"2026-04-14T11:30:39","modified_gmt":"2026-04-14T09:30:39","slug":"fauteuils-a-lattes-bolero-valletta-gris-lot-de-4","status":"publish","type":"product","link":"https:\/\/abinox-chr-clim.com\/index.php\/product\/fauteuils-a-lattes-bolero-valletta-gris-lot-de-4\/","title":{"rendered":"Fauteuils \u00e0 lattes Bolero Valletta gris (Lot de 4)"},"content":{"rendered":"<p>Renouvelez vos si\u00e8ges d&rsquo;ext\u00e9rieur avec les fauteuils \u00e0 lattes Bolero Valletta. \u00c9l\u00e9gants, durables et empilables, ces fauteuils faciles \u00e0 nettoyer sont parfaits pour les espaces commerciaux tr\u00e8s fr\u00e9quent\u00e9s.<\/p>\n<p>\u2022 Convient pour un usage int\u00e9rieur et ext\u00e9rieur<br \/>\u2022 Empilable &#8211; id\u00e9al pour un rangement peu encombrant<br \/>\u2022 R\u00e9sistant aux rayures, aux taches et aux UV<br \/>\u2022 Assise et dossier imitation lattes de bois, en mat\u00e9riau r\u00e9sine durable<br \/>\u2022 Pieds avec patins pour la protection des sols<br \/>\u2022 Convient \u00e0 un usage commercial quotidien<br \/>\u2022 Tables assorties disponibles dans la gamme Bolero Valletta<br \/>\u2022 Les fauteuils sont conformes \u00e0 la norme EN581-1:2017 Mobilier d&rsquo;ext\u00e9rieur si\u00e8ges et tables pour le camping, l&rsquo;usage domestique et contractuel &#8211; Partie 1 : Exigences g\u00e9n\u00e9rales de s\u00e9curit\u00e9. EN581-2: 2015\/AC 2016 Partie 2 Exigences de s\u00e9curit\u00e9 m\u00e9canique et m\u00e9thodes d&rsquo;essai pour les si\u00e8ges (usage contractuel) et EN 1022:2023 Mobilier &#8211; Si\u00e8ges &#8211; D\u00e9termination de la stabilit\u00e9<\/p>\n<p><b><u>Caract\u00e9ristiques du produit :<\/u><\/b><br \/>\u2022 Dim. : 890(H) x 600(L) mm<br \/>\u2022 Poids : 6,3 kg<br \/>\u2022 Couleur : Gris.<\/p>\n","protected":false},"excerpt":{"rendered":"<p>890(H)x600(L)x548(P)mm. Lot de 4<\/p>\n","protected":false},"featured_media":106318,"comment_status":"open","ping_status":"closed","template":"","meta":[],"product_brand":[],"product_cat":[1209,1208,1201,1296],"product_tag":[],"class_list":{"0":"post-111728","1":"product","2":"type-product","3":"status-publish","4":"has-post-thumbnail","6":"product_cat-chaises-interieur","7":"product_cat-interieur","8":"product_cat-mobilier","9":"product_cat-palettisable","10":"product_shipping_class-free-shipping","12":"first","13":"instock","14":"featured","15":"taxable","16":"shipping-taxable","17":"purchasable","18":"product-type-simple"},"_links":{"self":[{"href":"https:\/\/abinox-chr-clim.com\/index.php\/wp-json\/wp\/v2\/product\/111728","targetHints":{"allow":["GET"]}}],"collection":[{"href":"https:\/\/abinox-chr-clim.com\/index.php\/wp-json\/wp\/v2\/product"}],"about":[{"href":"https:\/\/abinox-chr-clim.com\/index.php\/wp-json\/wp\/v2\/types\/product"}],"replies":[{"embeddable":true,"href":"https:\/\/abinox-chr-clim.com\/index.php\/wp-json\/wp\/v2\/comments?post=111728"}],"wp:featuredmedia":[{"embeddable":true,"href":"https:\/\/abinox-chr-clim.com\/index.php\/wp-json\/wp\/v2\/media\/106318"}],"wp:attachment":[{"href":"https:\/\/abinox-chr-clim.com\/index.php\/wp-json\/wp\/v2\/media?parent=111728"}],"wp:term":[{"taxonomy":"product_brand","embeddable":true,"href":"https:\/\/abinox-chr-clim.com\/index.php\/wp-json\/wp\/v2\/product_brand?post=111728"},{"taxonomy":"product_cat","embeddable":true,"href":"https:\/\/abinox-chr-clim.com\/index.php\/wp-json\/wp\/v2\/product_cat?post=111728"},{"taxonomy":"product_tag","embeddable":true,"href":"https:\/\/abinox-chr-clim.com\/index.php\/wp-json\/wp\/v2\/product_tag?post=111728"}],"curies":[{"name":"wp","href":"https:\/\/api.w.org\/{rel}","templated":true}]}}