{"id":111725,"date":"2025-05-29T12:50:01","date_gmt":"2025-05-29T10:50:01","guid":{"rendered":"https:\/\/abinox-chr-clim.com\/index.php\/product\/support-en-acier-pour-bouteilles-de-sirop-olympia-noir-400x105x320mm\/"},"modified":"2025-08-26T14:56:27","modified_gmt":"2025-08-26T12:56:27","slug":"support-en-acier-pour-bouteilles-de-sirop-olympia-noir-400x105x320mm","status":"publish","type":"product","link":"https:\/\/abinox-chr-clim.com\/index.php\/product\/support-en-acier-pour-bouteilles-de-sirop-olympia-noir-400x105x320mm\/","title":{"rendered":"Support en acier pour bouteilles de sirop Olympia noir 400x105x320mm"},"content":{"rendered":"<p>\u2022 Peut contenir jusqu&rsquo;\u00e0 quatre bouteilles, id\u00e9al pour exposer des sirops de caf\u00e9<br \/>\u2022 320mm de haut, con\u00e7u pour s&rsquo;adapter efficacement sur les comptoirs<br \/>\u2022 Design peu encombrant aidant \u00e0 maximiser l&rsquo;espace d&rsquo;exposition<br \/>\u2022 Am\u00e9liore la visibilit\u00e9 des produits, encourage l&rsquo;engagement des clients et les ventes<br \/>\u2022 Antid\u00e9rapant avec une excellente stabilit\u00e9<br \/>\u2022 Couleur noire offrant un style moderne<br \/>\u2022 Compatible lave-vaisselle pour un nettoyage facile<\/p>\n<p><b><u>Caract\u00e9ristiques du produit :<\/u><\/b><br \/>\u2022 Dim. : 400(L) x 105(P) x 320(H)mm<br \/>\u2022 Mati\u00e8re : Acier rev\u00eatu de poudre<br \/>\u2022 Poids : 350 g.<\/p>\n","protected":false},"excerpt":{"rendered":"<p>400(L)x105(l)x320(P)mm. Mat\u00e9riau : acier rev\u00eatu de poudre<\/p>\n","protected":false},"featured_media":107270,"comment_status":"open","ping_status":"closed","template":"","meta":[],"product_brand":[],"product_cat":[1277,1297],"product_tag":[],"class_list":{"0":"post-111725","1":"product","2":"type-product","3":"status-publish","4":"has-post-thumbnail","6":"product_cat-divers-principal","7":"product_cat-non-palettisable","8":"product_shipping_class-free-shipping","10":"first","11":"outofstock","12":"featured","13":"taxable","14":"shipping-taxable","15":"purchasable","16":"product-type-simple"},"_links":{"self":[{"href":"https:\/\/abinox-chr-clim.com\/index.php\/wp-json\/wp\/v2\/product\/111725","targetHints":{"allow":["GET"]}}],"collection":[{"href":"https:\/\/abinox-chr-clim.com\/index.php\/wp-json\/wp\/v2\/product"}],"about":[{"href":"https:\/\/abinox-chr-clim.com\/index.php\/wp-json\/wp\/v2\/types\/product"}],"replies":[{"embeddable":true,"href":"https:\/\/abinox-chr-clim.com\/index.php\/wp-json\/wp\/v2\/comments?post=111725"}],"wp:featuredmedia":[{"embeddable":true,"href":"https:\/\/abinox-chr-clim.com\/index.php\/wp-json\/wp\/v2\/media\/107270"}],"wp:attachment":[{"href":"https:\/\/abinox-chr-clim.com\/index.php\/wp-json\/wp\/v2\/media?parent=111725"}],"wp:term":[{"taxonomy":"product_brand","embeddable":true,"href":"https:\/\/abinox-chr-clim.com\/index.php\/wp-json\/wp\/v2\/product_brand?post=111725"},{"taxonomy":"product_cat","embeddable":true,"href":"https:\/\/abinox-chr-clim.com\/index.php\/wp-json\/wp\/v2\/product_cat?post=111725"},{"taxonomy":"product_tag","embeddable":true,"href":"https:\/\/abinox-chr-clim.com\/index.php\/wp-json\/wp\/v2\/product_tag?post=111725"}],"curies":[{"name":"wp","href":"https:\/\/api.w.org\/{rel}","templated":true}]}}