{"id":111723,"date":"2025-05-29T12:49:57","date_gmt":"2025-05-29T10:49:57","guid":{"rendered":"https:\/\/abinox-chr-clim.com\/index.php\/product\/rehausseur-rond-en-metal-antiderapant-olympia-noir-230x260x100mm\/"},"modified":"2026-01-12T09:36:15","modified_gmt":"2026-01-12T08:36:15","slug":"rehausseur-rond-en-metal-antiderapant-olympia-noir-230x260x100mm","status":"publish","type":"product","link":"https:\/\/abinox-chr-clim.com\/index.php\/product\/rehausseur-rond-en-metal-antiderapant-olympia-noir-230x260x100mm\/","title":{"rendered":"Rehausseur rond en m\u00e9tal antid\u00e9rapant Olympia noir 230x260x100mm"},"content":{"rendered":"<p>Ajoutez de la hauteur aux pr\u00e9sentations alimentaires de buffets avec ces rehausseurs ronds en m\u00e9tal. Le m\u00e9tal noir durable et facile \u00e0 nettoyer est antid\u00e9rapant et maintient les assiettes en place.<\/p>\n<p>\u2022 Ajout parfait pour votre service de buffet<br \/>\u2022 Surface antid\u00e9rapante gardant les assiettes en s\u00e9curit\u00e9 et stables<br \/>\u2022 La couleur noire offre un style moderne<br \/>\u2022 Compatible lave-vaisselle pour un nettoyage facile<\/p>\n<p><b><u>Caract\u00e9ristiques du produit :<\/u><\/b><br \/>\u2022 Dim. : 230(\u00d8) x 100(H)mm<br \/>\u2022 Mati\u00e8re : Acier rev\u00eatu de poudre<br \/>\u2022 Poids : 575 g<br \/>\u2022 Couleur : Noir.<\/p>\n","protected":false},"excerpt":{"rendered":"<p>230(\u00d8)x100(H)mm<\/p>\n","protected":false},"featured_media":109193,"comment_status":"open","ping_status":"closed","template":"","meta":[],"product_brand":[],"product_cat":[1277,1297],"product_tag":[],"class_list":{"0":"post-111723","1":"product","2":"type-product","3":"status-publish","4":"has-post-thumbnail","6":"product_cat-divers-principal","7":"product_cat-non-palettisable","8":"product_shipping_class-free-shipping","10":"first","11":"outofstock","12":"featured","13":"taxable","14":"shipping-taxable","15":"purchasable","16":"product-type-simple"},"_links":{"self":[{"href":"https:\/\/abinox-chr-clim.com\/index.php\/wp-json\/wp\/v2\/product\/111723","targetHints":{"allow":["GET"]}}],"collection":[{"href":"https:\/\/abinox-chr-clim.com\/index.php\/wp-json\/wp\/v2\/product"}],"about":[{"href":"https:\/\/abinox-chr-clim.com\/index.php\/wp-json\/wp\/v2\/types\/product"}],"replies":[{"embeddable":true,"href":"https:\/\/abinox-chr-clim.com\/index.php\/wp-json\/wp\/v2\/comments?post=111723"}],"wp:featuredmedia":[{"embeddable":true,"href":"https:\/\/abinox-chr-clim.com\/index.php\/wp-json\/wp\/v2\/media\/109193"}],"wp:attachment":[{"href":"https:\/\/abinox-chr-clim.com\/index.php\/wp-json\/wp\/v2\/media?parent=111723"}],"wp:term":[{"taxonomy":"product_brand","embeddable":true,"href":"https:\/\/abinox-chr-clim.com\/index.php\/wp-json\/wp\/v2\/product_brand?post=111723"},{"taxonomy":"product_cat","embeddable":true,"href":"https:\/\/abinox-chr-clim.com\/index.php\/wp-json\/wp\/v2\/product_cat?post=111723"},{"taxonomy":"product_tag","embeddable":true,"href":"https:\/\/abinox-chr-clim.com\/index.php\/wp-json\/wp\/v2\/product_tag?post=111723"}],"curies":[{"name":"wp","href":"https:\/\/api.w.org\/{rel}","templated":true}]}}