{"id":111716,"date":"2025-05-29T12:49:42","date_gmt":"2025-05-29T10:49:42","guid":{"rendered":"https:\/\/abinox-chr-clim.com\/index.php\/product\/grand-saladier-olympia-kristallon-blanc\/"},"modified":"2025-08-26T14:56:17","modified_gmt":"2025-08-26T12:56:17","slug":"grand-saladier-olympia-kristallon-blanc","status":"publish","type":"product","link":"https:\/\/abinox-chr-clim.com\/index.php\/product\/grand-saladier-olympia-kristallon-blanc\/","title":{"rendered":"Grand saladier Olympia Kristallon blanc"},"content":{"rendered":"<p>Saladier Olympia Kristallon parfait pour servir et pr\u00e9senter. Le plastique durable permet au r\u00e9cipient de r\u00e9sister sans dommage aux exigences d&rsquo;un service tr\u00e8s fr\u00e9quent\u00e9. Le design \u00e9l\u00e9gant permet d&#8217;embellir les tables et les buffets.<\/p>\n<p>\u2022 Fabriqu\u00e9 en plastique SAN durable pour une excellente r\u00e9sistance \u00e0 la chaleur<br \/>\u2022 Convient pour des temp\u00e9ratures comprises entre 0-80\u00b0C<br \/>\u2022 Conserve les aliments, pour des plats frais toute la journ\u00e9e<br \/>\u2022 L\u00e9ger pour un transport facile<br \/>\u2022 Passe au lave-vaisselle pour un nettoyage facile<\/p>\n<p><b><u>Caract\u00e9ristiques du produit :<\/u><\/b><br \/>\u2022 Capacit\u00e9 : 4,25 L<br \/>\u2022 Dim. : 82(H) mm<br \/>\u2022 Mati\u00e8re : SAN<br \/>\u2022 Poids : 540 g<br \/>\u2022 Couleur : Blanc.<\/p>\n","protected":false},"excerpt":{"rendered":"<p>4,25L. Mat\u00e9riau : SAN. Taille : 333(L)x265(P)x82(H)mm<\/p>\n","protected":false},"featured_media":106622,"comment_status":"open","ping_status":"closed","template":"","meta":[],"product_brand":[],"product_cat":[1114,1297,1119,1106],"product_tag":[],"class_list":{"0":"post-111716","1":"product","2":"type-product","3":"status-publish","4":"has-post-thumbnail","6":"product_cat-buffet","7":"product_cat-non-palettisable","8":"product_cat-presentation-buffet","9":"product_cat-restaurant-bar-et-hotel","10":"product_shipping_class-free-shipping","12":"first","13":"outofstock","14":"featured","15":"taxable","16":"shipping-taxable","17":"purchasable","18":"product-type-simple"},"_links":{"self":[{"href":"https:\/\/abinox-chr-clim.com\/index.php\/wp-json\/wp\/v2\/product\/111716","targetHints":{"allow":["GET"]}}],"collection":[{"href":"https:\/\/abinox-chr-clim.com\/index.php\/wp-json\/wp\/v2\/product"}],"about":[{"href":"https:\/\/abinox-chr-clim.com\/index.php\/wp-json\/wp\/v2\/types\/product"}],"replies":[{"embeddable":true,"href":"https:\/\/abinox-chr-clim.com\/index.php\/wp-json\/wp\/v2\/comments?post=111716"}],"wp:featuredmedia":[{"embeddable":true,"href":"https:\/\/abinox-chr-clim.com\/index.php\/wp-json\/wp\/v2\/media\/106622"}],"wp:attachment":[{"href":"https:\/\/abinox-chr-clim.com\/index.php\/wp-json\/wp\/v2\/media?parent=111716"}],"wp:term":[{"taxonomy":"product_brand","embeddable":true,"href":"https:\/\/abinox-chr-clim.com\/index.php\/wp-json\/wp\/v2\/product_brand?post=111716"},{"taxonomy":"product_cat","embeddable":true,"href":"https:\/\/abinox-chr-clim.com\/index.php\/wp-json\/wp\/v2\/product_cat?post=111716"},{"taxonomy":"product_tag","embeddable":true,"href":"https:\/\/abinox-chr-clim.com\/index.php\/wp-json\/wp\/v2\/product_tag?post=111716"}],"curies":[{"name":"wp","href":"https:\/\/api.w.org\/{rel}","templated":true}]}}