{"id":111702,"date":"2025-05-29T12:49:14","date_gmt":"2025-05-29T10:49:14","guid":{"rendered":"https:\/\/abinox-chr-clim.com\/index.php\/product\/chauffe-plat-caterlite\/"},"modified":"2026-04-24T11:19:22","modified_gmt":"2026-04-24T09:19:22","slug":"chauffe-plat-caterlite","status":"publish","type":"product","link":"https:\/\/abinox-chr-clim.com\/index.php\/product\/chauffe-plat-caterlite\/","title":{"rendered":"Chauffe-plat Caterlite"},"content":{"rendered":"<p>\u2022 Construction en acier inoxydable robuste et facile \u00e0 nettoyer<br \/>\u2022 Contr\u00f4le de temp\u00e9rature simple et r\u00e9glable entre 40-85\u00b0C<br \/>\u2022 Fourni avec 3 bacs GN 1\/3 (SS304)<br \/>\u2022 Conception polyvalente &#8211; peut \u00eatre utilis\u00e9 comme chauffe-plat de buffet ou plaque chauffante<br \/>\u2022 Couvercles en plastique AS transparent &#8211; visualisation facile du contenu mains libres<\/p>\n<p><b><u>Caract\u00e9ristiques du produit :<\/u><\/b><br \/>\u2022 Dim. : 600(H) x 385(L) x 170(P) mm<br \/>\u2022 Mati\u00e8re : Inox<br \/>\u2022 Voltage : 220-240V<br \/>\u2022 Couleur : Argent.<\/p>\n","protected":false},"excerpt":{"rendered":"<p>400W. Convient pour 3 GN 1\/3<\/p>\n","protected":false},"featured_media":109186,"comment_status":"open","ping_status":"closed","template":"","meta":[],"product_brand":[],"product_cat":[1114,1116,1297,1106],"product_tag":[],"class_list":{"0":"post-111702","1":"product","2":"type-product","3":"status-publish","4":"has-post-thumbnail","6":"product_cat-buffet","7":"product_cat-chafing-dish","8":"product_cat-non-palettisable","9":"product_cat-restaurant-bar-et-hotel","10":"product_shipping_class-free-shipping","12":"first","13":"instock","14":"featured","15":"taxable","16":"shipping-taxable","17":"purchasable","18":"product-type-simple"},"_links":{"self":[{"href":"https:\/\/abinox-chr-clim.com\/index.php\/wp-json\/wp\/v2\/product\/111702","targetHints":{"allow":["GET"]}}],"collection":[{"href":"https:\/\/abinox-chr-clim.com\/index.php\/wp-json\/wp\/v2\/product"}],"about":[{"href":"https:\/\/abinox-chr-clim.com\/index.php\/wp-json\/wp\/v2\/types\/product"}],"replies":[{"embeddable":true,"href":"https:\/\/abinox-chr-clim.com\/index.php\/wp-json\/wp\/v2\/comments?post=111702"}],"wp:featuredmedia":[{"embeddable":true,"href":"https:\/\/abinox-chr-clim.com\/index.php\/wp-json\/wp\/v2\/media\/109186"}],"wp:attachment":[{"href":"https:\/\/abinox-chr-clim.com\/index.php\/wp-json\/wp\/v2\/media?parent=111702"}],"wp:term":[{"taxonomy":"product_brand","embeddable":true,"href":"https:\/\/abinox-chr-clim.com\/index.php\/wp-json\/wp\/v2\/product_brand?post=111702"},{"taxonomy":"product_cat","embeddable":true,"href":"https:\/\/abinox-chr-clim.com\/index.php\/wp-json\/wp\/v2\/product_cat?post=111702"},{"taxonomy":"product_tag","embeddable":true,"href":"https:\/\/abinox-chr-clim.com\/index.php\/wp-json\/wp\/v2\/product_tag?post=111702"}],"curies":[{"name":"wp","href":"https:\/\/api.w.org\/{rel}","templated":true}]}}