{"id":111699,"date":"2025-05-29T12:49:07","date_gmt":"2025-05-29T10:49:07","guid":{"rendered":"https:\/\/abinox-chr-clim.com\/index.php\/product\/presentoir-a-gateau-tournant-en-bois-de-manguier-olympia-330x40mm\/"},"modified":"2025-08-26T14:56:02","modified_gmt":"2025-08-26T12:56:02","slug":"presentoir-a-gateau-tournant-en-bois-de-manguier-olympia-330x40mm","status":"publish","type":"product","link":"https:\/\/abinox-chr-clim.com\/index.php\/product\/presentoir-a-gateau-tournant-en-bois-de-manguier-olympia-330x40mm\/","title":{"rendered":"Pr\u00e9sentoir \u00e0 g\u00e2teau tournant en bois de manguier Olympia 330x40mm"},"content":{"rendered":"<p>Le support \u00e0 g\u00e2teau en bois de manguier Olympia se caract\u00e9rise par une finition lisse et des motifs de grain naturel complexes. Parfait comme pr\u00e9sentoir de comptoir et facils \u00e0 nettoyer.<\/p>\n<p>\u2022 Id\u00e9al pour la d\u00e9coration de g\u00e2teaux et l&rsquo;exposition sur le comptoir<br \/>\u2022 Base lisse et tournante offrant un acc\u00e8s facile sous tous les angles<br \/>\u2022 Le design naturel met en valeur vos ingr\u00e9dients<br \/>\u2022 Conception facile \u00e0 nettoyer<br \/>\u2022 Non adapt\u00e9 pour des aliments humides ou gras<br \/>\u2022 Non adapt\u00e9 pour une utilisation au lave-vaisselle<\/p>\n<p><b><u>Caract\u00e9ristiques du produit :<\/u><\/b><br \/>\u2022 Dim. : 330(\u00d8) x 40(H)mm<br \/>\u2022 Poids : 828 g.<\/p>\n","protected":false},"excerpt":{"rendered":"<p>330(\u00d8)x40(H)mm. Mat\u00e9riau : Bois de manguier<\/p>\n","protected":false},"featured_media":109185,"comment_status":"open","ping_status":"closed","template":"","meta":[],"product_brand":[],"product_cat":[1115,1114,1297,1106],"product_tag":[],"class_list":{"0":"post-111699","1":"product","2":"type-product","3":"status-publish","4":"has-post-thumbnail","6":"product_cat-accessoires-buffet","7":"product_cat-buffet","8":"product_cat-non-palettisable","9":"product_cat-restaurant-bar-et-hotel","10":"product_shipping_class-free-shipping","12":"first","13":"outofstock","14":"featured","15":"taxable","16":"shipping-taxable","17":"purchasable","18":"product-type-simple"},"_links":{"self":[{"href":"https:\/\/abinox-chr-clim.com\/index.php\/wp-json\/wp\/v2\/product\/111699","targetHints":{"allow":["GET"]}}],"collection":[{"href":"https:\/\/abinox-chr-clim.com\/index.php\/wp-json\/wp\/v2\/product"}],"about":[{"href":"https:\/\/abinox-chr-clim.com\/index.php\/wp-json\/wp\/v2\/types\/product"}],"replies":[{"embeddable":true,"href":"https:\/\/abinox-chr-clim.com\/index.php\/wp-json\/wp\/v2\/comments?post=111699"}],"wp:featuredmedia":[{"embeddable":true,"href":"https:\/\/abinox-chr-clim.com\/index.php\/wp-json\/wp\/v2\/media\/109185"}],"wp:attachment":[{"href":"https:\/\/abinox-chr-clim.com\/index.php\/wp-json\/wp\/v2\/media?parent=111699"}],"wp:term":[{"taxonomy":"product_brand","embeddable":true,"href":"https:\/\/abinox-chr-clim.com\/index.php\/wp-json\/wp\/v2\/product_brand?post=111699"},{"taxonomy":"product_cat","embeddable":true,"href":"https:\/\/abinox-chr-clim.com\/index.php\/wp-json\/wp\/v2\/product_cat?post=111699"},{"taxonomy":"product_tag","embeddable":true,"href":"https:\/\/abinox-chr-clim.com\/index.php\/wp-json\/wp\/v2\/product_tag?post=111699"}],"curies":[{"name":"wp","href":"https:\/\/api.w.org\/{rel}","templated":true}]}}