{"id":111691,"date":"2025-05-29T12:48:51","date_gmt":"2025-05-29T10:48:51","guid":{"rendered":"https:\/\/abinox-chr-clim.com\/index.php\/product\/boites-carrees-de-mouchoirs-blancs-nisbets-essentials-100-feuilles-36-boites\/"},"modified":"2026-04-21T11:44:46","modified_gmt":"2026-04-21T09:44:46","slug":"boites-carrees-de-mouchoirs-blancs-nisbets-essentials-100-feuilles-36-boites","status":"publish","type":"product","link":"https:\/\/abinox-chr-clim.com\/index.php\/product\/boites-carrees-de-mouchoirs-blancs-nisbets-essentials-100-feuilles-36-boites\/","title":{"rendered":"Bo\u00eetes carr\u00e9es de mouchoirs blancs Nisbets Essentials 100 feuilles (36 bo\u00eetes)"},"content":{"rendered":"<p>\u2022 100 feuilles par bo\u00eete, 36 bo\u00eetes par lot<br \/>\u2022 Fabriqu\u00e9s \u00e0 partir de fibres de papier recycl\u00e9<br \/>\u2022 Id\u00e9al pour les plans de travail, les chambres d&rsquo;h\u00f4tel, les bureaux, les salles de r\u00e9union et les toilettes<\/p>\n<p><b><u>Caract\u00e9ristiques du produit :<\/u><\/b><br \/>\u2022 Lot : 36.0<br \/>\u2022 Dim. : 180(P) x 200(L)mm<br \/>\u2022 Mati\u00e8re : Papier<br \/>\u2022 Couleur : Blanc.<\/p>\n","protected":false},"excerpt":{"rendered":"<p>100 feuilles par bo\u00eete. Quantit\u00e9 par lot : 36 bo\u00eetes<\/p>\n","protected":false},"featured_media":109182,"comment_status":"open","ping_status":"closed","template":"","meta":[],"product_brand":[],"product_cat":[1239,1297,1238,1216],"product_tag":[],"class_list":{"0":"post-111691","1":"product","2":"type-product","3":"status-publish","4":"has-post-thumbnail","6":"product_cat-divers-produits-a-usage-unique","7":"product_cat-non-palettisable","8":"product_cat-produits-a-usage-unique","9":"product_cat-usage-unique-et-entretien","10":"product_shipping_class-free-shipping","12":"first","13":"instock","14":"featured","15":"taxable","16":"shipping-taxable","17":"purchasable","18":"product-type-simple"},"_links":{"self":[{"href":"https:\/\/abinox-chr-clim.com\/index.php\/wp-json\/wp\/v2\/product\/111691","targetHints":{"allow":["GET"]}}],"collection":[{"href":"https:\/\/abinox-chr-clim.com\/index.php\/wp-json\/wp\/v2\/product"}],"about":[{"href":"https:\/\/abinox-chr-clim.com\/index.php\/wp-json\/wp\/v2\/types\/product"}],"replies":[{"embeddable":true,"href":"https:\/\/abinox-chr-clim.com\/index.php\/wp-json\/wp\/v2\/comments?post=111691"}],"wp:featuredmedia":[{"embeddable":true,"href":"https:\/\/abinox-chr-clim.com\/index.php\/wp-json\/wp\/v2\/media\/109182"}],"wp:attachment":[{"href":"https:\/\/abinox-chr-clim.com\/index.php\/wp-json\/wp\/v2\/media?parent=111691"}],"wp:term":[{"taxonomy":"product_brand","embeddable":true,"href":"https:\/\/abinox-chr-clim.com\/index.php\/wp-json\/wp\/v2\/product_brand?post=111691"},{"taxonomy":"product_cat","embeddable":true,"href":"https:\/\/abinox-chr-clim.com\/index.php\/wp-json\/wp\/v2\/product_cat?post=111691"},{"taxonomy":"product_tag","embeddable":true,"href":"https:\/\/abinox-chr-clim.com\/index.php\/wp-json\/wp\/v2\/product_tag?post=111691"}],"curies":[{"name":"wp","href":"https:\/\/api.w.org\/{rel}","templated":true}]}}