{"id":111689,"date":"2025-05-29T12:48:46","date_gmt":"2025-05-29T10:48:46","guid":{"rendered":"https:\/\/abinox-chr-clim.com\/index.php\/product\/theieres-pier-olympia-whiteware-500ml-lot-de-2\/"},"modified":"2025-08-26T14:55:53","modified_gmt":"2025-08-26T12:55:53","slug":"theieres-pier-olympia-whiteware-500ml-lot-de-2","status":"publish","type":"product","link":"https:\/\/abinox-chr-clim.com\/index.php\/product\/theieres-pier-olympia-whiteware-500ml-lot-de-2\/","title":{"rendered":"Th\u00e9i\u00e8res Pier Olympia Whiteware 500ml (lot de 2)"},"content":{"rendered":"<p>Servez des boissons chaudes avec style gr\u00e2ce aux th\u00e9i\u00e8res Olympia Whiteware Pier. Avec leur design \u00e9pur\u00e9 et minimaliste et leur finition enti\u00e8rement vitrifi\u00e9e et r\u00e9sistante aux \u00e9clats, ces th\u00e9i\u00e8res sont \u00e0 la fois durables et \u00e9l\u00e9gantes. Leur construction empilable permet d&rsquo;\u00e9conomiser de l&rsquo;espace de stockage.<\/p>\n<p>\u2022 Dimensions 181(L)x 99(P)x 137(H)mm<br \/>\u2022 Conforme \u00e0 la norme de porcelaine vitrifi\u00e9e BS4034<br \/>\u2022 Design robuste avec bords roul\u00e9s durables<br \/>\u2022 Capacit\u00e9 500ml<br \/>\u2022 Mat\u00e9riau Porcelaine<br \/>\u2022 Poids 490g<br \/>\u2022 Couleur blanche<br \/>\u2022 Porcelaine enti\u00e8rement vitrifi\u00e9e &#8211; r\u00e9sistante \u00e0 la chaleur et aux chocs<br \/>\u2022 Finition \u00e9maill\u00e9e<\/p>\n<p><b><u>Caract\u00e9ristiques du produit :<\/u><\/b><br \/>\u2022 Lot : 2.0<br \/>\u2022 Capacit\u00e9 : 500 ml<br \/>\u2022 Mati\u00e8re : Porcelaine<br \/>\u2022 Poids : 490 g<br \/>\u2022 Couleur : Blanc.<\/p>\n","protected":false},"excerpt":{"rendered":"<p>Capacit\u00e9 500ml. Lot de 2<\/p>\n","protected":false},"featured_media":109181,"comment_status":"open","ping_status":"closed","template":"","meta":[],"product_brand":[],"product_cat":[1297,1106,1140,1145],"product_tag":[],"class_list":{"0":"post-111689","1":"product","2":"type-product","3":"status-publish","4":"has-post-thumbnail","6":"product_cat-non-palettisable","7":"product_cat-restaurant-bar-et-hotel","8":"product_cat-service-boissons","9":"product_cat-theieres-et-cafetieres","10":"product_shipping_class-free-shipping","12":"first","13":"outofstock","14":"featured","15":"taxable","16":"shipping-taxable","17":"purchasable","18":"product-type-simple"},"_links":{"self":[{"href":"https:\/\/abinox-chr-clim.com\/index.php\/wp-json\/wp\/v2\/product\/111689","targetHints":{"allow":["GET"]}}],"collection":[{"href":"https:\/\/abinox-chr-clim.com\/index.php\/wp-json\/wp\/v2\/product"}],"about":[{"href":"https:\/\/abinox-chr-clim.com\/index.php\/wp-json\/wp\/v2\/types\/product"}],"replies":[{"embeddable":true,"href":"https:\/\/abinox-chr-clim.com\/index.php\/wp-json\/wp\/v2\/comments?post=111689"}],"wp:featuredmedia":[{"embeddable":true,"href":"https:\/\/abinox-chr-clim.com\/index.php\/wp-json\/wp\/v2\/media\/109181"}],"wp:attachment":[{"href":"https:\/\/abinox-chr-clim.com\/index.php\/wp-json\/wp\/v2\/media?parent=111689"}],"wp:term":[{"taxonomy":"product_brand","embeddable":true,"href":"https:\/\/abinox-chr-clim.com\/index.php\/wp-json\/wp\/v2\/product_brand?post=111689"},{"taxonomy":"product_cat","embeddable":true,"href":"https:\/\/abinox-chr-clim.com\/index.php\/wp-json\/wp\/v2\/product_cat?post=111689"},{"taxonomy":"product_tag","embeddable":true,"href":"https:\/\/abinox-chr-clim.com\/index.php\/wp-json\/wp\/v2\/product_tag?post=111689"}],"curies":[{"name":"wp","href":"https:\/\/api.w.org\/{rel}","templated":true}]}}