{"id":111687,"date":"2025-05-29T12:48:42","date_gmt":"2025-05-29T10:48:42","guid":{"rendered":"https:\/\/abinox-chr-clim.com\/index.php\/product\/pichets-pier-olympia-whiteware-200ml-lot-de-6\/"},"modified":"2025-08-26T14:55:51","modified_gmt":"2025-08-26T12:55:51","slug":"pichets-pier-olympia-whiteware-200ml-lot-de-6","status":"publish","type":"product","link":"https:\/\/abinox-chr-clim.com\/index.php\/product\/pichets-pier-olympia-whiteware-200ml-lot-de-6\/","title":{"rendered":"Pichets Pier Olympia Whiteware 200ml (lot de 6)"},"content":{"rendered":"<p>Les pichets Olympia Whiteware Pier allient un design minimaliste et rustique \u00e0 une excellente r\u00e9sistance \u00e0 l&rsquo;usure. Le bec ergonomique assure un versement pr\u00e9cis, tandis que la construction r\u00e9sistante aux \u00e9clats est parfaite pour un usage quotidien.<\/p>\n<p>\u2022 Dimensions 111(L)x 73(P)x 85(H)mm<br \/>\u2022 Conforme \u00e0 la norme de porcelaine vitrifi\u00e9e BS4034<br \/>\u2022 Design robuste avec bords roul\u00e9s durables<br \/>\u2022 Capacit\u00e9 200ml<br \/>\u2022 Mat\u00e9riau Porcelaine<br \/>\u2022 Poids 200g<br \/>\u2022 Couleur blanche<br \/>\u2022 Porcelaine enti\u00e8rement vitrifi\u00e9e &#8211; r\u00e9sistante \u00e0 la chaleur et aux chocs<br \/>\u2022 Finition \u00e9maill\u00e9e<\/p>\n<p><b><u>Caract\u00e9ristiques du produit :<\/u><\/b><br \/>\u2022 Lot : 6.0<br \/>\u2022 Capacit\u00e9 : 200 ml<br \/>\u2022 Mati\u00e8re : Porcelaine<br \/>\u2022 Poids : 200 g<br \/>\u2022 Couleur : Blanc.<\/p>\n","protected":false},"excerpt":{"rendered":"<p>Capacit\u00e9 200ml. Lot de 6<\/p>\n","protected":false},"featured_media":107267,"comment_status":"open","ping_status":"closed","template":"","meta":[],"product_brand":[],"product_cat":[1297,1144,1106,1140],"product_tag":[],"class_list":{"0":"post-111687","1":"product","2":"type-product","3":"status-publish","4":"has-post-thumbnail","6":"product_cat-non-palettisable","7":"product_cat-pichets-isothermes","8":"product_cat-restaurant-bar-et-hotel","9":"product_cat-service-boissons","10":"product_shipping_class-free-shipping","12":"first","13":"outofstock","14":"featured","15":"taxable","16":"shipping-taxable","17":"purchasable","18":"product-type-simple"},"_links":{"self":[{"href":"https:\/\/abinox-chr-clim.com\/index.php\/wp-json\/wp\/v2\/product\/111687","targetHints":{"allow":["GET"]}}],"collection":[{"href":"https:\/\/abinox-chr-clim.com\/index.php\/wp-json\/wp\/v2\/product"}],"about":[{"href":"https:\/\/abinox-chr-clim.com\/index.php\/wp-json\/wp\/v2\/types\/product"}],"replies":[{"embeddable":true,"href":"https:\/\/abinox-chr-clim.com\/index.php\/wp-json\/wp\/v2\/comments?post=111687"}],"wp:featuredmedia":[{"embeddable":true,"href":"https:\/\/abinox-chr-clim.com\/index.php\/wp-json\/wp\/v2\/media\/107267"}],"wp:attachment":[{"href":"https:\/\/abinox-chr-clim.com\/index.php\/wp-json\/wp\/v2\/media?parent=111687"}],"wp:term":[{"taxonomy":"product_brand","embeddable":true,"href":"https:\/\/abinox-chr-clim.com\/index.php\/wp-json\/wp\/v2\/product_brand?post=111687"},{"taxonomy":"product_cat","embeddable":true,"href":"https:\/\/abinox-chr-clim.com\/index.php\/wp-json\/wp\/v2\/product_cat?post=111687"},{"taxonomy":"product_tag","embeddable":true,"href":"https:\/\/abinox-chr-clim.com\/index.php\/wp-json\/wp\/v2\/product_tag?post=111687"}],"curies":[{"name":"wp","href":"https:\/\/api.w.org\/{rel}","templated":true}]}}