{"id":111684,"date":"2025-05-29T12:48:36","date_gmt":"2025-05-29T10:48:36","guid":{"rendered":"https:\/\/abinox-chr-clim.com\/index.php\/product\/pichets-a-lait-creme-olympia-whiteware-65ml-lot-de-12\/"},"modified":"2025-08-26T14:55:47","modified_gmt":"2025-08-26T12:55:47","slug":"pichets-a-lait-creme-olympia-whiteware-65ml-lot-de-12","status":"publish","type":"product","link":"https:\/\/abinox-chr-clim.com\/index.php\/product\/pichets-a-lait-creme-olympia-whiteware-65ml-lot-de-12\/","title":{"rendered":"Pichets \u00e0 lait\/cr\u00e8me Olympia Whiteware 65ml (lot de 12)"},"content":{"rendered":"<p>Le pichet \u00e0 anse Olympia Whiteware est id\u00e9al pour le lait, la cr\u00e8me ou les sauces. Le design blanc \u00e9clatant ajoute de la sophistication. Les bords roul\u00e9s r\u00e9sistent aux \u00e9clats. Le bec ergonomique permet de verser avec pr\u00e9cision et de r\u00e9duire les pertes.<\/p>\n<p>\u2022 Dimensions 85(L)x 50(P)x 56(H)mm<br \/>\u2022 Conforme \u00e0 la norme de porcelaine vitrifi\u00e9e BS4034<br \/>\u2022 Design robuste avec bords roul\u00e9s durables<br \/>\u2022 Capacit\u00e9 65ml<br \/>\u2022 Mat\u00e9riau porcelaine<br \/>\u2022 Poids 75g<br \/>\u2022 Couleur blanche<br \/>\u2022 Porcelaine enti\u00e8rement vitrifi\u00e9e &#8211; r\u00e9sistante \u00e0 la chaleur et aux chocs<br \/>\u2022 Finition \u00e9maill\u00e9e<\/p>\n<p><b><u>Caract\u00e9ristiques du produit :<\/u><\/b><br \/>\u2022 Lot : 12.0<br \/>\u2022 Capacit\u00e9 : 65 ml<br \/>\u2022 Mati\u00e8re : Porcelaine<br \/>\u2022 Poids : 75 g<br \/>\u2022 Couleur : Blanc.<\/p>\n","protected":false},"excerpt":{"rendered":"<p>Capacit\u00e9 65ml. Lot de 12<\/p>\n","protected":false},"featured_media":106619,"comment_status":"open","ping_status":"closed","template":"","meta":[],"product_brand":[],"product_cat":[1297,1144,1106,1140],"product_tag":[],"class_list":{"0":"post-111684","1":"product","2":"type-product","3":"status-publish","4":"has-post-thumbnail","6":"product_cat-non-palettisable","7":"product_cat-pichets-isothermes","8":"product_cat-restaurant-bar-et-hotel","9":"product_cat-service-boissons","10":"product_shipping_class-free-shipping","12":"first","13":"outofstock","14":"featured","15":"taxable","16":"shipping-taxable","17":"purchasable","18":"product-type-simple"},"_links":{"self":[{"href":"https:\/\/abinox-chr-clim.com\/index.php\/wp-json\/wp\/v2\/product\/111684","targetHints":{"allow":["GET"]}}],"collection":[{"href":"https:\/\/abinox-chr-clim.com\/index.php\/wp-json\/wp\/v2\/product"}],"about":[{"href":"https:\/\/abinox-chr-clim.com\/index.php\/wp-json\/wp\/v2\/types\/product"}],"replies":[{"embeddable":true,"href":"https:\/\/abinox-chr-clim.com\/index.php\/wp-json\/wp\/v2\/comments?post=111684"}],"wp:featuredmedia":[{"embeddable":true,"href":"https:\/\/abinox-chr-clim.com\/index.php\/wp-json\/wp\/v2\/media\/106619"}],"wp:attachment":[{"href":"https:\/\/abinox-chr-clim.com\/index.php\/wp-json\/wp\/v2\/media?parent=111684"}],"wp:term":[{"taxonomy":"product_brand","embeddable":true,"href":"https:\/\/abinox-chr-clim.com\/index.php\/wp-json\/wp\/v2\/product_brand?post=111684"},{"taxonomy":"product_cat","embeddable":true,"href":"https:\/\/abinox-chr-clim.com\/index.php\/wp-json\/wp\/v2\/product_cat?post=111684"},{"taxonomy":"product_tag","embeddable":true,"href":"https:\/\/abinox-chr-clim.com\/index.php\/wp-json\/wp\/v2\/product_tag?post=111684"}],"curies":[{"name":"wp","href":"https:\/\/api.w.org\/{rel}","templated":true}]}}