{"id":111678,"date":"2025-05-29T12:48:23","date_gmt":"2025-05-29T10:48:23","guid":{"rendered":"https:\/\/abinox-chr-clim.com\/index.php\/product\/decapsuleur-inox-en-v-olympia\/"},"modified":"2026-04-24T11:15:11","modified_gmt":"2026-04-24T09:15:11","slug":"decapsuleur-inox-en-v-olympia","status":"publish","type":"product","link":"https:\/\/abinox-chr-clim.com\/index.php\/product\/decapsuleur-inox-en-v-olympia\/","title":{"rendered":"D\u00e9capsuleur inox en V Olympia"},"content":{"rendered":"<p>D\u00e9capsuleur en acier inoxydable.<br \/>\u2022 Poids 68g<br \/>\u2022 Permet une ouverture rapide et facile des bouteilles, r\u00e9duisant le temps de service<br \/>\u2022 Inclut un outil de retrait des verseurs r\u00e9calcitrants<br \/>\u2022 Double extr\u00e9mit\u00e9 pour une utilisation polyvalente<br \/>\u2022 Bords arrondis pour une prise en main confortable et une manipulation facile<br \/>\u2022 Convient pour ouvrir \u00e0 la fois les bi\u00e8res et les m\u00e9langes<\/p>\n<p><b><u>Caract\u00e9ristiques du produit :<\/u><\/b><br \/>\u2022 Dim. : 2(H) x 40(P) x 180(L)mm<br \/>\u2022 Mati\u00e8re : Inox<br \/>\u2022 Poids : 68 g.<\/p>\n","protected":false},"excerpt":{"rendered":"<p>180(L)x40(P)x2(H)mm. Mat\u00e9riau : Acier inoxydable<\/p>\n","protected":false},"featured_media":106309,"comment_status":"open","ping_status":"closed","template":"","meta":[],"product_brand":[],"product_cat":[1107,1108,1297,1106],"product_tag":[],"class_list":{"0":"post-111678","1":"product","2":"type-product","3":"status-publish","4":"has-post-thumbnail","6":"product_cat-accessoires-de-bar","7":"product_cat-accessoires-de-bar-accessoires-de-bar","8":"product_cat-non-palettisable","9":"product_cat-restaurant-bar-et-hotel","10":"product_shipping_class-free-shipping","12":"first","13":"instock","14":"featured","15":"taxable","16":"shipping-taxable","17":"purchasable","18":"product-type-simple"},"_links":{"self":[{"href":"https:\/\/abinox-chr-clim.com\/index.php\/wp-json\/wp\/v2\/product\/111678","targetHints":{"allow":["GET"]}}],"collection":[{"href":"https:\/\/abinox-chr-clim.com\/index.php\/wp-json\/wp\/v2\/product"}],"about":[{"href":"https:\/\/abinox-chr-clim.com\/index.php\/wp-json\/wp\/v2\/types\/product"}],"replies":[{"embeddable":true,"href":"https:\/\/abinox-chr-clim.com\/index.php\/wp-json\/wp\/v2\/comments?post=111678"}],"wp:featuredmedia":[{"embeddable":true,"href":"https:\/\/abinox-chr-clim.com\/index.php\/wp-json\/wp\/v2\/media\/106309"}],"wp:attachment":[{"href":"https:\/\/abinox-chr-clim.com\/index.php\/wp-json\/wp\/v2\/media?parent=111678"}],"wp:term":[{"taxonomy":"product_brand","embeddable":true,"href":"https:\/\/abinox-chr-clim.com\/index.php\/wp-json\/wp\/v2\/product_brand?post=111678"},{"taxonomy":"product_cat","embeddable":true,"href":"https:\/\/abinox-chr-clim.com\/index.php\/wp-json\/wp\/v2\/product_cat?post=111678"},{"taxonomy":"product_tag","embeddable":true,"href":"https:\/\/abinox-chr-clim.com\/index.php\/wp-json\/wp\/v2\/product_tag?post=111678"}],"curies":[{"name":"wp","href":"https:\/\/api.w.org\/{rel}","templated":true}]}}