{"id":111677,"date":"2025-05-29T12:48:21","date_gmt":"2025-05-29T10:48:21","guid":{"rendered":"https:\/\/abinox-chr-clim.com\/index.php\/product\/mesure-double-olympia-25-50ml\/"},"modified":"2026-01-12T09:32:33","modified_gmt":"2026-01-12T08:32:33","slug":"mesure-double-olympia-25-50ml","status":"publish","type":"product","link":"https:\/\/abinox-chr-clim.com\/index.php\/product\/mesure-double-olympia-25-50ml\/","title":{"rendered":"Mesure double Olympia 25\/50ml"},"content":{"rendered":"<p>R\u00e9alisez des mesures de shots coh\u00e9rentes \u00e0 chaque fois avec ce jigger en acier inoxydable de Olympia. Con\u00e7u avec une fonctionnalit\u00e9 double extr\u00e9mit\u00e9, le jigger vous permet de verser des shots simples pr\u00e9cis de 25 ml ou des doubles de 50 ml, garantissant que vos boissons sont pr\u00e9par\u00e9es de mani\u00e8re coh\u00e9rente pour satisfaire les pr\u00e9f\u00e9rences des clients. La forme unique d&rsquo;ampoule, avec son milieu plus \u00e9troit, offre un excellent contr\u00f4le et \u00e9quilibre, facilitant le passage entre les mesures.<\/p>\n<p>\u2022 Poids 75g<br \/>\u2022 Assure des mesures pr\u00e9cises de shots avec un design \u00e0 double extr\u00e9mit\u00e9<br \/>\u2022 Mesure des shots simples de 25ml et des doubles de 50ml<br \/>\u2022 La forme unique de la mesure offre un excellent contr\u00f4le et facilite l&rsquo;alternance<br \/>\u2022 Id\u00e9ale pour une pr\u00e9paration de boissons homog\u00e8nes et bien dos\u00e9es<br \/>\u2022 Convient au lave-vaisselle pour un nettoyage pratique<\/p>\n<p><b><u>Caract\u00e9ristiques du produit :<\/u><\/b><br \/>\u2022 Dim. : 49(\u00d8) x 78(H)mm.<\/p>\n","protected":false},"excerpt":{"rendered":"<p>Mesure 25ml et 50ml. Mat\u00e9riel: Acier Inoxydable<\/p>\n","protected":false},"featured_media":109180,"comment_status":"open","ping_status":"closed","template":"","meta":[],"product_brand":[],"product_cat":[1107,1297,1106,1112],"product_tag":[],"class_list":{"0":"post-111677","1":"product","2":"type-product","3":"status-publish","4":"has-post-thumbnail","6":"product_cat-accessoires-de-bar","7":"product_cat-non-palettisable","8":"product_cat-restaurant-bar-et-hotel","9":"product_cat-shakers-a-cocktails-et-doseurs-dalcool","10":"product_shipping_class-free-shipping","12":"first","13":"outofstock","14":"featured","15":"taxable","16":"shipping-taxable","17":"purchasable","18":"product-type-simple"},"_links":{"self":[{"href":"https:\/\/abinox-chr-clim.com\/index.php\/wp-json\/wp\/v2\/product\/111677","targetHints":{"allow":["GET"]}}],"collection":[{"href":"https:\/\/abinox-chr-clim.com\/index.php\/wp-json\/wp\/v2\/product"}],"about":[{"href":"https:\/\/abinox-chr-clim.com\/index.php\/wp-json\/wp\/v2\/types\/product"}],"replies":[{"embeddable":true,"href":"https:\/\/abinox-chr-clim.com\/index.php\/wp-json\/wp\/v2\/comments?post=111677"}],"wp:featuredmedia":[{"embeddable":true,"href":"https:\/\/abinox-chr-clim.com\/index.php\/wp-json\/wp\/v2\/media\/109180"}],"wp:attachment":[{"href":"https:\/\/abinox-chr-clim.com\/index.php\/wp-json\/wp\/v2\/media?parent=111677"}],"wp:term":[{"taxonomy":"product_brand","embeddable":true,"href":"https:\/\/abinox-chr-clim.com\/index.php\/wp-json\/wp\/v2\/product_brand?post=111677"},{"taxonomy":"product_cat","embeddable":true,"href":"https:\/\/abinox-chr-clim.com\/index.php\/wp-json\/wp\/v2\/product_cat?post=111677"},{"taxonomy":"product_tag","embeddable":true,"href":"https:\/\/abinox-chr-clim.com\/index.php\/wp-json\/wp\/v2\/product_tag?post=111677"}],"curies":[{"name":"wp","href":"https:\/\/api.w.org\/{rel}","templated":true}]}}