{"id":111676,"date":"2025-05-29T12:48:19","date_gmt":"2025-05-29T10:48:19","guid":{"rendered":"https:\/\/abinox-chr-clim.com\/index.php\/product\/mini-seau-a-glacons-en-acier-inoxydable-olympia\/"},"modified":"2025-11-20T14:36:23","modified_gmt":"2025-11-20T13:36:23","slug":"mini-seau-a-glacons-en-acier-inoxydable-olympia","status":"publish","type":"product","link":"https:\/\/abinox-chr-clim.com\/index.php\/product\/mini-seau-a-glacons-en-acier-inoxydable-olympia\/","title":{"rendered":"Mini seau \u00e0 gla\u00e7ons en acier inoxydable Olympia"},"content":{"rendered":"<p>Les mini-seaux \u00e0 glace cannel\u00e9s d&rsquo;Olympia sont fabriqu\u00e9s en acier inoxydable durable et offrent une capacit\u00e9 g\u00e9n\u00e9reuse pour garder les boissons fra\u00eeches. Deux poign\u00e9es robustes garantissent un transport facile, et leur conception compatible lave-vaisselle rend le nettoyage sans effort.<br \/>\u2022 Capacit\u00e9 1061ml<br \/>\u2022 Poids 203g<br \/>\u2022 Design \u00e9l\u00e9gant qui se d\u00e9marque sur n&rsquo;importe quelle table<br \/>\u2022 Deux poign\u00e9es solides pour un transport facile et confortable<br \/>\u2022 Garde les boissons fra\u00eeches et pr\u00eates \u00e0 servir<br \/>\u2022 Contribue \u00e0 r\u00e9duire les chocs et les renversements gr\u00e2ce \u00e0 une base solide<br \/>\u2022 Compatible avec le lave-vaisselle pour un nettoyage facile<\/p>\n<p><b><u>Caract\u00e9ristiques du produit :<\/u><\/b><br \/>\u2022 Capacit\u00e9 : 1061<br \/>\u2022 Dim. : 154(L) x 143(P) x 130(H)mm<br \/>\u2022 Mati\u00e8re : Inox<br \/>\u2022 Poids : 203 g.<\/p>\n","protected":false},"excerpt":{"rendered":"<p>1061ml. Mat\u00e9riau : Acier inoxydable<\/p>\n","protected":false},"featured_media":109179,"comment_status":"open","ping_status":"closed","template":"","meta":[],"product_brand":[],"product_cat":[1107,1297,1106,1111],"product_tag":[],"class_list":{"0":"post-111676","1":"product","2":"type-product","3":"status-publish","4":"has-post-thumbnail","6":"product_cat-accessoires-de-bar","7":"product_cat-non-palettisable","8":"product_cat-restaurant-bar-et-hotel","9":"product_cat-seaux-a-vin-et-champagne","10":"product_shipping_class-free-shipping","12":"first","13":"outofstock","14":"featured","15":"taxable","16":"shipping-taxable","17":"purchasable","18":"product-type-simple"},"_links":{"self":[{"href":"https:\/\/abinox-chr-clim.com\/index.php\/wp-json\/wp\/v2\/product\/111676","targetHints":{"allow":["GET"]}}],"collection":[{"href":"https:\/\/abinox-chr-clim.com\/index.php\/wp-json\/wp\/v2\/product"}],"about":[{"href":"https:\/\/abinox-chr-clim.com\/index.php\/wp-json\/wp\/v2\/types\/product"}],"replies":[{"embeddable":true,"href":"https:\/\/abinox-chr-clim.com\/index.php\/wp-json\/wp\/v2\/comments?post=111676"}],"wp:featuredmedia":[{"embeddable":true,"href":"https:\/\/abinox-chr-clim.com\/index.php\/wp-json\/wp\/v2\/media\/109179"}],"wp:attachment":[{"href":"https:\/\/abinox-chr-clim.com\/index.php\/wp-json\/wp\/v2\/media?parent=111676"}],"wp:term":[{"taxonomy":"product_brand","embeddable":true,"href":"https:\/\/abinox-chr-clim.com\/index.php\/wp-json\/wp\/v2\/product_brand?post=111676"},{"taxonomy":"product_cat","embeddable":true,"href":"https:\/\/abinox-chr-clim.com\/index.php\/wp-json\/wp\/v2\/product_cat?post=111676"},{"taxonomy":"product_tag","embeddable":true,"href":"https:\/\/abinox-chr-clim.com\/index.php\/wp-json\/wp\/v2\/product_tag?post=111676"}],"curies":[{"name":"wp","href":"https:\/\/api.w.org\/{rel}","templated":true}]}}