{"id":111666,"date":"2025-05-29T12:47:57","date_gmt":"2025-05-29T10:47:57","guid":{"rendered":"https:\/\/abinox-chr-clim.com\/index.php\/product\/verres-a-eau-double-paroi-utopia-ambre-27-cl-lot-de-6\/"},"modified":"2026-04-15T10:51:06","modified_gmt":"2026-04-15T08:51:06","slug":"verres-a-eau-double-paroi-utopia-ambre-27-cl-lot-de-6","status":"publish","type":"product","link":"https:\/\/abinox-chr-clim.com\/index.php\/product\/verres-a-eau-double-paroi-utopia-ambre-27-cl-lot-de-6\/","title":{"rendered":"Verres \u00e0 eau double paroi Utopia ambre 27 cl (lot de 6)"},"content":{"rendered":"<p>D\u00e9couvrez le raffinement \u00e9l\u00e9gant de notre verre \u00e0 eau \u00e0 double paroi ambre. Ce chef-d&rsquo;\u0153uvre de 270 ml de la collection de verres \u00e0 eau se distingue par un design \u00e0 double paroi unique pour une isolation am\u00e9lior\u00e9e, fabriqu\u00e9 en Borosilicate robuste pour une \u00e9l\u00e9gance durable. Parfait pour toutes les occasions, c&rsquo;est le choix id\u00e9al pour ceux qui appr\u00e9cient les belles choses de la vie<\/p>\n<p>\u2022 La conception \u00e0 double paroi maintient la chaleur ou le froid dans le verre<br \/>\u2022 Le verre color\u00e9 donne une ambiance au service<br \/>\u2022 Passe au lave-verres<\/p>\n<p><b><u>Caract\u00e9ristiques du produit :<\/u><\/b><br \/>\u2022 Lot : 6.0.<\/p>\n","protected":false},"excerpt":{"rendered":"<p>270ml. Ambre. Lot de 6<\/p>\n","protected":false},"featured_media":109175,"comment_status":"open","ping_status":"closed","template":"","meta":[],"product_brand":[],"product_cat":[1023,1058,1297,1051],"product_tag":[],"class_list":{"0":"post-111666","1":"product","2":"type-product","3":"status-publish","4":"has-post-thumbnail","6":"product_cat-art-de-la-table","7":"product_cat-divers-verrerie","8":"product_cat-non-palettisable","9":"product_cat-verrerie","10":"product_shipping_class-free-shipping","12":"first","13":"outofstock","14":"featured","15":"taxable","16":"shipping-taxable","17":"purchasable","18":"product-type-simple"},"_links":{"self":[{"href":"https:\/\/abinox-chr-clim.com\/index.php\/wp-json\/wp\/v2\/product\/111666","targetHints":{"allow":["GET"]}}],"collection":[{"href":"https:\/\/abinox-chr-clim.com\/index.php\/wp-json\/wp\/v2\/product"}],"about":[{"href":"https:\/\/abinox-chr-clim.com\/index.php\/wp-json\/wp\/v2\/types\/product"}],"replies":[{"embeddable":true,"href":"https:\/\/abinox-chr-clim.com\/index.php\/wp-json\/wp\/v2\/comments?post=111666"}],"wp:featuredmedia":[{"embeddable":true,"href":"https:\/\/abinox-chr-clim.com\/index.php\/wp-json\/wp\/v2\/media\/109175"}],"wp:attachment":[{"href":"https:\/\/abinox-chr-clim.com\/index.php\/wp-json\/wp\/v2\/media?parent=111666"}],"wp:term":[{"taxonomy":"product_brand","embeddable":true,"href":"https:\/\/abinox-chr-clim.com\/index.php\/wp-json\/wp\/v2\/product_brand?post=111666"},{"taxonomy":"product_cat","embeddable":true,"href":"https:\/\/abinox-chr-clim.com\/index.php\/wp-json\/wp\/v2\/product_cat?post=111666"},{"taxonomy":"product_tag","embeddable":true,"href":"https:\/\/abinox-chr-clim.com\/index.php\/wp-json\/wp\/v2\/product_tag?post=111666"}],"curies":[{"name":"wp","href":"https:\/\/api.w.org\/{rel}","templated":true}]}}