{"id":111663,"date":"2025-05-29T12:47:51","date_gmt":"2025-05-29T10:47:51","guid":{"rendered":"https:\/\/abinox-chr-clim.com\/index.php\/product\/verres-hauts-dante-utopia-rouges-39cl-lot-de-6\/"},"modified":"2026-04-15T10:51:04","modified_gmt":"2026-04-15T08:51:04","slug":"verres-hauts-dante-utopia-rouges-39cl-lot-de-6","status":"publish","type":"product","link":"https:\/\/abinox-chr-clim.com\/index.php\/product\/verres-hauts-dante-utopia-rouges-39cl-lot-de-6\/","title":{"rendered":"Verres hauts Dante Utopia rouges 39cl (lot de 6)"},"content":{"rendered":"<p>Dante Rouge est la gamme parfaite pour cr\u00e9er un look unique et vibrant qui se distingue vraiment de la foule. Cette collection fortement textur\u00e9e est id\u00e9ale pour servir une multitude de boissons, le choix parfait pour une pr\u00e9sentation de cocktails \u00e9l\u00e9gante dans tout point de vente \u00e0 la mode.<\/p>\n<p>\u2022 Verre de couleur rouge fonc\u00e9 pour ajouter un effet wow \u00e0 votre service<br \/>\u2022 Verre fabriqu\u00e9 \u00e0 la machine<br \/>\u2022 Passe au lave-verres<\/p>\n<p><b><u>Caract\u00e9ristiques du produit :<\/u><\/b><br \/>\u2022 Lot : 6.0.<\/p>\n","protected":false},"excerpt":{"rendered":"<p>390ml. Lot de 6<\/p>\n","protected":false},"featured_media":109174,"comment_status":"open","ping_status":"closed","template":"","meta":[],"product_brand":[],"product_cat":[1023,1297,1062,1051],"product_tag":[],"class_list":{"0":"post-111663","1":"product","2":"type-product","3":"status-publish","4":"has-post-thumbnail","6":"product_cat-art-de-la-table","7":"product_cat-non-palettisable","8":"product_cat-shooters-et-cocktails","9":"product_cat-verrerie","10":"product_shipping_class-free-shipping","12":"first","13":"outofstock","14":"featured","15":"taxable","16":"shipping-taxable","17":"purchasable","18":"product-type-simple"},"_links":{"self":[{"href":"https:\/\/abinox-chr-clim.com\/index.php\/wp-json\/wp\/v2\/product\/111663","targetHints":{"allow":["GET"]}}],"collection":[{"href":"https:\/\/abinox-chr-clim.com\/index.php\/wp-json\/wp\/v2\/product"}],"about":[{"href":"https:\/\/abinox-chr-clim.com\/index.php\/wp-json\/wp\/v2\/types\/product"}],"replies":[{"embeddable":true,"href":"https:\/\/abinox-chr-clim.com\/index.php\/wp-json\/wp\/v2\/comments?post=111663"}],"wp:featuredmedia":[{"embeddable":true,"href":"https:\/\/abinox-chr-clim.com\/index.php\/wp-json\/wp\/v2\/media\/109174"}],"wp:attachment":[{"href":"https:\/\/abinox-chr-clim.com\/index.php\/wp-json\/wp\/v2\/media?parent=111663"}],"wp:term":[{"taxonomy":"product_brand","embeddable":true,"href":"https:\/\/abinox-chr-clim.com\/index.php\/wp-json\/wp\/v2\/product_brand?post=111663"},{"taxonomy":"product_cat","embeddable":true,"href":"https:\/\/abinox-chr-clim.com\/index.php\/wp-json\/wp\/v2\/product_cat?post=111663"},{"taxonomy":"product_tag","embeddable":true,"href":"https:\/\/abinox-chr-clim.com\/index.php\/wp-json\/wp\/v2\/product_tag?post=111663"}],"curies":[{"name":"wp","href":"https:\/\/api.w.org\/{rel}","templated":true}]}}