{"id":111662,"date":"2025-05-29T12:47:49","date_gmt":"2025-05-29T10:47:49","guid":{"rendered":"https:\/\/abinox-chr-clim.com\/index.php\/product\/verres-a-whisky-eternal-utopia-34cl-lot-de-6\/"},"modified":"2026-04-15T10:51:02","modified_gmt":"2026-04-15T08:51:02","slug":"verres-a-whisky-eternal-utopia-34cl-lot-de-6","status":"publish","type":"product","link":"https:\/\/abinox-chr-clim.com\/index.php\/product\/verres-a-whisky-eternal-utopia-34cl-lot-de-6\/","title":{"rendered":"Verres \u00e0 whisky Eternal Utopia 34cl (lot de 6)"},"content":{"rendered":"<p>Des lignes verticales frappantes et des proportions g\u00e9n\u00e9reuses donnent \u00e0 cette gamme Eternal une texture et un impact visuel.<\/p>\n<p>\u2022 Verre cristal sans plomb<br \/>\u2022 Une gamme de trois pi\u00e8ces<br \/>\u2022 Passe au lave-verres<\/p>\n<p><b><u>Caract\u00e9ristiques du produit :<\/u><\/b><br \/>\u2022 Lot : 6.0.<\/p>\n","protected":false},"excerpt":{"rendered":"<p>340ml. Lot de 6<\/p>\n","protected":false},"featured_media":107266,"comment_status":"open","ping_status":"closed","template":"","meta":[],"product_brand":[],"product_cat":[1023,1297,1062,1051],"product_tag":[],"class_list":{"0":"post-111662","1":"product","2":"type-product","3":"status-publish","4":"has-post-thumbnail","6":"product_cat-art-de-la-table","7":"product_cat-non-palettisable","8":"product_cat-shooters-et-cocktails","9":"product_cat-verrerie","10":"product_shipping_class-free-shipping","12":"first","13":"outofstock","14":"featured","15":"taxable","16":"shipping-taxable","17":"purchasable","18":"product-type-simple"},"_links":{"self":[{"href":"https:\/\/abinox-chr-clim.com\/index.php\/wp-json\/wp\/v2\/product\/111662","targetHints":{"allow":["GET"]}}],"collection":[{"href":"https:\/\/abinox-chr-clim.com\/index.php\/wp-json\/wp\/v2\/product"}],"about":[{"href":"https:\/\/abinox-chr-clim.com\/index.php\/wp-json\/wp\/v2\/types\/product"}],"replies":[{"embeddable":true,"href":"https:\/\/abinox-chr-clim.com\/index.php\/wp-json\/wp\/v2\/comments?post=111662"}],"wp:featuredmedia":[{"embeddable":true,"href":"https:\/\/abinox-chr-clim.com\/index.php\/wp-json\/wp\/v2\/media\/107266"}],"wp:attachment":[{"href":"https:\/\/abinox-chr-clim.com\/index.php\/wp-json\/wp\/v2\/media?parent=111662"}],"wp:term":[{"taxonomy":"product_brand","embeddable":true,"href":"https:\/\/abinox-chr-clim.com\/index.php\/wp-json\/wp\/v2\/product_brand?post=111662"},{"taxonomy":"product_cat","embeddable":true,"href":"https:\/\/abinox-chr-clim.com\/index.php\/wp-json\/wp\/v2\/product_cat?post=111662"},{"taxonomy":"product_tag","embeddable":true,"href":"https:\/\/abinox-chr-clim.com\/index.php\/wp-json\/wp\/v2\/product_tag?post=111662"}],"curies":[{"name":"wp","href":"https:\/\/api.w.org\/{rel}","templated":true}]}}