{"id":111660,"date":"2025-05-29T12:47:45","date_gmt":"2025-05-29T10:47:45","guid":{"rendered":"https:\/\/abinox-chr-clim.com\/index.php\/product\/boite-distributrice-de-papier-aluminium-vogue-450mm-x-50m\/"},"modified":"2025-08-26T14:55:41","modified_gmt":"2025-08-26T12:55:41","slug":"boite-distributrice-de-papier-aluminium-vogue-450mm-x-50m","status":"publish","type":"product","link":"https:\/\/abinox-chr-clim.com\/index.php\/product\/boite-distributrice-de-papier-aluminium-vogue-450mm-x-50m\/","title":{"rendered":"Bo\u00eete distributrice de papier aluminium Vogue 450mm x 50m"},"content":{"rendered":"<p>Fourni dans un emballage en carton pratique et dot\u00e9 d&rsquo;un bord dentel\u00e9 pour faciliter la d\u00e9coupe, ce papier d&rsquo;aluminium r\u00e9sistant est indispensable \u00e0 toute cuisine. Id\u00e9ale pour emballer les portions ou les r\u00e9cipients avant et apr\u00e8s le service, elle permet de conserver les plats et les ingr\u00e9dients, de r\u00e9duire les d\u00e9chets et d&rsquo;\u00e9conomiser de l&rsquo;argent.<\/p>\n<p>\u2022 Longueur 50 m\u00e8tres<br \/>\u2022 Largeur 450mm<br \/>\u2022 Qualit\u00e9 professionnelle<\/p>\n<p><b><u>Caract\u00e9ristiques du produit :<\/u><\/b><br \/>\u2022 Dim. : 450<br \/>\u2022 Mati\u00e8re : Aluminium.<\/p>\n","protected":false},"excerpt":{"rendered":"<p>Longueur de 50m | Large de 450mm. Bo\u00eete distributrice avec cutter<\/p>\n","protected":false},"featured_media":109173,"comment_status":"open","ping_status":"closed","template":"","meta":[],"product_brand":[],"product_cat":[1277,1297],"product_tag":[],"class_list":{"0":"post-111660","1":"product","2":"type-product","3":"status-publish","4":"has-post-thumbnail","6":"product_cat-divers-principal","7":"product_cat-non-palettisable","8":"product_shipping_class-free-shipping","10":"first","11":"outofstock","12":"featured","13":"taxable","14":"shipping-taxable","15":"purchasable","16":"product-type-simple"},"_links":{"self":[{"href":"https:\/\/abinox-chr-clim.com\/index.php\/wp-json\/wp\/v2\/product\/111660","targetHints":{"allow":["GET"]}}],"collection":[{"href":"https:\/\/abinox-chr-clim.com\/index.php\/wp-json\/wp\/v2\/product"}],"about":[{"href":"https:\/\/abinox-chr-clim.com\/index.php\/wp-json\/wp\/v2\/types\/product"}],"replies":[{"embeddable":true,"href":"https:\/\/abinox-chr-clim.com\/index.php\/wp-json\/wp\/v2\/comments?post=111660"}],"wp:featuredmedia":[{"embeddable":true,"href":"https:\/\/abinox-chr-clim.com\/index.php\/wp-json\/wp\/v2\/media\/109173"}],"wp:attachment":[{"href":"https:\/\/abinox-chr-clim.com\/index.php\/wp-json\/wp\/v2\/media?parent=111660"}],"wp:term":[{"taxonomy":"product_brand","embeddable":true,"href":"https:\/\/abinox-chr-clim.com\/index.php\/wp-json\/wp\/v2\/product_brand?post=111660"},{"taxonomy":"product_cat","embeddable":true,"href":"https:\/\/abinox-chr-clim.com\/index.php\/wp-json\/wp\/v2\/product_cat?post=111660"},{"taxonomy":"product_tag","embeddable":true,"href":"https:\/\/abinox-chr-clim.com\/index.php\/wp-json\/wp\/v2\/product_tag?post=111660"}],"curies":[{"name":"wp","href":"https:\/\/api.w.org\/{rel}","templated":true}]}}