{"id":111658,"date":"2025-05-29T12:47:40","date_gmt":"2025-05-29T10:47:40","guid":{"rendered":"https:\/\/abinox-chr-clim.com\/index.php\/product\/plateau-rectangulaire-antiderapant-en-fibre-de-verre-olympia-kristallon-noir-455x655mm\/"},"modified":"2025-08-26T14:55:40","modified_gmt":"2025-08-26T12:55:40","slug":"plateau-rectangulaire-antiderapant-en-fibre-de-verre-olympia-kristallon-noir-455x655mm","status":"publish","type":"product","link":"https:\/\/abinox-chr-clim.com\/index.php\/product\/plateau-rectangulaire-antiderapant-en-fibre-de-verre-olympia-kristallon-noir-455x655mm\/","title":{"rendered":"Plateau rectangulaire antid\u00e9rapant en fibre de verre Olympia Kristallon noir 455x655mm"},"content":{"rendered":"<p>\u2022 La surface antid\u00e9rapante emp\u00eache la vaisselle et les verres mouill\u00e9s de glisser<br \/>\u2022 La construction en fibre de verre l\u00e9g\u00e8re est facile \u00e0 transporter<br \/>\u2022 Ne plie et ne fl\u00e9chit pas lors du transport de charges lourdes<br \/>\u2022 Plage de temp\u00e9rature de -40\u00b0C \u00e0 80\u00b0C<br \/>\u2022 Compatible lave-vaisselle pour un nettoyage facile<br \/>\u2022 Vendu \u00e0 l&rsquo;unit\u00e9<\/p>\n<p><b><u>Caract\u00e9ristiques du produit :<\/u><\/b><br \/>\u2022 Dim. : 655(L) x 455(P) x 27(H)mm.<\/p>\n","protected":false},"excerpt":{"rendered":"<p>655(L)x455(P)x27(H)mm. Mat\u00e9riau : Fibre de verre<\/p>\n","protected":false},"featured_media":106306,"comment_status":"open","ping_status":"closed","template":"","meta":[],"product_brand":[],"product_cat":[1114,1297,1119,1106],"product_tag":[],"class_list":{"0":"post-111658","1":"product","2":"type-product","3":"status-publish","4":"has-post-thumbnail","6":"product_cat-buffet","7":"product_cat-non-palettisable","8":"product_cat-presentation-buffet","9":"product_cat-restaurant-bar-et-hotel","10":"product_shipping_class-free-shipping","12":"first","13":"outofstock","14":"featured","15":"taxable","16":"shipping-taxable","17":"purchasable","18":"product-type-simple"},"_links":{"self":[{"href":"https:\/\/abinox-chr-clim.com\/index.php\/wp-json\/wp\/v2\/product\/111658","targetHints":{"allow":["GET"]}}],"collection":[{"href":"https:\/\/abinox-chr-clim.com\/index.php\/wp-json\/wp\/v2\/product"}],"about":[{"href":"https:\/\/abinox-chr-clim.com\/index.php\/wp-json\/wp\/v2\/types\/product"}],"replies":[{"embeddable":true,"href":"https:\/\/abinox-chr-clim.com\/index.php\/wp-json\/wp\/v2\/comments?post=111658"}],"wp:featuredmedia":[{"embeddable":true,"href":"https:\/\/abinox-chr-clim.com\/index.php\/wp-json\/wp\/v2\/media\/106306"}],"wp:attachment":[{"href":"https:\/\/abinox-chr-clim.com\/index.php\/wp-json\/wp\/v2\/media?parent=111658"}],"wp:term":[{"taxonomy":"product_brand","embeddable":true,"href":"https:\/\/abinox-chr-clim.com\/index.php\/wp-json\/wp\/v2\/product_brand?post=111658"},{"taxonomy":"product_cat","embeddable":true,"href":"https:\/\/abinox-chr-clim.com\/index.php\/wp-json\/wp\/v2\/product_cat?post=111658"},{"taxonomy":"product_tag","embeddable":true,"href":"https:\/\/abinox-chr-clim.com\/index.php\/wp-json\/wp\/v2\/product_tag?post=111658"}],"curies":[{"name":"wp","href":"https:\/\/api.w.org\/{rel}","templated":true}]}}